{"id":9209,"date":"2026-02-04T09:24:45","date_gmt":"2026-02-04T07:24:45","guid":{"rendered":"https:\/\/www.visittuusulanjarvi.fi\/?page_id=9209"},"modified":"2026-02-04T09:24:45","modified_gmt":"2026-02-04T07:24:45","slug":"aino-areena","status":"publish","type":"page","link":"https:\/\/www.visittuusulanjarvi.fi\/en\/events\/aino-areena\/","title":{"rendered":"Aino Areena"},"content":{"rendered":"<div class=\"wpb-content-wrapper\"><p>[vc_row row_height_percent=&#8221;43&#8243; back_image=&#8221;9204&#8243; overlay_alpha=&#8221;50&#8243; gutter_size=&#8221;3&#8243; column_width_percent=&#8221;100&#8243; shift_y=&#8221;0&#8243; z_index=&#8221;0&#8243; uncode_shortcode_id=&#8221;175341&#8243;][vc_column column_width_percent=&#8221;100&#8243; position_vertical=&#8221;middle&#8221; align_horizontal=&#8221;align_center&#8221; gutter_size=&#8221;3&#8243; style=&#8221;dark&#8221; overlay_alpha=&#8221;50&#8243; shift_x=&#8221;0&#8243; shift_y=&#8221;0&#8243; shift_y_down=&#8221;0&#8243; z_index=&#8221;0&#8243; medium_width=&#8221;0&#8243; mobile_width=&#8221;0&#8243; width=&#8221;1\/1&#8243;][vc_custom_heading text_size=&#8221;fontsize-155944&#8243; text_transform=&#8221;uppercase&#8221; uncode_shortcode_id=&#8221;134481&#8243;]Aino Areena[\/vc_custom_heading][\/vc_column][\/vc_row][vc_row unlock_row_content=&#8221;yes&#8221; row_height_percent=&#8221;0&#8243; override_padding=&#8221;yes&#8221; h_padding=&#8221;0&#8243; top_padding=&#8221;2&#8243; bottom_padding=&#8221;0&#8243; overlay_alpha=&#8221;80&#8243; equal_height=&#8221;yes&#8221; gutter_size=&#8221;4&#8243; column_width_percent=&#8221;100&#8243; shift_y=&#8221;0&#8243; z_index=&#8221;0&#8243; row_name=&#8221;intro&#8221;][vc_column column_width_percent=&#8221;100&#8243; align_horizontal=&#8221;align_center&#8221; gutter_size=&#8221;3&#8243; override_padding=&#8221;yes&#8221; column_padding=&#8221;3&#8243; style=&#8221;light&#8221; overlay_alpha=&#8221;50&#8243; shift_x=&#8221;0&#8243; shift_y=&#8221;0&#8243; shift_y_down=&#8221;0&#8243; z_index=&#8221;0&#8243; medium_width=&#8221;0&#8243; mobile_width=&#8221;0&#8243; width=&#8221;1\/1&#8243;][vc_custom_heading heading_semantic=&#8221;h6&#8243; text_size=&#8221;fontsize-160000&#8243; text_transform=&#8221;uppercase&#8221; text_space=&#8221;fontspace-135905&#8243; uncode_shortcode_id=&#8221;184321&#8243;]Events[\/vc_custom_heading][vc_custom_heading text_color=&#8221;accent&#8221; heading_semantic=&#8221;h3&#8243; text_size=&#8221;fontsize-155944&#8243; uncode_shortcode_id=&#8221;145533&#8243; text_color_type=&#8221;uncode-palette&#8221;]Aino Areena[\/vc_custom_heading][vc_column_text uncode_shortcode_id=&#8221;205715&#8243;]A VERSATILE EVENT ARENA IN J\u00c4RVENP\u00c4\u00c4<br \/>\nConcerts \u2013 Fairs \u2013 Meetings<\/p>\n<p data-start=\"116\" data-end=\"284\">Aino Areena is a modern and flexible event venue located near the centre of J\u00e4rvenp\u00e4\u00e4. It hosts concerts, sports events, fairs, celebrations, and corporate functions.<\/p>\n<p data-start=\"286\" data-end=\"538\">The arena\u2019s spacious facilities and high-quality services provide an excellent setting for both large public events and smaller meetings or private occasions. Aino Areena is active all year round \u2013 a hub for culture, events, and community gatherings.<\/p>\n<p data-start=\"540\" data-end=\"572\"><a href=\"https:\/\/ainoareena.fi\/tapahtumakalenteri\/\" target=\"_blank\" rel=\"noopener\">Aino Areena Event Calendar<\/a><\/p>\n<p data-start=\"574\" data-end=\"670\"><strong>Facebook:<\/strong> <a href=\"https:\/\/www.facebook.com\/ainoareena?locale=fi_FI\" target=\"_blank\" rel=\"noopener\">Aino Areena<\/a><br data-start=\"595\" data-end=\"598\" \/><strong>Address:<\/strong> <a href=\"https:\/\/www.google.com\/maps\/place\/\/data=!4m2!3m1!1s0x468e0164ad1f933d:0x8e2a0c89badbc660?sa=X&amp;ved=1t:8290&amp;ictx=111\" target=\"_blank\" rel=\"noopener\">Maamiehenkatu 14, 04400 J\u00e4rvenp\u00e4\u00e4<\/a><br data-start=\"640\" data-end=\"643\" \/><strong>Email:<\/strong> <a class=\"decorated-link cursor-pointer\" href=\"mailto:info@ainoareena.fi\" target=\"_blank\" rel=\"noopener\" data-start=\"650\" data-end=\"668\">info@ainoareena.fi<\/a><\/p>\n<p>[\/vc_column_text][\/vc_column][\/vc_row]<\/p>\n<\/div>","protected":false},"excerpt":{"rendered":"<p>[vc_row row_height_percent=&#8221;43&#8243; back_image=&#8221;9204&#8243; overlay_alpha=&#8221;50&#8243; gutter_size=&#8221;3&#8243; column_width_percent=&#8221;100&#8243; shift_y=&#8221;0&#8243; z_index=&#8221;0&#8243; uncode_shortcode_id=&#8221;175341&#8243;][vc_column column_width_percent=&#8221;100&#8243; position_vertical=&#8221;middle&#8221; align_horizontal=&#8221;align_center&#8221; gutter_size=&#8221;3&#8243; style=&#8221;dark&#8221; overlay_alpha=&#8221;50&#8243; shift_x=&#8221;0&#8243; shift_y=&#8221;0&#8243; shift_y_down=&#8221;0&#8243; z_index=&#8221;0&#8243; medium_width=&#8221;0&#8243; [&hellip;]<\/p>\n","protected":false},"author":7,"featured_media":9205,"parent":1709,"menu_order":0,"comment_status":"closed","ping_status":"closed","template":"","meta":{"om_disable_all_campaigns":false,"_monsterinsights_skip_tracking":false,"_monsterinsights_sitenote_active":false,"_monsterinsights_sitenote_note":"","_monsterinsights_sitenote_category":0,"_uf_show_specific_survey":0,"_uf_disable_surveys":false,"footnotes":""},"class_list":["post-9209","page","type-page","status-publish","has-post-thumbnail","hentry"],"aioseo_notices":[],"_links":{"self":[{"href":"https:\/\/www.visittuusulanjarvi.fi\/en\/wp-json\/wp\/v2\/pages\/9209","targetHints":{"allow":["GET"]}}],"collection":[{"href":"https:\/\/www.visittuusulanjarvi.fi\/en\/wp-json\/wp\/v2\/pages"}],"about":[{"href":"https:\/\/www.visittuusulanjarvi.fi\/en\/wp-json\/wp\/v2\/types\/page"}],"author":[{"embeddable":true,"href":"https:\/\/www.visittuusulanjarvi.fi\/en\/wp-json\/wp\/v2\/users\/7"}],"replies":[{"embeddable":true,"href":"https:\/\/www.visittuusulanjarvi.fi\/en\/wp-json\/wp\/v2\/comments?post=9209"}],"version-history":[{"count":1,"href":"https:\/\/www.visittuusulanjarvi.fi\/en\/wp-json\/wp\/v2\/pages\/9209\/revisions"}],"predecessor-version":[{"id":9210,"href":"https:\/\/www.visittuusulanjarvi.fi\/en\/wp-json\/wp\/v2\/pages\/9209\/revisions\/9210"}],"up":[{"embeddable":true,"href":"https:\/\/www.visittuusulanjarvi.fi\/en\/wp-json\/wp\/v2\/pages\/1709"}],"wp:featuredmedia":[{"embeddable":true,"href":"https:\/\/www.visittuusulanjarvi.fi\/en\/wp-json\/wp\/v2\/media\/9205"}],"wp:attachment":[{"href":"https:\/\/www.visittuusulanjarvi.fi\/en\/wp-json\/wp\/v2\/media?parent=9209"}],"curies":[{"name":"wp","href":"https:\/\/api.w.org\/{rel}","templated":true}]}}