{"id":8136,"date":"2025-07-01T17:23:22","date_gmt":"2025-07-01T14:23:22","guid":{"rendered":"https:\/\/www.visittuusulanjarvi.fi\/?page_id=8136"},"modified":"2025-07-01T17:36:37","modified_gmt":"2025-07-01T14:36:37","slug":"jarvenpaa-art-house","status":"publish","type":"page","link":"https:\/\/www.visittuusulanjarvi.fi\/en\/see-and-do\/jarvenpaa-art-house\/","title":{"rendered":"J\u00e4rvenp\u00e4\u00e4 Art House"},"content":{"rendered":"<div class=\"wpb-content-wrapper\"><p>[vc_row row_height_percent=&#8221;43&#8243; back_image=&#8221;8117&#8243; overlay_color=&#8221;color-jevc&#8221; overlay_alpha=&#8221;10&#8243; gutter_size=&#8221;3&#8243; column_width_percent=&#8221;100&#8243; shift_y=&#8221;0&#8243; z_index=&#8221;0&#8243; uncode_shortcode_id=&#8221;604202&#8243; overlay_color_type=&#8221;uncode-palette&#8221;][vc_column column_width_percent=&#8221;100&#8243; position_vertical=&#8221;middle&#8221; align_horizontal=&#8221;align_center&#8221; gutter_size=&#8221;3&#8243; style=&#8221;dark&#8221; overlay_alpha=&#8221;50&#8243; shift_x=&#8221;0&#8243; shift_y=&#8221;0&#8243; shift_y_down=&#8221;0&#8243; z_index=&#8221;0&#8243; medium_width=&#8221;0&#8243; mobile_width=&#8221;0&#8243; width=&#8221;1\/1&#8243;][vc_custom_heading text_size=&#8221;fontsize-155944&#8243; text_transform=&#8221;uppercase&#8221; uncode_shortcode_id=&#8221;628362&#8243;]J\u00e4rvenp\u00e4\u00e4 Art House[\/vc_custom_heading][\/vc_column][\/vc_row][vc_row row_height_percent=&#8221;0&#8243; override_padding=&#8221;yes&#8221; h_padding=&#8221;2&#8243; top_padding=&#8221;2&#8243; bottom_padding=&#8221;2&#8243; back_color=&#8221;color-412226&#8243; overlay_alpha=&#8221;50&#8243; gutter_size=&#8221;3&#8243; column_width_percent=&#8221;100&#8243; shift_y=&#8221;0&#8243; z_index=&#8221;0&#8243;][vc_column column_width_percent=&#8221;100&#8243; gutter_size=&#8221;3&#8243; style=&#8221;dark&#8221; overlay_alpha=&#8221;50&#8243; shift_x=&#8221;0&#8243; shift_y=&#8221;0&#8243; shift_y_down=&#8221;0&#8243; z_index=&#8221;0&#8243; medium_width=&#8221;0&#8243; mobile_width=&#8221;0&#8243; width=&#8221;1\/1&#8243;][vc_column_text text_lead=&#8221;yes&#8221; uncode_shortcode_id=&#8221;817706&#8243;]<strong>Address: <\/strong><a href=\"https:\/\/www.google.com\/maps\/place\/Myllytie+13a,+04410+J%C3%A4rvenp%C3%A4%C3%A4\/@60.4776746,25.0941028,536m\/data=!3m2!1e3!4b1!4m6!3m5!1s0x468e005d8068d0fd:0x4f10725e75e98654!8m2!3d60.477672!4d25.0966777!16s%2Fg%2F11dzq3757n?hl=fi&amp;entry=ttu&amp;g_ep=EgoyMDI1MDYyNi4wIKXMDSoASAFQAw%3D%3D\" target=\"_blank\" rel=\"noopener\">Myllytie 13 A, J\u00e4rvenp\u00e4\u00e4<\/a><br \/>\n<strong>Phone:<\/strong> +358 <span data-olk-copy-source=\"MessageBody\">40 021 3720 (during opening hours)<\/span><br \/>\n<strong>E-mail: <\/strong><a href=\"mailto:taidetalo.taideseura@gmail.com\">taidetalo.taideseura@gmail.com<\/a><br \/>\n<strong>Website: <\/strong><a href=\"https:\/\/jarvenpaantaideseura.fi\/\" target=\"_blank\" rel=\"noopener\">www.jarvenpaantaideseura.fi<\/a><u><\/u>[\/vc_column_text][\/vc_column][\/vc_row][vc_row unlock_row_content=&#8221;yes&#8221; row_height_percent=&#8221;0&#8243; override_padding=&#8221;yes&#8221; h_padding=&#8221;0&#8243; top_padding=&#8221;2&#8243; bottom_padding=&#8221;0&#8243; overlay_alpha=&#8221;80&#8243; equal_height=&#8221;yes&#8221; gutter_size=&#8221;4&#8243; column_width_percent=&#8221;100&#8243; shift_y=&#8221;0&#8243; z_index=&#8221;0&#8243; row_name=&#8221;intro&#8221;][vc_column column_width_percent=&#8221;100&#8243; align_horizontal=&#8221;align_center&#8221; gutter_size=&#8221;3&#8243; override_padding=&#8221;yes&#8221; column_padding=&#8221;3&#8243; style=&#8221;light&#8221; overlay_alpha=&#8221;50&#8243; shift_x=&#8221;0&#8243; shift_y=&#8221;0&#8243; shift_y_down=&#8221;0&#8243; z_index=&#8221;0&#8243; medium_width=&#8221;0&#8243; mobile_width=&#8221;0&#8243; width=&#8221;1\/1&#8243;][vc_custom_heading heading_semantic=&#8221;h6&#8243; text_size=&#8221;fontsize-160000&#8243; text_transform=&#8221;uppercase&#8221; text_space=&#8221;fontspace-135905&#8243; uncode_shortcode_id=&#8221;591231&#8243;]See and do[\/vc_custom_heading][vc_custom_heading text_color=&#8221;accent&#8221; heading_semantic=&#8221;h3&#8243; text_size=&#8221;fontsize-155944&#8243; uncode_shortcode_id=&#8221;169129&#8243; text_color_type=&#8221;uncode-palette&#8221;]J\u00e4rvenp\u00e4\u00e4 Art House[\/vc_custom_heading][vc_column_text uncode_shortcode_id=&#8221;154141&#8243;]<\/p>\n<p data-start=\"81\" data-end=\"471\">J\u00e4rvenp\u00e4\u00e4 Art Society (J\u00e4rvenp\u00e4\u00e4n Taideseura ry) is a community of both amateur and professional artists, founded in 1958. The society aims to foster and sustain the visual arts in the region by organizing exhibitions, educational programs and courses, competitions, and interdisciplinary art events. The association collaborates with various art organizations and other cultural operators.<\/p>\n<p data-start=\"473\" data-end=\"833\">The society\u2019s premises are located in the J\u00e4rvenp\u00e4\u00e4 Art House, a building that once served as the municipal doctor\u2019s office. In addition to exhibition spaces and artists\u2019 studios, the Art House also offers rentable facilities for printmaking and ceramics. The monthly changing exhibitions provide a refreshing overview of contemporary art and its creators.<\/p>\n<p data-start=\"835\" data-end=\"965\">J\u00e4rvenp\u00e4\u00e4 Art House actively shares information about upcoming events through the society\u2019s website and social media channels.<\/p>\n<p data-start=\"835\" data-end=\"965\"><span data-olk-copy-source=\"MessageBody\">***<\/span><\/p>\n<p data-start=\"972\" data-end=\"1036\"><strong data-start=\"972\" data-end=\"989\">Opening Hours<\/strong><br data-start=\"989\" data-end=\"992\" \/>Tue\u2013Fri: 2 PM \u2013 6 PM<br data-start=\"1012\" data-end=\"1015\" \/>Sat\u2013Sun: 11 AM \u2013 3 PM<\/p>\n<p data-start=\"1038\" data-end=\"1111\">The Art House is closed on Mondays. Admission to all exhibitions is free.<\/p>\n<p>[\/vc_column_text][\/vc_column][\/vc_row][vc_row][vc_column width=&#8221;1\/1&#8243;][vc_gallery el_id=&#8221;gallery-197687&#8243; medias=&#8221;8125,8123,8121,8119&#8243; gutter_size=&#8221;3&#8243; screen_lg=&#8221;1000&#8243; screen_md=&#8221;600&#8243; screen_sm=&#8221;480&#8243; single_overlay_opacity=&#8221;50&#8243; single_padding=&#8221;2&#8243; uncode_shortcode_id=&#8221;142138&#8243;][\/vc_column][\/vc_row]<\/p>\n<\/div>","protected":false},"excerpt":{"rendered":"<p>[vc_row row_height_percent=&#8221;43&#8243; back_image=&#8221;8117&#8243; overlay_color=&#8221;color-jevc&#8221; overlay_alpha=&#8221;10&#8243; gutter_size=&#8221;3&#8243; column_width_percent=&#8221;100&#8243; shift_y=&#8221;0&#8243; z_index=&#8221;0&#8243; uncode_shortcode_id=&#8221;604202&#8243; overlay_color_type=&#8221;uncode-palette&#8221;][vc_column column_width_percent=&#8221;100&#8243; position_vertical=&#8221;middle&#8221; align_horizontal=&#8221;align_center&#8221; gutter_size=&#8221;3&#8243; style=&#8221;dark&#8221; overlay_alpha=&#8221;50&#8243; shift_x=&#8221;0&#8243; shift_y=&#8221;0&#8243; shift_y_down=&#8221;0&#8243; [&hellip;]<\/p>\n","protected":false},"author":7,"featured_media":8118,"parent":1323,"menu_order":0,"comment_status":"closed","ping_status":"closed","template":"","meta":{"om_disable_all_campaigns":false,"_monsterinsights_skip_tracking":false,"_monsterinsights_sitenote_active":false,"_monsterinsights_sitenote_note":"","_monsterinsights_sitenote_category":0,"_uf_show_specific_survey":0,"_uf_disable_surveys":false,"footnotes":""},"class_list":["post-8136","page","type-page","status-publish","has-post-thumbnail","hentry"],"aioseo_notices":[],"_links":{"self":[{"href":"https:\/\/www.visittuusulanjarvi.fi\/en\/wp-json\/wp\/v2\/pages\/8136","targetHints":{"allow":["GET"]}}],"collection":[{"href":"https:\/\/www.visittuusulanjarvi.fi\/en\/wp-json\/wp\/v2\/pages"}],"about":[{"href":"https:\/\/www.visittuusulanjarvi.fi\/en\/wp-json\/wp\/v2\/types\/page"}],"author":[{"embeddable":true,"href":"https:\/\/www.visittuusulanjarvi.fi\/en\/wp-json\/wp\/v2\/users\/7"}],"replies":[{"embeddable":true,"href":"https:\/\/www.visittuusulanjarvi.fi\/en\/wp-json\/wp\/v2\/comments?post=8136"}],"version-history":[{"count":2,"href":"https:\/\/www.visittuusulanjarvi.fi\/en\/wp-json\/wp\/v2\/pages\/8136\/revisions"}],"predecessor-version":[{"id":8146,"href":"https:\/\/www.visittuusulanjarvi.fi\/en\/wp-json\/wp\/v2\/pages\/8136\/revisions\/8146"}],"up":[{"embeddable":true,"href":"https:\/\/www.visittuusulanjarvi.fi\/en\/wp-json\/wp\/v2\/pages\/1323"}],"wp:featuredmedia":[{"embeddable":true,"href":"https:\/\/www.visittuusulanjarvi.fi\/en\/wp-json\/wp\/v2\/media\/8118"}],"wp:attachment":[{"href":"https:\/\/www.visittuusulanjarvi.fi\/en\/wp-json\/wp\/v2\/media?parent=8136"}],"curies":[{"name":"wp","href":"https:\/\/api.w.org\/{rel}","templated":true}]}}