{"id":7997,"date":"2026-01-07T14:58:50","date_gmt":"2026-01-07T12:58:50","guid":{"rendered":"https:\/\/www.visittuusulanjarvi.fi\/?page_id=7997"},"modified":"2026-01-07T15:03:02","modified_gmt":"2026-01-07T13:03:02","slug":"jarvenpaa-art-museum","status":"publish","type":"page","link":"https:\/\/www.visittuusulanjarvi.fi\/en\/see-and-do\/jarvenpaa-art-museum\/","title":{"rendered":"J\u00e4rvenp\u00e4\u00e4 Art Museum"},"content":{"rendered":"<div class=\"wpb-content-wrapper\"><p>[vc_row row_height_percent=&#8221;43&#8243; back_image=&#8221;6489&#8243; overlay_alpha=&#8221;50&#8243; gutter_size=&#8221;3&#8243; column_width_percent=&#8221;100&#8243; shift_y=&#8221;0&#8243; z_index=&#8221;0&#8243; uncode_shortcode_id=&#8221;916192&#8243;][vc_column column_width_percent=&#8221;100&#8243; position_vertical=&#8221;middle&#8221; align_horizontal=&#8221;align_center&#8221; gutter_size=&#8221;3&#8243; style=&#8221;dark&#8221; overlay_alpha=&#8221;50&#8243; shift_x=&#8221;0&#8243; shift_y=&#8221;0&#8243; shift_y_down=&#8221;0&#8243; z_index=&#8221;0&#8243; medium_width=&#8221;0&#8243; mobile_width=&#8221;0&#8243; width=&#8221;1\/1&#8243;][vc_custom_heading text_size=&#8221;fontsize-155944&#8243; text_transform=&#8221;uppercase&#8221; uncode_shortcode_id=&#8221;857688&#8243;]J\u00e4rvenp\u00e4\u00e4 Art Museum[\/vc_custom_heading][\/vc_column][\/vc_row][vc_row row_height_percent=&#8221;0&#8243; override_padding=&#8221;yes&#8221; h_padding=&#8221;2&#8243; top_padding=&#8221;2&#8243; bottom_padding=&#8221;2&#8243; back_color=&#8221;color-412226&#8243; overlay_alpha=&#8221;50&#8243; gutter_size=&#8221;3&#8243; column_width_percent=&#8221;100&#8243; shift_y=&#8221;0&#8243; z_index=&#8221;0&#8243;][vc_column column_width_percent=&#8221;100&#8243; gutter_size=&#8221;3&#8243; style=&#8221;dark&#8221; overlay_alpha=&#8221;50&#8243; shift_x=&#8221;0&#8243; shift_y=&#8221;0&#8243; shift_y_down=&#8221;0&#8243; z_index=&#8221;0&#8243; medium_width=&#8221;0&#8243; mobile_width=&#8221;0&#8243; width=&#8221;1\/1&#8243;][vc_column_text text_lead=&#8221;yes&#8221; uncode_shortcode_id=&#8221;213074&#8243;]<strong>Address:<\/strong> <a href=\"https:\/\/maps.app.goo.gl\/HXRuqvf8E2ZbMCZVA\" target=\"_blank\" rel=\"noopener\">Kirjastokatu 8, J\u00e4rvenp\u00e4\u00e4<\/a><br \/>\n<strong>Phone:<\/strong> 040 315 3881<br \/>\n<strong>E-mail:<\/strong> <a href=\"mailto:taidemuseo@jarvenpaa.fi\">taidemuseo@jarvenpaa.fi<\/a><br \/>\n<strong>Website:<\/strong> <a href=\"http:\/\/www.jarvenpaantaidemuseo.fi\">www.jarvenpaantaidemuseo.fi<\/a>[\/vc_column_text][\/vc_column][\/vc_row][vc_row unlock_row_content=&#8221;yes&#8221; row_height_percent=&#8221;0&#8243; override_padding=&#8221;yes&#8221; h_padding=&#8221;0&#8243; top_padding=&#8221;2&#8243; bottom_padding=&#8221;0&#8243; overlay_alpha=&#8221;80&#8243; equal_height=&#8221;yes&#8221; gutter_size=&#8221;4&#8243; column_width_percent=&#8221;100&#8243; shift_y=&#8221;0&#8243; z_index=&#8221;0&#8243; row_name=&#8221;intro&#8221;][vc_column column_width_percent=&#8221;100&#8243; align_horizontal=&#8221;align_center&#8221; gutter_size=&#8221;3&#8243; override_padding=&#8221;yes&#8221; column_padding=&#8221;3&#8243; style=&#8221;light&#8221; overlay_alpha=&#8221;50&#8243; shift_x=&#8221;0&#8243; shift_y=&#8221;0&#8243; shift_y_down=&#8221;0&#8243; z_index=&#8221;0&#8243; medium_width=&#8221;0&#8243; mobile_width=&#8221;0&#8243; width=&#8221;1\/1&#8243;][vc_custom_heading heading_semantic=&#8221;h6&#8243; text_size=&#8221;fontsize-160000&#8243; text_transform=&#8221;uppercase&#8221; text_space=&#8221;fontspace-135905&#8243; uncode_shortcode_id=&#8221;941304&#8243;]See and do[\/vc_custom_heading][vc_custom_heading text_color=&#8221;accent&#8221; heading_semantic=&#8221;h3&#8243; text_size=&#8221;fontsize-155944&#8243; uncode_shortcode_id=&#8221;665578&#8243; text_color_type=&#8221;uncode-palette&#8221;]J\u00e4rvenp\u00e4\u00e4 Art Museum[\/vc_custom_heading][vc_column_text uncode_shortcode_id=&#8221;198054&#8243;]<\/p>\n<p data-start=\"30\" data-end=\"387\"><strong data-start=\"28\" data-end=\"72\">J\u00e4rvenp\u00e4\u00e4 Art Museum is closed in spring<\/strong><br data-start=\"72\" data-end=\"75\" \/>J\u00e4rvenp\u00e4\u00e4 Art Museum will be closed for the spring season from<strong> 5 January to 1 May 2026.<\/strong><\/p>\n<p data-start=\"30\" data-end=\"387\">J\u00e4rvenp\u00e4\u00e4 Art Museum holds Finland\u2019s most comprehensive collection of works by members of the Tuusula Lake artist community, Eero J\u00e4rnefelt (1863\u20131937) and Venny Soldan-Brofeldt (1863\u20131945). The 160th anniversary of both artists\u2019 births was celebrated in 2023, and J\u00e4rvenp\u00e4\u00e4 Art Museum has highlighted the artists in its permanent collection exhibition.<\/p>\n<p data-start=\"392\" data-end=\"673\">In the collection exhibition, the artists\u2019 works take visitors to Lake Tuusula, artists\u2019 homes, the seaside, Koli, and on journeys to St Petersburg and Paris. The public has participated in selecting the works by voting, and audience favourites are also included in the exhibition.<\/p>\n<p data-start=\"678\" data-end=\"876\">The museum offers a wide range of guided programmes for visitors of all ages, including lectures, guided tours, workshops, and themed days. Visitors can join a public guided tour on Sundays at 1 pm.<\/p>\n<p data-start=\"881\" data-end=\"1059\">J\u00e4rvenp\u00e4\u00e4 Art Museum is located in the immediate vicinity of J\u00e4rvenp\u00e4\u00e4 railway station and is open year-round. Art-themed souvenirs are available for purchase at the museum shop.<\/p>\n<p>[\/vc_column_text][\/vc_column][\/vc_row][vc_row unlock_row_content=&#8221;yes&#8221; row_height_percent=&#8221;0&#8243; override_padding=&#8221;yes&#8221; h_padding=&#8221;0&#8243; top_padding=&#8221;0&#8243; bottom_padding=&#8221;0&#8243; overlay_alpha=&#8221;50&#8243; gutter_size=&#8221;3&#8243; column_width_percent=&#8221;100&#8243; shift_y=&#8221;0&#8243; z_index=&#8221;0&#8243;][vc_column width=&#8221;1\/1&#8243;][vc_gallery el_id=&#8221;gallery-163297&#8243; type=&#8221;carousel&#8221; medias=&#8221;6487,6489,3409&#8243; carousel_lg=&#8221;1&#8243; carousel_md=&#8221;1&#8243; carousel_sm=&#8221;1&#8243; thumb_size=&#8221;sixteen-nine&#8221; gutter_size=&#8221;0&#8243; carousel_height=&#8221;equal&#8221; carousel_interval=&#8221;15000&#8243; carousel_navspeed=&#8221;400&#8243; carousel_loop=&#8221;yes&#8221; carousel_nav=&#8221;yes&#8221; stage_padding=&#8221;0&#8243; single_overlay_opacity=&#8221;50&#8243; single_padding=&#8221;2&#8243; uncode_shortcode_id=&#8221;113764&#8243;][\/vc_column][\/vc_row][vc_row unlock_row_content=&#8221;yes&#8221; row_height_percent=&#8221;0&#8243; override_padding=&#8221;yes&#8221; h_padding=&#8221;0&#8243; top_padding=&#8221;2&#8243; bottom_padding=&#8221;0&#8243; overlay_alpha=&#8221;50&#8243; equal_height=&#8221;yes&#8221; gutter_size=&#8221;0&#8243; column_width_percent=&#8221;100&#8243; shift_y=&#8221;0&#8243; z_index=&#8221;0&#8243; row_name=&#8221;kartta&#8221; uncode_shortcode_id=&#8221;197972&#8243;][vc_column column_width_percent=&#8221;100&#8243; position_vertical=&#8221;middle&#8221; gutter_size=&#8221;3&#8243; override_padding=&#8221;yes&#8221; column_padding=&#8221;3&#8243; style=&#8221;light&#8221; back_color=&#8221;color-lxmt&#8221; overlay_alpha=&#8221;50&#8243; shift_x=&#8221;0&#8243; shift_y=&#8221;0&#8243; shift_y_down=&#8221;0&#8243; z_index=&#8221;0&#8243; medium_width=&#8221;0&#8243; mobile_width=&#8221;0&#8243; width=&#8221;1\/2&#8243; mobile_height=&#8221;360&#8243;][vc_column_text uncode_shortcode_id=&#8221;188005&#8243;]<strong data-start=\"28\" data-end=\"51\">Admission fees 2026<\/strong><br data-start=\"51\" data-end=\"54\" \/>Adults \u20ac12<br data-start=\"64\" data-end=\"67\" \/>Pensioners \u20ac10<br data-start=\"81\" data-end=\"84\" \/>Children under 18 \u20ac0<br data-start=\"104\" data-end=\"107\" \/>Students, conscripts and civil service personnel, unemployed \u20ac6<br data-start=\"170\" data-end=\"173\" \/>Museum Card \u20ac86<br data-start=\"188\" data-end=\"191\" \/>Museum Card renewal \u20ac73<br data-start=\"214\" data-end=\"217\" \/>Museum Card accepted<img decoding=\"async\" class=\"alignnone wp-image-2806 \" src=\"https:\/\/www.visittuusulanjarvi.fi\/wp-content\/uploads\/2020\/09\/museokortti-edesta-e1599550982403.jpg\" alt=\"\" width=\"22\" height=\"14\" \/>[\/vc_column_text][\/vc_column][vc_column column_width_percent=&#8221;100&#8243; gutter_size=&#8221;3&#8243; override_padding=&#8221;yes&#8221; column_padding=&#8221;3&#8243; back_color=&#8221;color-lxmt&#8221; overlay_alpha=&#8221;50&#8243; shift_x=&#8221;0&#8243; shift_y=&#8221;0&#8243; shift_y_down=&#8221;0&#8243; z_index=&#8221;0&#8243; medium_width=&#8221;0&#8243; mobile_width=&#8221;0&#8243; width=&#8221;1\/2&#8243;][vc_column_text uncode_shortcode_id=&#8221;108090&#8243;]<\/p>\n<p data-start=\"28\" data-end=\"46\"><strong data-start=\"28\" data-end=\"46\">Opening hours:<\/strong><\/p>\n<p data-start=\"48\" data-end=\"120\">May\u2013September Tue\u2013Sun 10 am\u20135 pm<br data-start=\"80\" data-end=\"83\" \/>October\u2013December Wed\u2013Thu 10 am\u20135 pm<\/p>\n<p data-start=\"122\" data-end=\"203\" data-is-last-node=\"\" data-is-only-node=\"\">Please check for any exceptions to the opening hours on the art museum\u2019s website.<\/p>\n<p>[\/vc_column_text][\/vc_column][\/vc_row]<\/p>\n<\/div>","protected":false},"excerpt":{"rendered":"<p>[vc_row row_height_percent=&#8221;43&#8243; back_image=&#8221;6489&#8243; overlay_alpha=&#8221;50&#8243; gutter_size=&#8221;3&#8243; column_width_percent=&#8221;100&#8243; shift_y=&#8221;0&#8243; z_index=&#8221;0&#8243; uncode_shortcode_id=&#8221;916192&#8243;][vc_column column_width_percent=&#8221;100&#8243; position_vertical=&#8221;middle&#8221; align_horizontal=&#8221;align_center&#8221; gutter_size=&#8221;3&#8243; style=&#8221;dark&#8221; overlay_alpha=&#8221;50&#8243; shift_x=&#8221;0&#8243; shift_y=&#8221;0&#8243; shift_y_down=&#8221;0&#8243; z_index=&#8221;0&#8243; medium_width=&#8221;0&#8243; [&hellip;]<\/p>\n","protected":false},"author":7,"featured_media":3410,"parent":1323,"menu_order":0,"comment_status":"closed","ping_status":"closed","template":"","meta":{"om_disable_all_campaigns":false,"_monsterinsights_skip_tracking":false,"_monsterinsights_sitenote_active":false,"_monsterinsights_sitenote_note":"","_monsterinsights_sitenote_category":0,"_uf_show_specific_survey":0,"_uf_disable_surveys":false,"footnotes":""},"class_list":["post-7997","page","type-page","status-publish","has-post-thumbnail","hentry"],"aioseo_notices":[],"_links":{"self":[{"href":"https:\/\/www.visittuusulanjarvi.fi\/en\/wp-json\/wp\/v2\/pages\/7997","targetHints":{"allow":["GET"]}}],"collection":[{"href":"https:\/\/www.visittuusulanjarvi.fi\/en\/wp-json\/wp\/v2\/pages"}],"about":[{"href":"https:\/\/www.visittuusulanjarvi.fi\/en\/wp-json\/wp\/v2\/types\/page"}],"author":[{"embeddable":true,"href":"https:\/\/www.visittuusulanjarvi.fi\/en\/wp-json\/wp\/v2\/users\/7"}],"replies":[{"embeddable":true,"href":"https:\/\/www.visittuusulanjarvi.fi\/en\/wp-json\/wp\/v2\/comments?post=7997"}],"version-history":[{"count":3,"href":"https:\/\/www.visittuusulanjarvi.fi\/en\/wp-json\/wp\/v2\/pages\/7997\/revisions"}],"predecessor-version":[{"id":8462,"href":"https:\/\/www.visittuusulanjarvi.fi\/en\/wp-json\/wp\/v2\/pages\/7997\/revisions\/8462"}],"up":[{"embeddable":true,"href":"https:\/\/www.visittuusulanjarvi.fi\/en\/wp-json\/wp\/v2\/pages\/1323"}],"wp:featuredmedia":[{"embeddable":true,"href":"https:\/\/www.visittuusulanjarvi.fi\/en\/wp-json\/wp\/v2\/media\/3410"}],"wp:attachment":[{"href":"https:\/\/www.visittuusulanjarvi.fi\/en\/wp-json\/wp\/v2\/media?parent=7997"}],"curies":[{"name":"wp","href":"https:\/\/api.w.org\/{rel}","templated":true}]}}