{"id":7882,"date":"2025-05-15T14:36:16","date_gmt":"2025-05-15T11:36:16","guid":{"rendered":"https:\/\/www.visittuusulanjarvi.fi\/?page_id=7882"},"modified":"2025-07-04T14:12:04","modified_gmt":"2025-07-04T11:12:04","slug":"cafe-and-art-gallery-vellikello","status":"publish","type":"page","link":"https:\/\/www.visittuusulanjarvi.fi\/en\/eat-and-drink\/cafe-and-art-gallery-vellikello\/","title":{"rendered":"Caf\u00e9 and Art Gallery Vellikello"},"content":{"rendered":"<div class=\"wpb-content-wrapper\"><p>[vc_row row_height_percent=&#8221;43&#8243; back_image=&#8221;7862&#8243; overlay_alpha=&#8221;10&#8243; gutter_size=&#8221;3&#8243; column_width_percent=&#8221;100&#8243; shift_y=&#8221;0&#8243; z_index=&#8221;0&#8243; uncode_shortcode_id=&#8221;179644&#8243;][vc_column column_width_percent=&#8221;100&#8243; position_vertical=&#8221;middle&#8221; align_horizontal=&#8221;align_center&#8221; gutter_size=&#8221;3&#8243; style=&#8221;dark&#8221; overlay_alpha=&#8221;50&#8243; shift_x=&#8221;0&#8243; shift_y=&#8221;0&#8243; shift_y_down=&#8221;0&#8243; z_index=&#8221;0&#8243; medium_width=&#8221;0&#8243; mobile_width=&#8221;0&#8243; width=&#8221;1\/1&#8243; uncode_shortcode_id=&#8221;138156&#8243;][vc_custom_heading text_size=&#8221;fontsize-155944&#8243; text_transform=&#8221;uppercase&#8221; uncode_shortcode_id=&#8221;179344&#8243;]Caf\u00e9 and Art Gallery Vellikello[\/vc_custom_heading][\/vc_column][\/vc_row][vc_row row_height_percent=&#8221;0&#8243; override_padding=&#8221;yes&#8221; h_padding=&#8221;2&#8243; top_padding=&#8221;2&#8243; bottom_padding=&#8221;2&#8243; back_color=&#8221;color-466432&#8243; overlay_alpha=&#8221;50&#8243; gutter_size=&#8221;3&#8243; column_width_percent=&#8221;100&#8243; shift_y=&#8221;0&#8243; z_index=&#8221;0&#8243; uncode_shortcode_id=&#8221;708955&#8243; back_color_type=&#8221;uncode-palette&#8221;][vc_column column_width_percent=&#8221;100&#8243; gutter_size=&#8221;3&#8243; style=&#8221;dark&#8221; overlay_alpha=&#8221;50&#8243; shift_x=&#8221;0&#8243; shift_y=&#8221;0&#8243; shift_y_down=&#8221;0&#8243; z_index=&#8221;0&#8243; medium_width=&#8221;0&#8243; mobile_width=&#8221;0&#8243; width=&#8221;1\/1&#8243; uncode_shortcode_id=&#8221;173184&#8243;][vc_column_text text_lead=&#8221;yes&#8221; uncode_shortcode_id=&#8221;159000&#8243;]<strong>Address<\/strong>:\u00a0<a href=\"https:\/\/www.google.fi\/maps\/place\/Vellikello+kahvila+taidegalleria\/@60.4586662,25.0788666,536m\/data=!3m1!1e3!4m15!1m8!3m7!1s0x468e00777777d9bb:0xc185e16bcbe19a9f!2zU2liZWxpdWtzZW52w6R5bMOkIDUzLCAwNDQwMCBKw6RydmVucMOkw6Q!3b1!8m2!3d60.4586636!4d25.0837375!16s%2Fg%2F11q40lbww7!3m5!1s0x468e0077bd6f6ed5:0x63a66de38bf5698f!8m2!3d60.4596664!4d25.0845967!16s%2Fg%2F11c461y0q0?entry=ttu&amp;g_ep=EgoyMDI1MDUxMi4wIKXMDSoJLDEwMjExNDU1SAFQAw%3D%3D\" target=\"_blank\" rel=\"noopener\">Sibeliuksenv\u00e4yl\u00e4 53, J\u00e4rvenp\u00e4\u00e4<\/a><br \/>\n<strong>Phone: <\/strong>+358 <span aria-label=\"Soita numeroon 050 5123809\">50 512 3809<\/span><br \/>\n<strong>E-mail:<\/strong><a href=\"mailto:info@vellikello.fi\" target=\"_blank\" rel=\"noopener\">\u00a0info@vellikello.fi<\/a><br \/>\n<strong>Website:<\/strong>\u00a0<a href=\"https:\/\/www.facebook.com\/vellikello?locale=fi_FI\" target=\"_blank\" rel=\"noopener\">Vellikello (Facebook-sivu)<\/a>[\/vc_column_text][\/vc_column][\/vc_row][vc_row][vc_column column_width_percent=&#8221;100&#8243; align_horizontal=&#8221;align_center&#8221; gutter_size=&#8221;3&#8243; overlay_alpha=&#8221;50&#8243; shift_x=&#8221;0&#8243; shift_y=&#8221;0&#8243; shift_y_down=&#8221;0&#8243; z_index=&#8221;0&#8243; medium_width=&#8221;0&#8243; mobile_width=&#8221;0&#8243; width=&#8221;1\/1&#8243; uncode_shortcode_id=&#8221;162994&#8243;][vc_custom_heading heading_semantic=&#8221;h6&#8243; text_size=&#8221;fontsize-160000&#8243; text_transform=&#8221;uppercase&#8221; text_space=&#8221;fontspace-135905&#8243; uncode_shortcode_id=&#8221;738451&#8243;]Eat and drink[\/vc_custom_heading][vc_custom_heading text_color=&#8221;color-466432&#8243; heading_semantic=&#8221;h3&#8243; text_size=&#8221;fontsize-155944&#8243; uncode_shortcode_id=&#8221;156851&#8243; text_color_type=&#8221;uncode-palette&#8221;]Caf\u00e9 and Art Gallery Vellikello[\/vc_custom_heading][vc_column_text uncode_shortcode_id=&#8221;330086&#8243;]<\/p>\n<article class=\"text-token-text-primary w-full\" dir=\"auto\" data-testid=\"conversation-turn-4\" data-scroll-anchor=\"true\">\n<div class=\"text-base my-auto mx-auto py-5 [--thread-content-margin:--spacing(4)] @[37rem]:[--thread-content-margin:--spacing(6)] @[72rem]:[--thread-content-margin:--spacing(16)] px-(--thread-content-margin)\">\n<div class=\"[--thread-content-max-width:32rem] @[34rem]:[--thread-content-max-width:40rem] @[64rem]:[--thread-content-max-width:48rem] mx-auto flex max-w-(--thread-content-max-width) flex-1 text-base gap-4 md:gap-5 lg:gap-6 group\/turn-messages focus-visible:outline-hidden\" tabindex=\"-1\">\n<div class=\"group\/conversation-turn relative flex w-full min-w-0 flex-col agent-turn\">\n<div class=\"relative flex-col gap-1 md:gap-3\">\n<div class=\"flex max-w-full flex-col grow\">\n<div class=\"min-h-8 text-message relative flex w-full flex-col items-end gap-2 text-start break-words whitespace-normal [.text-message+&amp;]:mt-5\" dir=\"auto\" data-message-author-role=\"assistant\" data-message-id=\"bde34b6d-6b60-493b-a62a-e6b4cfb757c8\" data-message-model-slug=\"gpt-4o\">\n<div class=\"flex w-full flex-col gap-1 empty:hidden first:pt-[3px]\">\n<div class=\"markdown prose dark:prose-invert w-full break-words light\">\n<p data-start=\"0\" data-end=\"379\" data-is-last-node=\"\" data-is-only-node=\"\">Vellikello is a charming summer caf\u00e9 and art gallery located in J\u00e4rvenp\u00e4\u00e4, on the shores of Lake Tuusula. Housed in a historic 19th-century grain warehouse, it offers high-quality coffee, homemade pastries (including gluten-free options), and art exhibitions that change regularly. The caf\u00e9 is named after the traditional &#8220;vellikello&#8221; (gruel bell) still in operation on its roof.<\/p>\n<\/div>\n<\/div>\n<\/div>\n<\/div>\n<div class=\"mt-3 w-full empty:hidden\">\n<div class=\"text-center\"><\/div>\n<\/div>\n<\/div>\n<div class=\"absolute\">\n<div class=\"flex items-center justify-center\"><\/div>\n<\/div>\n<\/div>\n<\/div>\n<\/div>\n<\/article>\n<div class=\"pointer-events-none h-px w-px\" aria-hidden=\"true\" data-edge=\"true\"><\/div>\n<p>[\/vc_column_text][\/vc_column][\/vc_row][vc_row][vc_column width=&#8221;1\/1&#8243;][vc_gallery el_id=&#8221;gallery-178638&#8243; medias=&#8221;7868,7866&#8243; gutter_size=&#8221;3&#8243; screen_lg=&#8221;1000&#8243; screen_md=&#8221;600&#8243; screen_sm=&#8221;480&#8243; single_overlay_opacity=&#8221;50&#8243; single_padding=&#8221;2&#8243; uncode_shortcode_id=&#8221;191788&#8243;][\/vc_column][\/vc_row]<\/p>\n<\/div>","protected":false},"excerpt":{"rendered":"<p>[vc_row row_height_percent=&#8221;43&#8243; back_image=&#8221;7862&#8243; overlay_alpha=&#8221;10&#8243; gutter_size=&#8221;3&#8243; column_width_percent=&#8221;100&#8243; shift_y=&#8221;0&#8243; z_index=&#8221;0&#8243; uncode_shortcode_id=&#8221;179644&#8243;][vc_column column_width_percent=&#8221;100&#8243; position_vertical=&#8221;middle&#8221; align_horizontal=&#8221;align_center&#8221; gutter_size=&#8221;3&#8243; style=&#8221;dark&#8221; overlay_alpha=&#8221;50&#8243; shift_x=&#8221;0&#8243; shift_y=&#8221;0&#8243; shift_y_down=&#8221;0&#8243; z_index=&#8221;0&#8243; medium_width=&#8221;0&#8243; [&hellip;]<\/p>\n","protected":false},"author":7,"featured_media":7862,"parent":2074,"menu_order":0,"comment_status":"closed","ping_status":"closed","template":"","meta":{"om_disable_all_campaigns":false,"_monsterinsights_skip_tracking":false,"_monsterinsights_sitenote_active":false,"_monsterinsights_sitenote_note":"","_monsterinsights_sitenote_category":0,"_uf_show_specific_survey":0,"_uf_disable_surveys":false,"footnotes":""},"class_list":["post-7882","page","type-page","status-publish","has-post-thumbnail","hentry"],"aioseo_notices":[],"_links":{"self":[{"href":"https:\/\/www.visittuusulanjarvi.fi\/en\/wp-json\/wp\/v2\/pages\/7882","targetHints":{"allow":["GET"]}}],"collection":[{"href":"https:\/\/www.visittuusulanjarvi.fi\/en\/wp-json\/wp\/v2\/pages"}],"about":[{"href":"https:\/\/www.visittuusulanjarvi.fi\/en\/wp-json\/wp\/v2\/types\/page"}],"author":[{"embeddable":true,"href":"https:\/\/www.visittuusulanjarvi.fi\/en\/wp-json\/wp\/v2\/users\/7"}],"replies":[{"embeddable":true,"href":"https:\/\/www.visittuusulanjarvi.fi\/en\/wp-json\/wp\/v2\/comments?post=7882"}],"version-history":[{"count":5,"href":"https:\/\/www.visittuusulanjarvi.fi\/en\/wp-json\/wp\/v2\/pages\/7882\/revisions"}],"predecessor-version":[{"id":8188,"href":"https:\/\/www.visittuusulanjarvi.fi\/en\/wp-json\/wp\/v2\/pages\/7882\/revisions\/8188"}],"up":[{"embeddable":true,"href":"https:\/\/www.visittuusulanjarvi.fi\/en\/wp-json\/wp\/v2\/pages\/2074"}],"wp:featuredmedia":[{"embeddable":true,"href":"https:\/\/www.visittuusulanjarvi.fi\/en\/wp-json\/wp\/v2\/media\/7862"}],"wp:attachment":[{"href":"https:\/\/www.visittuusulanjarvi.fi\/en\/wp-json\/wp\/v2\/media?parent=7882"}],"curies":[{"name":"wp","href":"https:\/\/api.w.org\/{rel}","templated":true}]}}