{"id":2752,"date":"2020-07-31T10:33:38","date_gmt":"2020-07-31T10:33:38","guid":{"rendered":"http:\/\/www.visittuusulanjarvi.fi\/?page_id=2752"},"modified":"2026-03-19T10:05:45","modified_gmt":"2026-03-19T08:05:45","slug":"guide-48-hours-by-lake-tuusula","status":"publish","type":"page","link":"https:\/\/www.visittuusulanjarvi.fi\/en\/see-and-do\/things-to-do\/guide-48-hours-by-lake-tuusula\/","title":{"rendered":"Guide 48 hours by Lake Tuusula"},"content":{"rendered":"<div class=\"wpb-content-wrapper\"><p>[vc_row row_height_percent=&#8221;43&#8243; back_image=&#8221;1079&#8243; overlay_color=&#8221;color-jevc&#8221; overlay_alpha=&#8221;10&#8243; gutter_size=&#8221;3&#8243; column_width_percent=&#8221;100&#8243; shift_y=&#8221;0&#8243; z_index=&#8221;0&#8243;][vc_column column_width_percent=&#8221;100&#8243; position_vertical=&#8221;middle&#8221; align_horizontal=&#8221;align_center&#8221; gutter_size=&#8221;3&#8243; style=&#8221;dark&#8221; overlay_alpha=&#8221;50&#8243; shift_x=&#8221;0&#8243; shift_y=&#8221;0&#8243; shift_y_down=&#8221;0&#8243; z_index=&#8221;0&#8243; medium_width=&#8221;0&#8243; mobile_width=&#8221;0&#8243; width=&#8221;1\/1&#8243;][vc_custom_heading text_size=&#8221;fontsize-155944&#8243; text_transform=&#8221;uppercase&#8221;]Guide 48 hours by Lake Tuusula[\/vc_custom_heading][\/vc_column][\/vc_row][vc_row unlock_row_content=&#8221;yes&#8221; row_height_percent=&#8221;0&#8243; override_padding=&#8221;yes&#8221; h_padding=&#8221;0&#8243; top_padding=&#8221;2&#8243; bottom_padding=&#8221;0&#8243; overlay_alpha=&#8221;80&#8243; equal_height=&#8221;yes&#8221; gutter_size=&#8221;4&#8243; column_width_percent=&#8221;100&#8243; shift_y=&#8221;0&#8243; z_index=&#8221;0&#8243; row_name=&#8221;intro&#8221;][vc_column column_width_percent=&#8221;100&#8243; align_horizontal=&#8221;align_center&#8221; gutter_size=&#8221;3&#8243; override_padding=&#8221;yes&#8221; column_padding=&#8221;3&#8243; style=&#8221;light&#8221; overlay_alpha=&#8221;50&#8243; shift_x=&#8221;0&#8243; shift_y=&#8221;0&#8243; shift_y_down=&#8221;0&#8243; z_index=&#8221;0&#8243; medium_width=&#8221;0&#8243; mobile_width=&#8221;0&#8243; width=&#8221;1\/1&#8243;][vc_custom_heading heading_semantic=&#8221;h6&#8243; text_size=&#8221;fontsize-160000&#8243; text_transform=&#8221;uppercase&#8221; text_space=&#8221;fontspace-135905&#8243;]See and do[\/vc_custom_heading][vc_custom_heading text_color=&#8221;accent&#8221; heading_semantic=&#8221;h3&#8243; text_size=&#8221;fontsize-155944&#8243;]48 hours by Lake Tuusula (summer)[\/vc_custom_heading][vc_column_text uncode_shortcode_id=&#8221;207312&#8243;]<em>The must-see guide on what to do by Lake Tuusula (May-September)<\/em><\/p>\n<p class=\"ingress\">Welcome to experience Lake Tuusula &#8211; both artist community and lovely outdoors.\u00a0Whether you prefer to walk, cycle or drive, this itinerary will keep you busy from dawn till dusk for two full days!<\/p>\n<p>[\/vc_column_text][vc_separator sep_color=&#8221;accent&#8221; el_width=&#8221;400px&#8221;][\/vc_column][\/vc_row][vc_row unlock_row_content=&#8221;yes&#8221; row_height_percent=&#8221;0&#8243; override_padding=&#8221;yes&#8221; h_padding=&#8221;0&#8243; top_padding=&#8221;0&#8243; bottom_padding=&#8221;0&#8243; overlay_alpha=&#8221;80&#8243; equal_height=&#8221;yes&#8221; gutter_size=&#8221;4&#8243; column_width_percent=&#8221;100&#8243; shift_y=&#8221;0&#8243; z_index=&#8221;0&#8243; row_name=&#8221;intro&#8221;][vc_column column_width_percent=&#8221;100&#8243; align_horizontal=&#8221;align_center&#8221; gutter_size=&#8221;3&#8243; override_padding=&#8221;yes&#8221; column_padding=&#8221;3&#8243; style=&#8221;light&#8221; overlay_alpha=&#8221;50&#8243; shift_x=&#8221;0&#8243; shift_y=&#8221;0&#8243; shift_y_down=&#8221;0&#8243; z_index=&#8221;0&#8243; medium_width=&#8221;0&#8243; mobile_width=&#8221;0&#8243; width=&#8221;1\/1&#8243;][vc_custom_heading text_color=&#8221;accent&#8221; heading_semantic=&#8221;h3&#8243;]DAY 1: THE LAKE TUUSULA ARTIST COMMUNITY[\/vc_custom_heading][vc_column_text uncode_shortcode_id=&#8221;147438&#8243;]<\/p>\n<h4>Day 1: morning<\/h4>\n<p>Rise and shine \u2013 you have a busy day ahead of you! If you are staying in a hotel, we recommend you borrow a bicycle, as it is the easiest and \u2018most fun\u2019 transportation option! Make your way to Ainola, and stop en route to admire the lake.<\/p>\n<p><strong>AINOLA &#8211; JEAN AND AINO SIBELIUS HOME<\/strong><br \/>\nAinola was the home of world-renowned composer Jean Sibelius and his family from 1904. This timber-built villa was designed by the famed Finnish architect, Lars Sonck. Its distance from the hustle and bustle of the nation\u2019s capital gave the composer the peace and quiet he needed for his creative endeavours, while other artistic families living in the neighbourhood provided a lively social circle. Today, Ainola is an authentic home museum and open to the public during the summer (Tue \u2013 Sun 10 am \u2013 5 pm).<\/p>\n<p>Address: <strong><em><a href=\"https:\/\/maps.app.goo.gl\/DwUHknHemWenrzFE7\" target=\"_blank\" rel=\"noopener\">Ainolankatu 1, J\u00e4rvenp\u00e4\u00e4<\/a><\/em><\/strong><br \/>\nTelephone: +358 9 287 322 (only during the opening hours)<br \/>\nWebsite: <a href=\"http:\/\/www.ainola.fi\">www.ainola.fi<\/a>[\/vc_column_text][vc_single_image media=&#8221;969&#8243; media_width_percent=&#8221;100&#8243; media_ratio=&#8221;sixteen-nine&#8221; alignment=&#8221;center&#8221; uncode_shortcode_id=&#8221;108261&#8243;][vc_column_text uncode_shortcode_id=&#8221;165151&#8243;]<\/p>\n<h4>Lunch \u00a0\/ CAF\u00c9S AND LUNCH RESTAURANTS<\/h4>\n<p><strong><br \/>\nCAF\u00c9 VELLIKELLO<\/strong><br \/>\nAtmospheric summer caf\u00e9 Vellikello is located in an old, beautiful granary near Ainola (10 minutes walk). It sells home-baked cakes, pastries and pies-<\/p>\n<p>Address: <strong><em><a href=\"https:\/\/maps.app.goo.gl\/swNbamSngEshTqkL6\" target=\"_blank\" rel=\"noopener\">Sibeliuksenv\u00e4yl\u00e4 53, J\u00e4rvenp\u00e4\u00e4<\/a><\/em><\/strong><br \/>\nWebsite: <a href=\"https:\/\/www.facebook.com\/vellikello\/\" target=\"_blank\" rel=\"noopener noreferrer\">https:\/\/www.facebook.com\/vellikello\/<\/a>[\/vc_column_text][vc_single_image media=&#8221;2755&#8243; media_width_percent=&#8221;100&#8243; media_ratio=&#8221;sixteen-nine&#8221; alignment=&#8221;center&#8221; uncode_shortcode_id=&#8221;626880&#8243;][vc_column_text uncode_shortcode_id=&#8221;169996&#8243;]<strong>KALLIO-KUNINKALA SUMMER CAF\u00c9<br \/>\n<\/strong>Organic summer caf\u00e9 serves light lunches, pastries and cakes in atmospheric manor-like surroundigs. Distance from Ainola appr. 1,3 km &amp; 15 minutes&#8217; walk.<br \/>\nNote: open only in July &#8211; check the opening hours!<\/p>\n<p>Address: <em><strong><a href=\"https:\/\/maps.app.goo.gl\/pCHeqWEMyymBWwi88\" target=\"_blank\" rel=\"noopener\">Ristinummentie 6, J\u00e4rvenp\u00e4\u00e4<\/a><\/strong><\/em><br \/>\nTelephone: +358 40 563 7748<br \/>\nWebsite: <a href=\"http:\/\/www.kuninkala.fi\" target=\"_blank\" rel=\"noopener noreferrer\">www.kuninkala.fi<\/a>[\/vc_column_text][vc_single_image media=&#8221;2758&#8243; media_width_percent=&#8221;100&#8243; media_ratio=&#8221;sixteen-nine&#8221; alignment=&#8221;center&#8221; uncode_shortcode_id=&#8221;508083&#8243;][vc_column_text uncode_shortcode_id=&#8221;200884&#8243;]<strong>RESTAURANT MANKELI<\/strong><br \/>\nSummer restaurant Mankeli is located in Krapi Farm right at the beginning of the Rantatie museum road. Though simple, the food is delicious and matched to the seasons. Eat inside or sit on the terrace.<\/p>\n<p>Addres: <em><strong><a href=\"https:\/\/maps.app.goo.gl\/XC6ARAfu56bQTm9E9\" target=\"_blank\" rel=\"noopener\">Rantatie 2, Tuusula<\/a><\/strong><\/em><br \/>\nTelephone: +358 9 274 841<br \/>\nEmail: myynti(at)krapi.fi<br \/>\nWebsite:\u00a0<a href=\"https:\/\/krapi.fi\/en\/\" target=\"_blank\" rel=\"noopener noreferrer\"><em>www.krapi.fi<\/em><\/a>[\/vc_column_text][vc_single_image media=&#8221;1116&#8243; media_width_percent=&#8221;100&#8243; media_ratio=&#8221;sixteen-nine&#8221; alignment=&#8221;center&#8221; uncode_shortcode_id=&#8221;640434&#8243;][vc_column_text uncode_shortcode_id=&#8221;216063&#8243;]<\/p>\n<h4>AFTERNOON<\/h4>\n<p><strong><br \/>\nHALOSENNIEMI MUSEUM<br \/>\n<\/strong>The national, romantic-style log studio of the painter, Pekka Halonen was built at the turn of the 20th century on the shores of Lake Tuusula. Pekka Halonen was one of the most beloved artists of the \u2018Golden Era\u2019 of Finnish art, and he belonged to the versatile artist community of Lake Tuusula. Halosenniemi is now an art museum and it features the works of Halonen and other exhibitions showcasing works of his contemporaries and later generations. (Mon-Sun 11 am \u2013 6 pm).<\/p>\n<p>Address: <a href=\"https:\/\/maps.app.goo.gl\/2zuArdh6VqdynKFj6\" target=\"_blank\" rel=\"noopener\">Halosenniementie 4-6, Tuusula<\/a><br \/>\nTelephone: +358 9 8718 3466<br \/>\nWebsite: <a href=\"http:\/\/www.halosenniemi.fi\" target=\"_blank\" rel=\"noopener noreferrer\">www.halosenniemi.fi<\/a>[\/vc_column_text][vc_single_image media=&#8221;2760&#8243; media_width_percent=&#8221;100&#8243; media_ratio=&#8221;sixteen-nine&#8221; alignment=&#8221;center&#8221; uncode_shortcode_id=&#8221;171765&#8243;][vc_column_text uncode_shortcode_id=&#8221;293498&#8243;]<strong>ALEKSIS KIVI MEMORIAL COTTAGE<\/strong><br \/>\nThis is a tiny cottage and it reminds us of how Rantatie looked before famous villas were built and the artist community began to grow. The Finnish national writer, Aleksis Kivi spent his last months in the care of his brother\u2019s family here.<\/p>\n<p>Address: <strong><em><a href=\"https:\/\/maps.app.goo.gl\/8R4R7rtnYs1RYmA89\" target=\"_blank\" rel=\"noopener\">Rantatie 24, Tuusula<\/a><\/em><\/strong><br \/>\nTelephone: +358 9 8718 3465, +358 9 8718 3469[\/vc_column_text][vc_single_image media=&#8221;1023&#8243; media_width_percent=&#8221;100&#8243; media_ratio=&#8221;sixteen-nine&#8221; alignment=&#8221;center&#8221; uncode_shortcode_id=&#8221;535594&#8243;][vc_column_text]<strong>FJ\u00c4LLBO PARK<\/strong><br \/>\nTime for a relaxing stroll in Fj\u00e4llbo Park close to Aleksis Kivi Memorial Cottage. Admire the views over the lake, and dip your toes in the water. This is the perfect place to reflect on the historical sights you\u2019ve seen today. You can also dip your toes into the lake from the new stylish pier.<\/p>\n<p>Address: Aleksis Kiven kuja, Tuusula, <a href=\"https:\/\/goo.gl\/maps\/jKNzVvcjjB1uavJN6\" target=\"_blank\" rel=\"noopener noreferrer\">map<\/a>[\/vc_column_text][vc_single_image media=&#8221;1401&#8243; media_width_percent=&#8221;100&#8243; media_ratio=&#8221;sixteen-nine&#8221; alignment=&#8221;center&#8221; uncode_shortcode_id=&#8221;104514&#8243;][vc_single_image media=&#8221;2762&#8243; media_width_percent=&#8221;100&#8243; media_ratio=&#8221;sixteen-nine&#8221; alignment=&#8221;center&#8221; uncode_shortcode_id=&#8221;177269&#8243;][vc_column_text uncode_shortcode_id=&#8221;813366&#8243;]<\/p>\n<h4>Evening<\/h4>\n<p><strong>RESTAURANT KRAPIHOVI<\/strong><br \/>\nChoose a Finnish dinner buffet or from the \u00e1 la Carte menu and take in the lovely manor-like setting of this old farmhouse. Fresh Finnish ingredients will convey the culinary story of Finland. Krapihovi has its own cure house and bakery on-premises.<\/p>\n<p>Address: <em><strong><a href=\"https:\/\/maps.app.goo.gl\/Cd5tAG1BNQD8o5y66\" target=\"_blank\" rel=\"noopener\">Rantatie 2, Tuusula<\/a><\/strong><\/em><br \/>\nTelephone: +358 9 274 841<br \/>\nEmail: myynti(at)krapi.fi<br \/>\nWebsite: <a href=\"https:\/\/krapi.fi\/en\/\" target=\"_blank\" rel=\"noopener noreferrer\"><em>www.krapi.fi<\/em><\/a>[\/vc_column_text][vc_single_image media=&#8221;1115&#8243; media_width_percent=&#8221;100&#8243; media_ratio=&#8221;sixteen-nine&#8221; alignment=&#8221;center&#8221; uncode_shortcode_id=&#8221;212539&#8243;][vc_column_text uncode_shortcode_id=&#8221;938696&#8243;]<\/p>\n<h4>Later on<\/h4>\n<p><strong>KRAPIN PAJA<\/strong><br \/>\nKrapin Paja is popular music and event-based venue, located in Krapi Yard. Club evenings offer a variety of music whereas theatre and art events take place regularly: the perfect place to finish off your day amongst the locals!<\/p>\n<p>Addres: <em><strong><a href=\"https:\/\/maps.app.goo.gl\/Cd5tAG1BNQD8o5y66\" target=\"_blank\" rel=\"noopener\">Rantatie 2, Tuusula<\/a><\/strong><\/em><br \/>\nTelephone: +358 9 274841<br \/>\nEmail: myynti(at)krapi.fi<br \/>\nWebsite: <a href=\"http:\/\/krapinpaja.fi\/\" target=\"_blank\" rel=\"noopener noreferrer\"><em>www.krapinpaja.fi<\/em><\/a>[\/vc_column_text][vc_single_image media=&#8221;1042&#8243; media_width_percent=&#8221;100&#8243; media_ratio=&#8221;sixteen-nine&#8221; alignment=&#8221;center&#8221; uncode_shortcode_id=&#8221;361259&#8243;][vc_separator sep_color=&#8221;accent&#8221; el_width=&#8221;400px&#8221;][\/vc_column][\/vc_row][vc_row unlock_row_content=&#8221;yes&#8221; row_height_percent=&#8221;0&#8243; override_padding=&#8221;yes&#8221; h_padding=&#8221;0&#8243; top_padding=&#8221;0&#8243; bottom_padding=&#8221;0&#8243; overlay_alpha=&#8221;80&#8243; equal_height=&#8221;yes&#8221; gutter_size=&#8221;4&#8243; column_width_percent=&#8221;100&#8243; shift_y=&#8221;0&#8243; z_index=&#8221;0&#8243; row_name=&#8221;intro&#8221;][vc_column column_width_percent=&#8221;100&#8243; align_horizontal=&#8221;align_center&#8221; gutter_size=&#8221;3&#8243; override_padding=&#8221;yes&#8221; column_padding=&#8221;3&#8243; style=&#8221;light&#8221; overlay_alpha=&#8221;50&#8243; shift_x=&#8221;0&#8243; shift_y=&#8221;0&#8243; shift_y_down=&#8221;0&#8243; z_index=&#8221;0&#8243; medium_width=&#8221;0&#8243; mobile_width=&#8221;0&#8243; width=&#8221;1\/1&#8243;][vc_custom_heading text_color=&#8221;accent&#8221; heading_semantic=&#8221;h3&#8243;]DAY 2: THE GREAT OUTDOORS[\/vc_custom_heading][vc_column_text uncode_shortcode_id=&#8221;111097&#8243;]<\/p>\n<h4>DAY 2: MORNING<\/h4>\n<p><strong>SARVIKALLIO<\/strong><br \/>\n<em><strong><a href=\"https:\/\/maps.app.goo.gl\/weYYgSyaHY9rNsze8\" target=\"_blank\" rel=\"noopener\">Sarvikallio recreational area<\/a><\/strong><\/em> is located on the west shore of Lake Tuusula, and it can easily be reached by Lake Tuusula bus, bicycle &#8211; or by rowing boat (rental rowing boats are available from <a href=\"https:\/\/www.visittuusulanjarvi.fi\/en\/accommodation\/gustavelund\">Hotel Gustavelund<\/a> and <a href=\"https:\/\/www.visittuusulanjarvi.fi\/en\/see-and-do\/culture-and-museums\/halosenniemi-museum\">Halosenniemi Museum<\/a>). Rising 25 m above its surface, the Sarvikallio cliff is the highest point along the shores of Lake Tuusula. You can either walk or cycle a circular 3.4 km long route, which takes you to a scenic lookout point &amp; campfire site through woodland, lush groves and old forest landscape.\u00a0The route begins and ends in the parking area.[\/vc_column_text][vc_single_image media=&#8221;2769&#8243; media_width_percent=&#8221;100&#8243; media_ratio=&#8221;sixteen-nine&#8221; alignment=&#8221;center&#8221; uncode_shortcode_id=&#8221;137494&#8243;][vc_column_text uncode_shortcode_id=&#8221;656803&#8243;]<\/p>\n<h4>LUNCH<\/h4>\n<p><strong>H\u00c4RM\u00c4N RATI<\/strong><br \/>\nIf you didn&#8217;t have packed lunch, by now you are likely to have a healthy appetite. The nearest restaurant H\u00e4rm\u00e4n Rati can easily be reached by a bicycle or car. Some may even be tempted to hike there as the distance from Sarvikallio is 5,3 km. \u00a0Award winning organic lunch restaurant H\u00e4rm\u00e4n Rati serves reasonably priced traditional Finnish food made from locally produced ingredients.<\/p>\n<p>Address:<em><strong><a href=\"https:\/\/maps.app.goo.gl\/kMCCTNpN7FM6BiuD7\" target=\"_blank\" rel=\"noopener\"> V\u00e4h\u00e4j\u00e4rvenkatu 1a, J\u00e4rvenp\u00e4\u00e4<\/a><\/strong><\/em><br \/>\nTelephone: +358 45 1064964<br \/>\nEmail: info(at) harmanrati.fi<br \/>\nWebsite: <a href=\"http:\/\/www.harmanrati.fi\">www.harmanrati.fi<\/a>[\/vc_column_text][vc_single_image media=&#8221;991&#8243; media_width_percent=&#8221;100&#8243; media_ratio=&#8221;sixteen-nine&#8221; alignment=&#8221;center&#8221; uncode_shortcode_id=&#8221;978513&#8243;][vc_column_text uncode_shortcode_id=&#8221;824204&#8243;]<\/p>\n<h4>AFTERNOON<\/h4>\n<p>Now it&#8217;s time to get closer to Lake Tuusula. You can rent SUP (Stand Up Paddle) boards, kayaks and rowing boats by Hotel Gustavelund&#8217;s pier. Sightseeing cruises are also available for groups up to 12 people by pre-booking.<\/p>\n<p>Address: <em><strong><a href=\"https:\/\/maps.app.goo.gl\/wnn4qTinjRtU6bg29\" target=\"_blank\" rel=\"noopener\">Kirkkotie 36, Tuusula<\/a><\/strong><\/em><br \/>\nTelephone: +358 9 273 751<br \/>\nEmail: reception(at)gustavelund.fi<br \/>\nWebsite: <a href=\"https:\/\/www.gustavelund.fi\/en\/activities\/organise-your-own-activities\" target=\"_blank\" rel=\"noopener noreferrer\">www.gustavelund.fi<\/a>[\/vc_column_text][vc_single_image media=&#8221;2771&#8243; media_width_percent=&#8221;100&#8243; media_ratio=&#8221;sixteen-nine&#8221; alignment=&#8221;center&#8221; uncode_shortcode_id=&#8221;659204&#8243;][vc_column_text uncode_shortcode_id=&#8221;558151&#8243;]<\/p>\n<h4>EVENING<\/h4>\n<p><strong>GUSTAVELUND<\/strong><br \/>\nSome might prefer to stay indoors in Into \u00e1 la Carte restaurant while others might be tempted to park themselves outside in the relaxed atmosphere of the lake-side, summer terrace. Here you can enjoy tasty BBQ food and salads while taking in the best views over the lake.<\/p>\n<p>Address: <em><strong><a href=\"https:\/\/maps.app.goo.gl\/wnn4qTinjRtU6bg29\" target=\"_blank\" rel=\"noopener\">Kirkkotie 36, Tuusula<\/a><\/strong><\/em><br \/>\nTelephone: +358 9 273 751<br \/>\nEmail: reception(at)gustavelund.fi<br \/>\nWebsite: <a href=\"https:\/\/www.gustavelund.fi\/en\" target=\"_blank\" rel=\"noopener noreferrer\">www.gustavelund.fi<\/a>[\/vc_column_text][vc_single_image media=&#8221;2773&#8243; media_width_percent=&#8221;100&#8243; media_ratio=&#8221;sixteen-nine&#8221; alignment=&#8221;center&#8221; uncode_shortcode_id=&#8221;196286&#8243;][vc_column_text uncode_shortcode_id=&#8221;198714&#8243;]<strong>RESTAURANT KERHO<\/strong><br \/>\nRestaurant Kerho is a unique restaurant, bistro and meeting facility set in old brick-built Army Officers\u2019 Club in the centre of Tuusula \/ Hyryl\u00e4<strong>.\u00a0<\/strong>Tuck into a tasty burger or enjoy the season&#8217;s best tasting menu. Vegan and gluten-free options.<\/p>\n<p>Address: <em><strong><a href=\"https:\/\/maps.app.goo.gl\/efyY25WuveT7TJkJ6\" target=\"_blank\" rel=\"noopener\">Tykkitie 1, 04300 Tuusula<\/a><\/strong><\/em><br \/>\nTelephone: +358 10 231 2750<br \/>\nEmail: info(at)kerho.fi<br \/>\nWebsite:\u00a0<a href=\"http:\/\/www.kerho.fi\">www.kerho.fi\u00a0<\/a>[\/vc_column_text][vc_single_image media=&#8221;3542&#8243; media_width_percent=&#8221;100&#8243; media_ratio=&#8221;sixteen-nine&#8221; alignment=&#8221;center&#8221; uncode_shortcode_id=&#8221;112006&#8243;][vc_column_text uncode_shortcode_id=&#8221;212031&#8243;]<\/p>\n<h4>LATER ON<\/h4>\n<p>Afterwards, you may wish to soak up the lingering light of the long summer day and wander back to the lakeside. Across the tranquil lake, you may discern the call of the odd bird from the far shore. Perhaps you\u2019ll see the sunset paint the sky and the lake in shades of red, orange and pink?[\/vc_column_text][vc_single_image media=&#8221;2748&#8243; media_width_percent=&#8221;100&#8243; media_ratio=&#8221;sixteen-nine&#8221; alignment=&#8221;center&#8221; uncode_shortcode_id=&#8221;138261&#8243;][vc_separator sep_color=&#8221;accent&#8221; el_width=&#8221;400px&#8221;][\/vc_column][\/vc_row]<\/p>\n<\/div>","protected":false},"excerpt":{"rendered":"<p>[vc_row row_height_percent=&#8221;43&#8243; back_image=&#8221;1079&#8243; overlay_color=&#8221;color-jevc&#8221; overlay_alpha=&#8221;10&#8243; gutter_size=&#8221;3&#8243; column_width_percent=&#8221;100&#8243; shift_y=&#8221;0&#8243; z_index=&#8221;0&#8243;][vc_column column_width_percent=&#8221;100&#8243; position_vertical=&#8221;middle&#8221; align_horizontal=&#8221;align_center&#8221; gutter_size=&#8221;3&#8243; style=&#8221;dark&#8221; overlay_alpha=&#8221;50&#8243; shift_x=&#8221;0&#8243; shift_y=&#8221;0&#8243; shift_y_down=&#8221;0&#8243; z_index=&#8221;0&#8243; medium_width=&#8221;0&#8243; [&hellip;]<\/p>\n","protected":false},"author":6,"featured_media":0,"parent":1574,"menu_order":0,"comment_status":"closed","ping_status":"closed","template":"","meta":{"om_disable_all_campaigns":false,"_monsterinsights_skip_tracking":false,"_monsterinsights_sitenote_active":false,"_monsterinsights_sitenote_note":"","_monsterinsights_sitenote_category":0,"_uf_show_specific_survey":0,"_uf_disable_surveys":false,"footnotes":""},"class_list":["post-2752","page","type-page","status-publish","hentry"],"aioseo_notices":[],"_links":{"self":[{"href":"https:\/\/www.visittuusulanjarvi.fi\/en\/wp-json\/wp\/v2\/pages\/2752","targetHints":{"allow":["GET"]}}],"collection":[{"href":"https:\/\/www.visittuusulanjarvi.fi\/en\/wp-json\/wp\/v2\/pages"}],"about":[{"href":"https:\/\/www.visittuusulanjarvi.fi\/en\/wp-json\/wp\/v2\/types\/page"}],"author":[{"embeddable":true,"href":"https:\/\/www.visittuusulanjarvi.fi\/en\/wp-json\/wp\/v2\/users\/6"}],"replies":[{"embeddable":true,"href":"https:\/\/www.visittuusulanjarvi.fi\/en\/wp-json\/wp\/v2\/comments?post=2752"}],"version-history":[{"count":19,"href":"https:\/\/www.visittuusulanjarvi.fi\/en\/wp-json\/wp\/v2\/pages\/2752\/revisions"}],"predecessor-version":[{"id":7387,"href":"https:\/\/www.visittuusulanjarvi.fi\/en\/wp-json\/wp\/v2\/pages\/2752\/revisions\/7387"}],"up":[{"embeddable":true,"href":"https:\/\/www.visittuusulanjarvi.fi\/en\/wp-json\/wp\/v2\/pages\/1574"}],"wp:attachment":[{"href":"https:\/\/www.visittuusulanjarvi.fi\/en\/wp-json\/wp\/v2\/media?parent=2752"}],"curies":[{"name":"wp","href":"https:\/\/api.w.org\/{rel}","templated":true}]}}