{"id":2314,"date":"2020-06-17T18:48:41","date_gmt":"2020-06-17T18:48:41","guid":{"rendered":"http:\/\/www.visittuusulanjarvi.fi\/ryhmamatkaehdotus-suomalaisuuden-lahteilla\/"},"modified":"2023-03-28T18:05:58","modified_gmt":"2023-03-28T15:05:58","slug":"group-travel-suggestion-at-the-sources-of-finnishness","status":"publish","type":"page","link":"https:\/\/www.visittuusulanjarvi.fi\/en\/groups\/services\/group-travel-suggestion-at-the-sources-of-finnishness\/","title":{"rendered":"Group travel suggestion: at the sources of Finnishness"},"content":{"rendered":"<div class=\"wpb-content-wrapper\"><p>[vc_row row_height_percent=&#8221;43&#8243; back_image=&#8221;52&#8243; overlay_color=&#8221;color-jevc&#8221; overlay_alpha=&#8221;20&#8243; gutter_size=&#8221;3&#8243; column_width_percent=&#8221;100&#8243; shift_y=&#8221;0&#8243; z_index=&#8221;0&#8243;][vc_column column_width_percent=&#8221;100&#8243; position_vertical=&#8221;middle&#8221; align_horizontal=&#8221;align_center&#8221; gutter_size=&#8221;3&#8243; style=&#8221;dark&#8221; overlay_alpha=&#8221;50&#8243; shift_x=&#8221;0&#8243; shift_y=&#8221;0&#8243; shift_y_down=&#8221;0&#8243; z_index=&#8221;0&#8243; medium_width=&#8221;0&#8243; mobile_width=&#8221;0&#8243; width=&#8221;1\/1&#8243;][vc_custom_heading text_size=&#8221;fontsize-155944&#8243; text_transform=&#8221;uppercase&#8221;]Group travel suggestion: at the sources of Finnishness[\/vc_custom_heading][\/vc_column][\/vc_row][vc_row unlock_row_content=&#8221;yes&#8221; row_height_percent=&#8221;0&#8243; override_padding=&#8221;yes&#8221; h_padding=&#8221;0&#8243; top_padding=&#8221;2&#8243; bottom_padding=&#8221;0&#8243; overlay_alpha=&#8221;80&#8243; equal_height=&#8221;yes&#8221; gutter_size=&#8221;4&#8243; column_width_percent=&#8221;100&#8243; shift_y=&#8221;0&#8243; z_index=&#8221;0&#8243; row_name=&#8221;intro&#8221;][vc_column column_width_percent=&#8221;100&#8243; align_horizontal=&#8221;align_center&#8221; gutter_size=&#8221;3&#8243; override_padding=&#8221;yes&#8221; column_padding=&#8221;3&#8243; style=&#8221;light&#8221; overlay_alpha=&#8221;50&#8243; shift_x=&#8221;0&#8243; shift_y=&#8221;0&#8243; shift_y_down=&#8221;0&#8243; z_index=&#8221;0&#8243; medium_width=&#8221;0&#8243; mobile_width=&#8221;0&#8243; width=&#8221;1\/1&#8243;][vc_custom_heading heading_semantic=&#8221;h6&#8243; text_size=&#8221;fontsize-160000&#8243; text_transform=&#8221;uppercase&#8221; text_space=&#8221;fontspace-135905&#8243;]Services for groups[\/vc_custom_heading][vc_custom_heading text_color=&#8221;color-138649&#8243; heading_semantic=&#8221;h3&#8243; text_size=&#8221;fontsize-155944&#8243;]Group travel suggestion: at the sources of Finnishness[\/vc_custom_heading][vc_column_text uncode_shortcode_id=&#8221;164184&#8243;]<strong>11:00 pm<\/strong> Exploring the Rantatie scenery, <a href=\"http:\/\/www.visittuusulanjarvi.fi\/en\/see-and-do\/culture-and-museums\/aleksis-kivi-memorial-cottage\/\"><strong>Aleksis Kivi memorial cottage <\/strong><\/a>and <a href=\"http:\/\/www.visittuusulanjarvi.fi\/en\/see-and-do\/culture-and-museums\/erkkola\/\"><strong>Erkkola exhibition<\/strong><\/a>. Visit to lakeside at Fj\u00e4llbo Park.<br \/>\n<strong>1:00 pm<\/strong>\u00a0Arrival at the Lake Tuusula area. Lunch at a local <strong><a href=\"http:\/\/www.visittuusulanjarvi.fi\/en\/accommodation\/\">restaurant<\/a><\/strong>.<br \/>\n<strong>3:00 pm<\/strong> Guided your of <a href=\"http:\/\/www.visittuusulanjarvi.fi\/en\/see-and-do\/culture-and-museums\/halosenniemi-museum\/\"><strong>Halosenniemi<\/strong> <\/a>and exploring the garden by the shore.<br \/>\nAccommodation at local <a href=\"http:\/\/www.visittuusulanjarvi.fi\/en\/accommodation\/\"><strong>accommodation<\/strong><\/a>.<\/p>\n<p>In the evening, the poet Eino Leino tells about the stars of the waking nation on Tuusula&#8217;s Rantatie and in Helsinki&#8217;s artist restaurants. The performance includes songs made of poems by <a href=\"http:\/\/www.visittuusulanjarvi.fi\/en\/see-and-do\/culture-and-museums\/artist-community\/eino-leino\/\"><strong>Eino Leino<\/strong><\/a> and <a href=\"http:\/\/www.visittuusulanjarvi.fi\/en\/see-and-do\/culture-and-museums\/artist-community\/aleksis-kivi\/\"><strong>Aleksis Kivi<\/strong><\/a>. The day ends with dinner in the spirit of the Artist Community.<\/p>\n<p>After a well-slept night, the early birds have time to walk around Rantatie.<\/p>\n<p><strong>10:00 am<\/strong> Guided tour of <a href=\"http:\/\/www.visittuusulanjarvi.fi\/en\/see-and-do\/culture-and-museums\/ainola\/\"><strong>Ainola<\/strong> <\/a>and the garden.<br \/>\n<strong>11:00 am<\/strong> Dramatic tour of &#8220;Life in the Artist Community&#8221; in <a href=\"http:\/\/www.visittuusulanjarvi.fi\/en\/see-and-do\/culture-and-museums\/ahola\/\"><strong>Ahola<\/strong> <\/a>and\/or exploring the Suviranta exhibition in<a href=\"http:\/\/www.visittuusulanjarvi.fi\/en\/see-and-do\/culture-and-museums\/jarvenpaa-art-museum\/\"><strong> J\u00e4rvenp\u00e4\u00e4 Art Museum<\/strong><\/a>.<br \/>\n<strong>12:30 pm<\/strong> Lunch at a <a href=\"http:\/\/www.visittuusulanjarvi.fi\/en\/eat-and-drink\/\"><strong>local restaurant<\/strong><\/a> and <a href=\"http:\/\/www.visittuusulanjarvi.fi\/en\/see-and-do\/shopping\/\"><strong>souvenir shopping<\/strong><\/a>.<\/p>\n<p>Have a good trip home and welcome again! Book through a group tour organizer, making booking easy and effortless![\/vc_column_text][\/vc_column][\/vc_row][vc_row unlock_row_content=&#8221;yes&#8221; row_height_percent=&#8221;0&#8243; override_padding=&#8221;yes&#8221; h_padding=&#8221;0&#8243; top_padding=&#8221;0&#8243; bottom_padding=&#8221;0&#8243; overlay_alpha=&#8221;50&#8243; gutter_size=&#8221;3&#8243; column_width_percent=&#8221;100&#8243; shift_y=&#8221;0&#8243; z_index=&#8221;0&#8243;][vc_column width=&#8221;1\/1&#8243;][vc_gallery el_id=&#8221;gallery-163297&#8243; type=&#8221;carousel&#8221; medias=&#8221;476,383,1376&#8243; carousel_lg=&#8221;1&#8243; carousel_md=&#8221;1&#8243; carousel_sm=&#8221;1&#8243; gutter_size=&#8221;0&#8243; carousel_height=&#8221;equal&#8221; carousel_interval=&#8221;15000&#8243; carousel_navspeed=&#8221;400&#8243; carousel_loop=&#8221;yes&#8221; carousel_nav=&#8221;yes&#8221; stage_padding=&#8221;0&#8243; single_overlay_opacity=&#8221;50&#8243; single_padding=&#8221;2&#8243;][\/vc_column][\/vc_row]<\/p>\n<\/div>","protected":false},"excerpt":{"rendered":"<p>[vc_row row_height_percent=&#8221;43&#8243; back_image=&#8221;52&#8243; overlay_color=&#8221;color-jevc&#8221; overlay_alpha=&#8221;20&#8243; gutter_size=&#8221;3&#8243; column_width_percent=&#8221;100&#8243; shift_y=&#8221;0&#8243; z_index=&#8221;0&#8243;][vc_column column_width_percent=&#8221;100&#8243; position_vertical=&#8221;middle&#8221; align_horizontal=&#8221;align_center&#8221; gutter_size=&#8221;3&#8243; style=&#8221;dark&#8221; overlay_alpha=&#8221;50&#8243; shift_x=&#8221;0&#8243; shift_y=&#8221;0&#8243; shift_y_down=&#8221;0&#8243; z_index=&#8221;0&#8243; medium_width=&#8221;0&#8243; [&hellip;]<\/p>\n","protected":false},"author":6,"featured_media":3901,"parent":2343,"menu_order":0,"comment_status":"closed","ping_status":"closed","template":"","meta":{"om_disable_all_campaigns":false,"_monsterinsights_skip_tracking":false,"_monsterinsights_sitenote_active":false,"_monsterinsights_sitenote_note":"","_monsterinsights_sitenote_category":0,"_uf_show_specific_survey":0,"_uf_disable_surveys":false,"footnotes":""},"class_list":["post-2314","page","type-page","status-publish","has-post-thumbnail","hentry"],"aioseo_notices":[],"_links":{"self":[{"href":"https:\/\/www.visittuusulanjarvi.fi\/en\/wp-json\/wp\/v2\/pages\/2314","targetHints":{"allow":["GET"]}}],"collection":[{"href":"https:\/\/www.visittuusulanjarvi.fi\/en\/wp-json\/wp\/v2\/pages"}],"about":[{"href":"https:\/\/www.visittuusulanjarvi.fi\/en\/wp-json\/wp\/v2\/types\/page"}],"author":[{"embeddable":true,"href":"https:\/\/www.visittuusulanjarvi.fi\/en\/wp-json\/wp\/v2\/users\/6"}],"replies":[{"embeddable":true,"href":"https:\/\/www.visittuusulanjarvi.fi\/en\/wp-json\/wp\/v2\/comments?post=2314"}],"version-history":[{"count":5,"href":"https:\/\/www.visittuusulanjarvi.fi\/en\/wp-json\/wp\/v2\/pages\/2314\/revisions"}],"predecessor-version":[{"id":5907,"href":"https:\/\/www.visittuusulanjarvi.fi\/en\/wp-json\/wp\/v2\/pages\/2314\/revisions\/5907"}],"up":[{"embeddable":true,"href":"https:\/\/www.visittuusulanjarvi.fi\/en\/wp-json\/wp\/v2\/pages\/2343"}],"wp:featuredmedia":[{"embeddable":true,"href":"https:\/\/www.visittuusulanjarvi.fi\/en\/wp-json\/wp\/v2\/media\/3901"}],"wp:attachment":[{"href":"https:\/\/www.visittuusulanjarvi.fi\/en\/wp-json\/wp\/v2\/media?parent=2314"}],"curies":[{"name":"wp","href":"https:\/\/api.w.org\/{rel}","templated":true}]}}