{"id":2135,"date":"2020-06-11T07:33:23","date_gmt":"2020-06-11T07:33:23","guid":{"rendered":"http:\/\/www.visittuusulanjarvi.fi\/syo-ja-juo\/lounasravintolat\/"},"modified":"2020-07-27T09:53:36","modified_gmt":"2020-07-27T09:53:36","slug":"lunch-restaurants","status":"publish","type":"page","link":"https:\/\/www.visittuusulanjarvi.fi\/en\/eat-and-drink\/lunch-restaurants\/","title":{"rendered":"Lunch restaurants"},"content":{"rendered":"<div class=\"wpb-content-wrapper\"><p>[vc_row row_height_percent=&#8221;43&#8243; back_image=&#8221;668&#8243; overlay_color=&#8221;color-jevc&#8221; overlay_alpha=&#8221;10&#8243; gutter_size=&#8221;3&#8243; column_width_percent=&#8221;100&#8243; shift_y=&#8221;0&#8243; z_index=&#8221;0&#8243;][vc_column column_width_percent=&#8221;100&#8243; position_vertical=&#8221;middle&#8221; align_horizontal=&#8221;align_center&#8221; gutter_size=&#8221;3&#8243; style=&#8221;dark&#8221; overlay_alpha=&#8221;50&#8243; shift_x=&#8221;0&#8243; shift_y=&#8221;0&#8243; shift_y_down=&#8221;0&#8243; z_index=&#8221;0&#8243; medium_width=&#8221;0&#8243; mobile_width=&#8221;0&#8243; width=&#8221;1\/1&#8243;][vc_custom_heading text_size=&#8221;fontsize-155944&#8243; text_transform=&#8221;uppercase&#8221;]Lunch restaurants[\/vc_custom_heading][\/vc_column][\/vc_row][vc_row unlock_row_content=&#8221;yes&#8221; row_height_percent=&#8221;0&#8243; override_padding=&#8221;yes&#8221; h_padding=&#8221;0&#8243; top_padding=&#8221;2&#8243; bottom_padding=&#8221;0&#8243; overlay_alpha=&#8221;80&#8243; equal_height=&#8221;yes&#8221; gutter_size=&#8221;4&#8243; column_width_percent=&#8221;100&#8243; shift_y=&#8221;0&#8243; z_index=&#8221;0&#8243; row_name=&#8221;intro&#8221;][vc_column column_width_percent=&#8221;100&#8243; align_horizontal=&#8221;align_center&#8221; gutter_size=&#8221;3&#8243; override_padding=&#8221;yes&#8221; column_padding=&#8221;3&#8243; style=&#8221;light&#8221; overlay_alpha=&#8221;50&#8243; shift_x=&#8221;0&#8243; shift_y=&#8221;0&#8243; shift_y_down=&#8221;0&#8243; z_index=&#8221;0&#8243; medium_width=&#8221;0&#8243; mobile_width=&#8221;0&#8243; width=&#8221;1\/1&#8243;][vc_custom_heading heading_semantic=&#8221;h6&#8243; text_size=&#8221;fontsize-160000&#8243; text_transform=&#8221;uppercase&#8221; text_space=&#8221;fontspace-135905&#8243;]Eat and drink[\/vc_custom_heading][vc_custom_heading heading_semantic=&#8221;h3&#8243; text_size=&#8221;fontsize-155944&#8243; text_color=&#8221;color-466432&#8243;]Lunch restaurants[\/vc_custom_heading][vc_column_text]Due to exceptional circumstances, our restaurants serving lunch operate in a new way.<br \/>\nSee different options:[\/vc_column_text][vc_empty_space empty_h=&#8221;2&#8243;][vc_custom_heading heading_semantic=&#8221;h3&#8243; text_color=&#8221;color-466432&#8243;]H\u00e4rm\u00e4n Rati[\/vc_custom_heading][vc_column_text]<a href=\"https:\/\/goo.gl\/maps\/XUQ2fLEGn6YRBQoP7\" target=\"_blank\" rel=\"noopener noreferrer\">V\u00e4h\u00e4j\u00e4rvenkatu 1a, J\u00e4rvenp\u00e4\u00e4<\/a><\/p>\n<p>Take-away Mon &#8211; Fri 11 am &#8211; 3 pm<br \/>\nYou can order lunch in advance from the online store:<br \/>\n<a href=\"https:\/\/luomupojat.fi\/tuote\/take-away-luomulounas\/?fbclid=IwAR2RtLpISTe75q-vLUAgH_VYUJ3D6RO7jojpORcR-TFdrgXDn7d5SpfvSrU\" target=\"_blank\" rel=\"noopener noreferrer\">https:\/\/luomupojat.fi<\/a><\/p>\n<p>Home delivery in J\u00e4rvenp\u00e4\u00e4 and Tuusula area (max. 12 km from the restaurant):<br \/>\nTransport fee 5 \u20ac &#8211; max. 7 km from the restaurant OR 10 \u20ac &#8211; max. 12 km from the restaurant. Orders over 50 euros without delivery fee.<\/p>\n<p>Lunch menu: <a href=\"https:\/\/www.harmanrati.fi\/lounas-ravintola-jarvenpaa-tuusulanjarvi\/\" target=\"_blank\" rel=\"noopener noreferrer\">https:\/\/www.harmanrati.fi\/lounas-ravintola-jarvenpaa-tuusulanjarvi\/<\/a>[\/vc_column_text][vc_empty_space empty_h=&#8221;2&#8243;][vc_custom_heading heading_semantic=&#8221;h3&#8243; text_color=&#8221;color-466432&#8243;]Restaurant Kerho[\/vc_custom_heading][vc_column_text]<a href=\"https:\/\/goo.gl\/maps\/P1Sm1i3x4k5LjXHV9\" target=\"_blank\" rel=\"noopener noreferrer\">Tykkitie 1, Tuusula<\/a><\/p>\n<p>With Restaurant Kerho now closed, you can order lunch from<br \/>\nKonditoria pH7&#8217;s store (Haarakaari 45, Tuusula). You can pick up lunch on site or order your take-away lunch in advance by phone.<\/p>\n<p>Read more: <a href=\"http:\/\/www.kerho.fi\/lounas\/\" target=\"_blank\" rel=\"noopener noreferrer\">http:\/\/www.kerho.fi<\/a>[\/vc_column_text][vc_empty_space empty_h=&#8221;2&#8243;][vc_custom_heading heading_semantic=&#8221;h3&#8243; text_color=&#8221;color-466432&#8243;]Lunch Caf\u00e9 Tyyni[\/vc_custom_heading][vc_column_text]<a href=\"https:\/\/goo.gl\/maps\/DDFkdj5DWEKMUj3o9\" target=\"_blank\" rel=\"noopener noreferrer\">Sibeliuksenkatu 14, J\u00e4rvenp\u00e4\u00e4<\/a><\/p>\n<p>Pick up Mon-Fri 10:30 am &#8211; 2:30 pm<br \/>\nLunch includes salad, soup and the main course. Price 10.50 euros. Lunch can be picked up without pre-order, home delivery to J\u00e4rvenp\u00e4\u00e4 (order the day before)<br \/>\nlunch 10.50 euros (home delivery 12 euros), soup lunch 8.50 euros.<\/p>\n<p>Saturday lunch, pick up from 11:00 am to 2:30 pm also take-away, home delivery to J\u00e4rvenp\u00e4\u00e4 (order the day before)<br \/>\nPrice: lunch 12 euros, soup lunch 9.50 euros.<\/p>\n<p>Lunch menu and more details: <a href=\"http:\/\/www.tyyni.fi\" target=\"_blank\" rel=\"noopener noreferrer\">www.tyyni.fi<\/a>[\/vc_column_text][\/vc_column][\/vc_row]<\/p>\n<\/div>","protected":false},"excerpt":{"rendered":"<p>[vc_row row_height_percent=&#8221;43&#8243; back_image=&#8221;668&#8243; overlay_color=&#8221;color-jevc&#8221; overlay_alpha=&#8221;10&#8243; gutter_size=&#8221;3&#8243; column_width_percent=&#8221;100&#8243; shift_y=&#8221;0&#8243; z_index=&#8221;0&#8243;][vc_column column_width_percent=&#8221;100&#8243; position_vertical=&#8221;middle&#8221; align_horizontal=&#8221;align_center&#8221; gutter_size=&#8221;3&#8243; style=&#8221;dark&#8221; overlay_alpha=&#8221;50&#8243; shift_x=&#8221;0&#8243; shift_y=&#8221;0&#8243; shift_y_down=&#8221;0&#8243; z_index=&#8221;0&#8243; medium_width=&#8221;0&#8243; [&hellip;]<\/p>\n","protected":false},"author":6,"featured_media":1111,"parent":2074,"menu_order":0,"comment_status":"closed","ping_status":"closed","template":"","meta":{"om_disable_all_campaigns":false,"_monsterinsights_skip_tracking":false,"_monsterinsights_sitenote_active":false,"_monsterinsights_sitenote_note":"","_monsterinsights_sitenote_category":0,"_uf_show_specific_survey":0,"_uf_disable_surveys":false,"footnotes":""},"class_list":["post-2135","page","type-page","status-publish","has-post-thumbnail","hentry"],"aioseo_notices":[],"_links":{"self":[{"href":"https:\/\/www.visittuusulanjarvi.fi\/en\/wp-json\/wp\/v2\/pages\/2135","targetHints":{"allow":["GET"]}}],"collection":[{"href":"https:\/\/www.visittuusulanjarvi.fi\/en\/wp-json\/wp\/v2\/pages"}],"about":[{"href":"https:\/\/www.visittuusulanjarvi.fi\/en\/wp-json\/wp\/v2\/types\/page"}],"author":[{"embeddable":true,"href":"https:\/\/www.visittuusulanjarvi.fi\/en\/wp-json\/wp\/v2\/users\/6"}],"replies":[{"embeddable":true,"href":"https:\/\/www.visittuusulanjarvi.fi\/en\/wp-json\/wp\/v2\/comments?post=2135"}],"version-history":[{"count":2,"href":"https:\/\/www.visittuusulanjarvi.fi\/en\/wp-json\/wp\/v2\/pages\/2135\/revisions"}],"predecessor-version":[{"id":2136,"href":"https:\/\/www.visittuusulanjarvi.fi\/en\/wp-json\/wp\/v2\/pages\/2135\/revisions\/2136"}],"up":[{"embeddable":true,"href":"https:\/\/www.visittuusulanjarvi.fi\/en\/wp-json\/wp\/v2\/pages\/2074"}],"wp:featuredmedia":[{"embeddable":true,"href":"https:\/\/www.visittuusulanjarvi.fi\/en\/wp-json\/wp\/v2\/media\/1111"}],"wp:attachment":[{"href":"https:\/\/www.visittuusulanjarvi.fi\/en\/wp-json\/wp\/v2\/media?parent=2135"}],"curies":[{"name":"wp","href":"https:\/\/api.w.org\/{rel}","templated":true}]}}