{"id":2131,"date":"2020-06-11T07:37:51","date_gmt":"2020-06-11T07:37:51","guid":{"rendered":"http:\/\/www.visittuusulanjarvi.fi\/syo-ja-juo\/ihanat-kesakahvilat\/"},"modified":"2020-09-09T17:00:29","modified_gmt":"2020-09-09T17:00:29","slug":"summer-cafes","status":"publish","type":"page","link":"https:\/\/www.visittuusulanjarvi.fi\/en\/eat-and-drink\/summer-cafes\/","title":{"rendered":"Summer caf\u00e9s"},"content":{"rendered":"<div class=\"wpb-content-wrapper\"><p>[vc_row row_height_percent=&#8221;43&#8243; back_image=&#8221;594&#8243; overlay_color=&#8221;color-jevc&#8221; overlay_alpha=&#8221;10&#8243; gutter_size=&#8221;3&#8243; column_width_percent=&#8221;100&#8243; shift_y=&#8221;0&#8243; z_index=&#8221;0&#8243;][vc_column column_width_percent=&#8221;100&#8243; position_vertical=&#8221;middle&#8221; align_horizontal=&#8221;align_center&#8221; gutter_size=&#8221;3&#8243; style=&#8221;dark&#8221; overlay_alpha=&#8221;50&#8243; shift_x=&#8221;0&#8243; shift_y=&#8221;0&#8243; shift_y_down=&#8221;0&#8243; z_index=&#8221;0&#8243; medium_width=&#8221;0&#8243; mobile_width=&#8221;0&#8243; width=&#8221;1\/1&#8243;][vc_custom_heading text_size=&#8221;fontsize-155944&#8243; text_transform=&#8221;uppercase&#8221;]Summer cafes[\/vc_custom_heading][\/vc_column][\/vc_row][vc_row unlock_row_content=&#8221;yes&#8221; row_height_percent=&#8221;0&#8243; override_padding=&#8221;yes&#8221; h_padding=&#8221;0&#8243; top_padding=&#8221;2&#8243; bottom_padding=&#8221;0&#8243; overlay_alpha=&#8221;80&#8243; equal_height=&#8221;yes&#8221; gutter_size=&#8221;4&#8243; column_width_percent=&#8221;100&#8243; shift_y=&#8221;0&#8243; z_index=&#8221;0&#8243; row_name=&#8221;intro&#8221;][vc_column column_width_percent=&#8221;100&#8243; align_horizontal=&#8221;align_center&#8221; gutter_size=&#8221;3&#8243; override_padding=&#8221;yes&#8221; column_padding=&#8221;3&#8243; style=&#8221;light&#8221; overlay_alpha=&#8221;50&#8243; shift_x=&#8221;0&#8243; shift_y=&#8221;0&#8243; shift_y_down=&#8221;0&#8243; z_index=&#8221;0&#8243; medium_width=&#8221;0&#8243; mobile_width=&#8221;0&#8243; width=&#8221;1\/1&#8243;][vc_custom_heading heading_semantic=&#8221;h6&#8243; text_size=&#8221;fontsize-160000&#8243; text_transform=&#8221;uppercase&#8221; text_space=&#8221;fontspace-135905&#8243;]Eat and drink[\/vc_custom_heading][vc_custom_heading heading_semantic=&#8221;h3&#8243; text_size=&#8221;fontsize-155944&#8243; text_color=&#8221;color-466432&#8243;]Summer caf\u00e9s[\/vc_custom_heading][vc_column_text]Here are the top picks for where to get the tastiest sweet and savory cakes &amp; bakes &#8211; and the best brews with views![\/vc_column_text][\/vc_column][\/vc_row][vc_row row_height_percent=&#8221;0&#8243; override_padding=&#8221;yes&#8221; h_padding=&#8221;0&#8243; top_padding=&#8221;2&#8243; bottom_padding=&#8221;0&#8243; overlay_alpha=&#8221;50&#8243; gutter_size=&#8221;3&#8243; column_width_percent=&#8221;100&#8243; shift_y=&#8221;0&#8243; z_index=&#8221;0&#8243;][vc_column column_width_percent=&#8221;100&#8243; align_horizontal=&#8221;align_center&#8221; gutter_size=&#8221;3&#8243; overlay_alpha=&#8221;50&#8243; shift_x=&#8221;0&#8243; shift_y=&#8221;0&#8243; shift_y_down=&#8221;0&#8243; z_index=&#8221;0&#8243; medium_width=&#8221;0&#8243; mobile_width=&#8221;0&#8243; width=&#8221;1\/3&#8243;][vc_single_image media=&#8221;675&#8243; media_width_percent=&#8221;100&#8243; media_ratio=&#8221;one-one&#8221; alignment=&#8221;center&#8221; media_link=&#8221;url:http%3A%2F%2Fwww.visittuusulanjarvi.fi%2Fen%2Feat-and-drink%2Fcafe-aulis%2F|title:Caf%C3%A9%20Aulis||&#8221;][vc_custom_heading heading_semantic=&#8221;h3&#8243; text_size=&#8221;h4&#8243;]<a href=\"http:\/\/www.visittuusulanjarvi.fi\/en\/eat-and-drink\/cafe-aulis\/\">Caf\u00e9 Aulis, Ainola<\/a>[\/vc_custom_heading][vc_column_text]Stylish caf\u00e9 with lovely views on Ainola and its beautiful garden.[\/vc_column_text][\/vc_column][vc_column column_width_percent=&#8221;100&#8243; align_horizontal=&#8221;align_center&#8221; gutter_size=&#8221;3&#8243; overlay_alpha=&#8221;50&#8243; shift_x=&#8221;0&#8243; shift_y=&#8221;0&#8243; shift_y_down=&#8221;0&#8243; z_index=&#8221;0&#8243; medium_width=&#8221;0&#8243; mobile_width=&#8221;0&#8243; width=&#8221;1\/3&#8243;][vc_single_image media=&#8221;677&#8243; media_width_percent=&#8221;100&#8243; media_ratio=&#8221;one-one&#8221; alignment=&#8221;center&#8221; media_link=&#8221;url:http%3A%2F%2Fwww.visittuusulanjarvi.fi%2Fen%2Feat-and-drink%2Fcafe-vellikello%2F|title:Vellikello||&#8221;][vc_custom_heading heading_semantic=&#8221;h3&#8243; text_size=&#8221;h4&#8243;]<a href=\"http:\/\/www.visittuusulanjarvi.fi\/en\/eat-and-drink\/cafe-vellikello\/\">Caf\u00e9 Vellikello<\/a>[\/vc_custom_heading][vc_column_text]Vellikello is located in the old red granary, which used to belong to the long-gone J\u00e4rvenp\u00e4\u00e4 Manor.[\/vc_column_text][\/vc_column][vc_column column_width_percent=&#8221;100&#8243; align_horizontal=&#8221;align_center&#8221; gutter_size=&#8221;3&#8243; overlay_alpha=&#8221;50&#8243; shift_x=&#8221;0&#8243; shift_y=&#8221;0&#8243; shift_y_down=&#8221;0&#8243; z_index=&#8221;0&#8243; medium_width=&#8221;0&#8243; mobile_width=&#8221;0&#8243; width=&#8221;1\/3&#8243;][vc_single_image media=&#8221;625&#8243; media_width_percent=&#8221;100&#8243; media_ratio=&#8221;one-one&#8221; alignment=&#8221;center&#8221; media_link=&#8221;url:http%3A%2F%2Fwww.visittuusulanjarvi.fi%2Fen%2Feat-and-drink%2Fkallio-kuninkala%2F|title:Kallio-Kuninkala||&#8221;][vc_custom_heading heading_semantic=&#8221;h3&#8243; text_size=&#8221;h4&#8243;]<a href=\"http:\/\/www.visittuusulanjarvi.fi\/en\/eat-and-drink\/kallio-kuninkala\/\">Kallio-Kuninkala&#8217;s summer caf\u00e9<\/a>[\/vc_custom_heading][vc_column_text]The only caf\u00e9 with lovely lake views! Organic food from mainly locally sourced incredients. [\/vc_column_text][\/vc_column][\/vc_row]<\/p>\n<\/div>","protected":false},"excerpt":{"rendered":"<p>[vc_row row_height_percent=&#8221;43&#8243; back_image=&#8221;594&#8243; overlay_color=&#8221;color-jevc&#8221; overlay_alpha=&#8221;10&#8243; gutter_size=&#8221;3&#8243; column_width_percent=&#8221;100&#8243; shift_y=&#8221;0&#8243; z_index=&#8221;0&#8243;][vc_column column_width_percent=&#8221;100&#8243; position_vertical=&#8221;middle&#8221; align_horizontal=&#8221;align_center&#8221; gutter_size=&#8221;3&#8243; style=&#8221;dark&#8221; overlay_alpha=&#8221;50&#8243; shift_x=&#8221;0&#8243; shift_y=&#8221;0&#8243; shift_y_down=&#8221;0&#8243; z_index=&#8221;0&#8243; medium_width=&#8221;0&#8243; [&hellip;]<\/p>\n","protected":false},"author":6,"featured_media":1091,"parent":2074,"menu_order":0,"comment_status":"closed","ping_status":"closed","template":"","meta":{"om_disable_all_campaigns":false,"_monsterinsights_skip_tracking":false,"_monsterinsights_sitenote_active":false,"_monsterinsights_sitenote_note":"","_monsterinsights_sitenote_category":0,"_uf_show_specific_survey":0,"_uf_disable_surveys":false,"footnotes":""},"class_list":["post-2131","page","type-page","status-publish","has-post-thumbnail","hentry"],"aioseo_notices":[],"_links":{"self":[{"href":"https:\/\/www.visittuusulanjarvi.fi\/en\/wp-json\/wp\/v2\/pages\/2131","targetHints":{"allow":["GET"]}}],"collection":[{"href":"https:\/\/www.visittuusulanjarvi.fi\/en\/wp-json\/wp\/v2\/pages"}],"about":[{"href":"https:\/\/www.visittuusulanjarvi.fi\/en\/wp-json\/wp\/v2\/types\/page"}],"author":[{"embeddable":true,"href":"https:\/\/www.visittuusulanjarvi.fi\/en\/wp-json\/wp\/v2\/users\/6"}],"replies":[{"embeddable":true,"href":"https:\/\/www.visittuusulanjarvi.fi\/en\/wp-json\/wp\/v2\/comments?post=2131"}],"version-history":[{"count":5,"href":"https:\/\/www.visittuusulanjarvi.fi\/en\/wp-json\/wp\/v2\/pages\/2131\/revisions"}],"predecessor-version":[{"id":2992,"href":"https:\/\/www.visittuusulanjarvi.fi\/en\/wp-json\/wp\/v2\/pages\/2131\/revisions\/2992"}],"up":[{"embeddable":true,"href":"https:\/\/www.visittuusulanjarvi.fi\/en\/wp-json\/wp\/v2\/pages\/2074"}],"wp:featuredmedia":[{"embeddable":true,"href":"https:\/\/www.visittuusulanjarvi.fi\/en\/wp-json\/wp\/v2\/media\/1091"}],"wp:attachment":[{"href":"https:\/\/www.visittuusulanjarvi.fi\/en\/wp-json\/wp\/v2\/media?parent=2131"}],"curies":[{"name":"wp","href":"https:\/\/api.w.org\/{rel}","templated":true}]}}