{"id":2094,"date":"2020-06-11T05:23:14","date_gmt":"2020-06-11T05:23:14","guid":{"rendered":"http:\/\/www.visittuusulanjarvi.fi\/syo-ja-juo\/kallio-kuninkala\/"},"modified":"2025-07-04T14:08:42","modified_gmt":"2025-07-04T11:08:42","slug":"kallio-kuninkala-summer-cafe","status":"publish","type":"page","link":"https:\/\/www.visittuusulanjarvi.fi\/en\/eat-and-drink\/kallio-kuninkala-summer-cafe\/","title":{"rendered":"Kallio-Kuninkala"},"content":{"rendered":"<div class=\"wpb-content-wrapper\"><p>[vc_row row_height_percent=&#8221;43&#8243; back_image=&#8221;625&#8243; overlay_color=&#8221;color-jevc&#8221; overlay_alpha=&#8221;10&#8243; gutter_size=&#8221;3&#8243; column_width_percent=&#8221;100&#8243; shift_y=&#8221;0&#8243; z_index=&#8221;0&#8243;][vc_column column_width_percent=&#8221;100&#8243; position_vertical=&#8221;middle&#8221; align_horizontal=&#8221;align_center&#8221; gutter_size=&#8221;3&#8243; style=&#8221;dark&#8221; overlay_alpha=&#8221;50&#8243; shift_x=&#8221;0&#8243; shift_y=&#8221;0&#8243; shift_y_down=&#8221;0&#8243; z_index=&#8221;0&#8243; medium_width=&#8221;0&#8243; mobile_width=&#8221;0&#8243; width=&#8221;1\/1&#8243;][vc_custom_heading text_size=&#8221;fontsize-155944&#8243; text_transform=&#8221;uppercase&#8221;]Kallio-Kuninkala summer cafe[\/vc_custom_heading][\/vc_column][\/vc_row][vc_row row_height_percent=&#8221;0&#8243; override_padding=&#8221;yes&#8221; h_padding=&#8221;2&#8243; top_padding=&#8221;2&#8243; bottom_padding=&#8221;2&#8243; back_color=&#8221;color-466432&#8243; overlay_alpha=&#8221;50&#8243; gutter_size=&#8221;3&#8243; column_width_percent=&#8221;100&#8243; shift_y=&#8221;0&#8243; z_index=&#8221;0&#8243;][vc_column column_width_percent=&#8221;100&#8243; gutter_size=&#8221;3&#8243; style=&#8221;dark&#8221; overlay_alpha=&#8221;50&#8243; shift_x=&#8221;0&#8243; shift_y=&#8221;0&#8243; shift_y_down=&#8221;0&#8243; z_index=&#8221;0&#8243; medium_width=&#8221;0&#8243; mobile_width=&#8221;0&#8243; width=&#8221;1\/1&#8243;][vc_column_text text_lead=&#8221;yes&#8221; uncode_shortcode_id=&#8221;143374&#8243;]<strong>Address<\/strong>: <a href=\"https:\/\/maps.app.goo.gl\/pCHeqWEMyymBWwi88\" target=\"_blank\" rel=\"noopener\">Ristinummentie 6, J\u00e4rvenp\u00e4\u00e4<\/a><br \/>\n<strong>Phone: <\/strong>+358 40 563 7748<br \/>\n<strong>Website:<\/strong>\u00a0<a href=\"http:\/\/kallio-kuninkala.fi\/kesakahvila\">www.kallio-kuninkala.fi\/kesakahvila<\/a>[\/vc_column_text][\/vc_column][\/vc_row][vc_row unlock_row_content=&#8221;yes&#8221; row_height_percent=&#8221;0&#8243; override_padding=&#8221;yes&#8221; h_padding=&#8221;0&#8243; top_padding=&#8221;2&#8243; bottom_padding=&#8221;0&#8243; overlay_alpha=&#8221;80&#8243; equal_height=&#8221;yes&#8221; gutter_size=&#8221;4&#8243; column_width_percent=&#8221;100&#8243; shift_y=&#8221;0&#8243; z_index=&#8221;0&#8243; row_name=&#8221;intro&#8221;][vc_column column_width_percent=&#8221;100&#8243; align_horizontal=&#8221;align_center&#8221; gutter_size=&#8221;3&#8243; override_padding=&#8221;yes&#8221; column_padding=&#8221;3&#8243; style=&#8221;light&#8221; overlay_alpha=&#8221;50&#8243; shift_x=&#8221;0&#8243; shift_y=&#8221;0&#8243; shift_y_down=&#8221;0&#8243; z_index=&#8221;0&#8243; medium_width=&#8221;0&#8243; mobile_width=&#8221;0&#8243; width=&#8221;1\/1&#8243;][vc_custom_heading heading_semantic=&#8221;h6&#8243; text_size=&#8221;fontsize-160000&#8243; text_transform=&#8221;uppercase&#8221; text_space=&#8221;fontspace-135905&#8243;]Eat and drink[\/vc_custom_heading][vc_custom_heading text_color=&#8221;color-466432&#8243; heading_semantic=&#8221;h3&#8243; text_size=&#8221;fontsize-155944&#8243;]Kallio-Kuninkala summer caf\u00e9[\/vc_custom_heading][vc_column_text uncode_shortcode_id=&#8221;197669&#8243;]The Sibelius Academy &#8211; nowadays part of the University of Arts &#8211; one of the world\u00b4s leading music conservatories, has been operating in Kallio-Kuninkala, located by the Lake Tuusula in J\u00e4rvenp\u00e4\u00e4 since 1987.<\/p>\n<p>Kallio-Kuninkala has a popular summer caf\u00e9 and provides catering service.[\/vc_column_text][\/vc_column][\/vc_row][vc_row unlock_row_content=&#8221;yes&#8221; row_height_percent=&#8221;55&#8243; override_padding=&#8221;yes&#8221; h_padding=&#8221;0&#8243; top_padding=&#8221;2&#8243; bottom_padding=&#8221;0&#8243; overlay_alpha=&#8221;50&#8243; equal_height=&#8221;yes&#8221; gutter_size=&#8221;0&#8243; column_width_percent=&#8221;100&#8243; shift_y=&#8221;0&#8243; z_index=&#8221;0&#8243; row_name=&#8221;kartta&#8221;][vc_column column_width_percent=&#8221;100&#8243; gutter_size=&#8221;3&#8243; override_padding=&#8221;yes&#8221; column_padding=&#8221;4&#8243; style=&#8221;dark&#8221; back_color=&#8221;color-wayh&#8221; overlay_alpha=&#8221;50&#8243; shift_x=&#8221;0&#8243; shift_y=&#8221;0&#8243; shift_y_down=&#8221;0&#8243; z_index=&#8221;0&#8243; medium_width=&#8221;0&#8243; mobile_width=&#8221;0&#8243; width=&#8221;1\/2&#8243; mobile_height=&#8221;360&#8243;][vc_gmaps latlon=&#8221;60.447225, 25.084751&#8243; map_color=&#8221;color-466432&#8243; ui_color=&#8221;color-466432&#8243; zoom=&#8221;13&#8243; map_saturation=&#8221;-100&#8243; map_brightness=&#8221;0&#8243; mobile_no_drag=&#8221;yes&#8221;][\/vc_column][vc_column column_width_use_pixel=&#8221;yes&#8221; position_vertical=&#8221;middle&#8221; align_horizontal=&#8221;align_center&#8221; gutter_size=&#8221;2&#8243; override_padding=&#8221;yes&#8221; column_padding=&#8221;3&#8243; style=&#8221;dark&#8221; back_color=&#8221;color-466432&#8243; overlay_alpha=&#8221;50&#8243; shift_x=&#8221;0&#8243; shift_y=&#8221;0&#8243; shift_y_down=&#8221;0&#8243; z_index=&#8221;0&#8243; medium_width=&#8221;0&#8243; mobile_width=&#8221;0&#8243; width=&#8221;1\/2&#8243; column_width_pixel=&#8221;600&#8243;][vc_custom_heading heading_semantic=&#8221;h3&#8243;]Kallio-Kuninkala&#8217;s connections to the Artist Community[\/vc_custom_heading][vc_column_text]Business person K.A. Paloheimo lived in Kallio-Kuninkala with his family the same time as the museum road Rantatie&#8217;s Artist Community. Of the family&#8217;s five sons, three found spouses from the region&#8217;s artist families, one became Sibelius&#8217; son-in-law, one Pekka Halonen&#8217;s son-in-law and one Eero J\u00e4rnefelt&#8217;s son-in-law. Today, the farm houses the Sibelius Academy Course Centre. Read more about Kallio-Kuninkala&#8217;s colourful history on the site&#8217;s own website.[\/vc_column_text][\/vc_column][\/vc_row]<\/p>\n<\/div>","protected":false},"excerpt":{"rendered":"<p>[vc_row row_height_percent=&#8221;43&#8243; back_image=&#8221;625&#8243; overlay_color=&#8221;color-jevc&#8221; overlay_alpha=&#8221;10&#8243; gutter_size=&#8221;3&#8243; column_width_percent=&#8221;100&#8243; shift_y=&#8221;0&#8243; z_index=&#8221;0&#8243;][vc_column column_width_percent=&#8221;100&#8243; position_vertical=&#8221;middle&#8221; align_horizontal=&#8221;align_center&#8221; gutter_size=&#8221;3&#8243; style=&#8221;dark&#8221; overlay_alpha=&#8221;50&#8243; shift_x=&#8221;0&#8243; shift_y=&#8221;0&#8243; shift_y_down=&#8221;0&#8243; z_index=&#8221;0&#8243; medium_width=&#8221;0&#8243; [&hellip;]<\/p>\n","protected":false},"author":6,"featured_media":1099,"parent":2074,"menu_order":0,"comment_status":"closed","ping_status":"closed","template":"","meta":{"om_disable_all_campaigns":false,"_monsterinsights_skip_tracking":false,"_monsterinsights_sitenote_active":false,"_monsterinsights_sitenote_note":"","_monsterinsights_sitenote_category":0,"_uf_show_specific_survey":0,"_uf_disable_surveys":false,"footnotes":""},"class_list":["post-2094","page","type-page","status-publish","has-post-thumbnail","hentry"],"aioseo_notices":[],"_links":{"self":[{"href":"https:\/\/www.visittuusulanjarvi.fi\/en\/wp-json\/wp\/v2\/pages\/2094","targetHints":{"allow":["GET"]}}],"collection":[{"href":"https:\/\/www.visittuusulanjarvi.fi\/en\/wp-json\/wp\/v2\/pages"}],"about":[{"href":"https:\/\/www.visittuusulanjarvi.fi\/en\/wp-json\/wp\/v2\/types\/page"}],"author":[{"embeddable":true,"href":"https:\/\/www.visittuusulanjarvi.fi\/en\/wp-json\/wp\/v2\/users\/6"}],"replies":[{"embeddable":true,"href":"https:\/\/www.visittuusulanjarvi.fi\/en\/wp-json\/wp\/v2\/comments?post=2094"}],"version-history":[{"count":14,"href":"https:\/\/www.visittuusulanjarvi.fi\/en\/wp-json\/wp\/v2\/pages\/2094\/revisions"}],"predecessor-version":[{"id":8186,"href":"https:\/\/www.visittuusulanjarvi.fi\/en\/wp-json\/wp\/v2\/pages\/2094\/revisions\/8186"}],"up":[{"embeddable":true,"href":"https:\/\/www.visittuusulanjarvi.fi\/en\/wp-json\/wp\/v2\/pages\/2074"}],"wp:featuredmedia":[{"embeddable":true,"href":"https:\/\/www.visittuusulanjarvi.fi\/en\/wp-json\/wp\/v2\/media\/1099"}],"wp:attachment":[{"href":"https:\/\/www.visittuusulanjarvi.fi\/en\/wp-json\/wp\/v2\/media?parent=2094"}],"curies":[{"name":"wp","href":"https:\/\/api.w.org\/{rel}","templated":true}]}}