{"id":2090,"date":"2020-06-11T05:18:54","date_gmt":"2020-06-11T05:18:54","guid":{"rendered":"http:\/\/www.visittuusulanjarvi.fi\/syo-ja-juo\/kahvila-aulis\/"},"modified":"2025-05-15T14:40:09","modified_gmt":"2025-05-15T11:40:09","slug":"cafe-aulis","status":"publish","type":"page","link":"https:\/\/www.visittuusulanjarvi.fi\/en\/eat-and-drink\/cafe-aulis\/","title":{"rendered":"Caf\u00e9 Aulis"},"content":{"rendered":"<div class=\"wpb-content-wrapper\"><p>[vc_row row_height_percent=&#8221;43&#8243; back_image=&#8221;621&#8243; overlay_color=&#8221;color-jevc&#8221; overlay_alpha=&#8221;10&#8243; gutter_size=&#8221;3&#8243; column_width_percent=&#8221;100&#8243; shift_y=&#8221;0&#8243; z_index=&#8221;0&#8243;][vc_column column_width_percent=&#8221;100&#8243; position_vertical=&#8221;middle&#8221; align_horizontal=&#8221;align_center&#8221; gutter_size=&#8221;3&#8243; style=&#8221;dark&#8221; overlay_alpha=&#8221;50&#8243; shift_x=&#8221;0&#8243; shift_y=&#8221;0&#8243; shift_y_down=&#8221;0&#8243; z_index=&#8221;0&#8243; medium_width=&#8221;0&#8243; mobile_width=&#8221;0&#8243; width=&#8221;1\/1&#8243;][vc_custom_heading text_size=&#8221;fontsize-155944&#8243; text_transform=&#8221;uppercase&#8221;]Caf\u00e9 Aulis[\/vc_custom_heading][\/vc_column][\/vc_row][vc_row row_height_percent=&#8221;0&#8243; override_padding=&#8221;yes&#8221; h_padding=&#8221;2&#8243; top_padding=&#8221;2&#8243; bottom_padding=&#8221;2&#8243; back_color=&#8221;color-466432&#8243; overlay_alpha=&#8221;50&#8243; gutter_size=&#8221;3&#8243; column_width_percent=&#8221;100&#8243; shift_y=&#8221;0&#8243; z_index=&#8221;0&#8243;][vc_column column_width_percent=&#8221;100&#8243; gutter_size=&#8221;3&#8243; style=&#8221;dark&#8221; overlay_alpha=&#8221;50&#8243; shift_x=&#8221;0&#8243; shift_y=&#8221;0&#8243; shift_y_down=&#8221;0&#8243; z_index=&#8221;0&#8243; medium_width=&#8221;0&#8243; mobile_width=&#8221;0&#8243; width=&#8221;1\/1&#8243;][vc_column_text text_lead=&#8221;yes&#8221; uncode_shortcode_id=&#8221;204623&#8243;]<strong>Address<\/strong>: <a href=\"https:\/\/maps.app.goo.gl\/xtze65hPGgorv3WX8\" target=\"_blank\" rel=\"noopener\">Ainolankatu 1, J\u00e4rvenp\u00e4\u00e4<\/a><br \/>\n<strong>Phone: <\/strong>+35844-5757505<br \/>\n<strong>E-mail:<\/strong> <a href=\"mailto:aulis@ainola.fi\">aulis@ainola.fi<\/a><br \/>\n<strong>Website:<\/strong>\u00a0<a href=\"http:\/\/www.ainola.fi\/?lang=en\" target=\"_blank\" rel=\"noopener noreferrer\">www.ainola.fi<\/a>[\/vc_column_text][\/vc_column][\/vc_row][vc_row unlock_row_content=&#8221;yes&#8221; row_height_percent=&#8221;0&#8243; override_padding=&#8221;yes&#8221; h_padding=&#8221;0&#8243; top_padding=&#8221;2&#8243; bottom_padding=&#8221;0&#8243; overlay_alpha=&#8221;80&#8243; equal_height=&#8221;yes&#8221; gutter_size=&#8221;4&#8243; column_width_percent=&#8221;100&#8243; shift_y=&#8221;0&#8243; z_index=&#8221;0&#8243; row_name=&#8221;intro&#8221;][vc_column column_width_percent=&#8221;100&#8243; align_horizontal=&#8221;align_center&#8221; gutter_size=&#8221;3&#8243; override_padding=&#8221;yes&#8221; column_padding=&#8221;3&#8243; style=&#8221;light&#8221; overlay_alpha=&#8221;50&#8243; shift_x=&#8221;0&#8243; shift_y=&#8221;0&#8243; shift_y_down=&#8221;0&#8243; z_index=&#8221;0&#8243; medium_width=&#8221;0&#8243; mobile_width=&#8221;0&#8243; width=&#8221;1\/1&#8243;][vc_custom_heading heading_semantic=&#8221;h6&#8243; text_size=&#8221;fontsize-160000&#8243; text_transform=&#8221;uppercase&#8221; text_space=&#8221;fontspace-135905&#8243;]Eat and drink[\/vc_custom_heading][vc_custom_heading text_color=&#8221;color-466432&#8243; heading_semantic=&#8221;h3&#8243; text_size=&#8221;fontsize-155944&#8243;]Caf\u00e9 Aulis, Ainola[\/vc_custom_heading][vc_column_text]Caf\u00e9 Aulis is the caf\u00e9 of the Ainola museum, close to the main entrance. In the 1970s Sibelius\u2019s son-in-law Aulis Blomstedt designed a building including accommodation for the caretaker, and this was renovated and turned into a caf\u00e9 in 2009\u201310.<\/p>\n<p>At Caf\u00e9 Aulis you can enjoy freshly baked pastries, buns and rolls with organic coffee, tea or fruit juice. The products are always freshly made on the premises. We use organic ingredients and pure cane sugar. You can enjoy your refreshments in the comfortable indoor area or on our bright, attractive terrace. Aulis also produces cakes to order. It is also possible to book the caf\u00e9 for private functions and parties outside normal opening hours.[\/vc_column_text][\/vc_column][\/vc_row][vc_row][vc_column width=&#8221;1\/2&#8243;][vc_single_image media=&#8221;7664&#8243; media_width_percent=&#8221;100&#8243; uncode_shortcode_id=&#8221;102835&#8243;][\/vc_column][vc_column width=&#8221;1\/2&#8243;][vc_single_image media=&#8221;7666&#8243; media_width_percent=&#8221;100&#8243; uncode_shortcode_id=&#8221;986459&#8243;][\/vc_column][\/vc_row]<\/p>\n<\/div>","protected":false},"excerpt":{"rendered":"<p>[vc_row row_height_percent=&#8221;43&#8243; back_image=&#8221;621&#8243; overlay_color=&#8221;color-jevc&#8221; overlay_alpha=&#8221;10&#8243; gutter_size=&#8221;3&#8243; column_width_percent=&#8221;100&#8243; shift_y=&#8221;0&#8243; z_index=&#8221;0&#8243;][vc_column column_width_percent=&#8221;100&#8243; position_vertical=&#8221;middle&#8221; align_horizontal=&#8221;align_center&#8221; gutter_size=&#8221;3&#8243; style=&#8221;dark&#8221; overlay_alpha=&#8221;50&#8243; shift_x=&#8221;0&#8243; shift_y=&#8221;0&#8243; shift_y_down=&#8221;0&#8243; z_index=&#8221;0&#8243; medium_width=&#8221;0&#8243; [&hellip;]<\/p>\n","protected":false},"author":6,"featured_media":1098,"parent":2074,"menu_order":0,"comment_status":"closed","ping_status":"closed","template":"","meta":{"om_disable_all_campaigns":false,"_monsterinsights_skip_tracking":false,"_monsterinsights_sitenote_active":false,"_monsterinsights_sitenote_note":"","_monsterinsights_sitenote_category":0,"_uf_show_specific_survey":0,"_uf_disable_surveys":false,"footnotes":""},"class_list":["post-2090","page","type-page","status-publish","has-post-thumbnail","hentry"],"aioseo_notices":[],"_links":{"self":[{"href":"https:\/\/www.visittuusulanjarvi.fi\/en\/wp-json\/wp\/v2\/pages\/2090","targetHints":{"allow":["GET"]}}],"collection":[{"href":"https:\/\/www.visittuusulanjarvi.fi\/en\/wp-json\/wp\/v2\/pages"}],"about":[{"href":"https:\/\/www.visittuusulanjarvi.fi\/en\/wp-json\/wp\/v2\/types\/page"}],"author":[{"embeddable":true,"href":"https:\/\/www.visittuusulanjarvi.fi\/en\/wp-json\/wp\/v2\/users\/6"}],"replies":[{"embeddable":true,"href":"https:\/\/www.visittuusulanjarvi.fi\/en\/wp-json\/wp\/v2\/comments?post=2090"}],"version-history":[{"count":9,"href":"https:\/\/www.visittuusulanjarvi.fi\/en\/wp-json\/wp\/v2\/pages\/2090\/revisions"}],"predecessor-version":[{"id":7886,"href":"https:\/\/www.visittuusulanjarvi.fi\/en\/wp-json\/wp\/v2\/pages\/2090\/revisions\/7886"}],"up":[{"embeddable":true,"href":"https:\/\/www.visittuusulanjarvi.fi\/en\/wp-json\/wp\/v2\/pages\/2074"}],"wp:featuredmedia":[{"embeddable":true,"href":"https:\/\/www.visittuusulanjarvi.fi\/en\/wp-json\/wp\/v2\/media\/1098"}],"wp:attachment":[{"href":"https:\/\/www.visittuusulanjarvi.fi\/en\/wp-json\/wp\/v2\/media?parent=2090"}],"curies":[{"name":"wp","href":"https:\/\/api.w.org\/{rel}","templated":true}]}}