{"id":1886,"date":"2020-06-30T16:42:15","date_gmt":"2020-06-30T16:42:15","guid":{"rendered":"http:\/\/www.visittuusulanjarvi.fi\/?page_id=1886"},"modified":"2026-03-19T13:08:44","modified_gmt":"2026-03-19T11:08:44","slug":"accessibility","status":"publish","type":"page","link":"https:\/\/www.visittuusulanjarvi.fi\/en\/travel-info\/accessibility\/","title":{"rendered":"Accessibility"},"content":{"rendered":"<div class=\"wpb-content-wrapper\"><p>[vc_row row_height_percent=&#8221;43&#8243; back_image=&#8221;8800&#8243; overlay_color=&#8221;color-jevc&#8221; overlay_alpha=&#8221;10&#8243; gutter_size=&#8221;3&#8243; column_width_percent=&#8221;100&#8243; shift_y=&#8221;0&#8243; z_index=&#8221;0&#8243; uncode_shortcode_id=&#8221;110988&#8243; overlay_color_type=&#8221;uncode-palette&#8221;][vc_column column_width_percent=&#8221;100&#8243; position_vertical=&#8221;middle&#8221; align_horizontal=&#8221;align_center&#8221; gutter_size=&#8221;3&#8243; style=&#8221;dark&#8221; back_image=&#8221;9025&#8243; overlay_alpha=&#8221;50&#8243; shift_x=&#8221;0&#8243; shift_y=&#8221;0&#8243; shift_y_down=&#8221;0&#8243; z_index=&#8221;0&#8243; medium_width=&#8221;0&#8243; mobile_width=&#8221;0&#8243; width=&#8221;1\/1&#8243; uncode_shortcode_id=&#8221;188551&#8243;][vc_custom_heading text_size=&#8221;fontsize-155944&#8243; text_transform=&#8221;uppercase&#8221;]Accessibility[\/vc_custom_heading][\/vc_column][\/vc_row][vc_row unlock_row_content=&#8221;yes&#8221; row_height_percent=&#8221;0&#8243; override_padding=&#8221;yes&#8221; h_padding=&#8221;0&#8243; top_padding=&#8221;2&#8243; bottom_padding=&#8221;0&#8243; overlay_alpha=&#8221;80&#8243; equal_height=&#8221;yes&#8221; gutter_size=&#8221;4&#8243; column_width_percent=&#8221;100&#8243; shift_y=&#8221;0&#8243; z_index=&#8221;0&#8243; row_name=&#8221;intro&#8221;][vc_column column_width_percent=&#8221;100&#8243; align_horizontal=&#8221;align_center&#8221; gutter_size=&#8221;3&#8243; override_padding=&#8221;yes&#8221; column_padding=&#8221;3&#8243; style=&#8221;light&#8221; overlay_alpha=&#8221;50&#8243; shift_x=&#8221;0&#8243; shift_y=&#8221;0&#8243; shift_y_down=&#8221;0&#8243; z_index=&#8221;0&#8243; medium_width=&#8221;0&#8243; mobile_width=&#8221;0&#8243; width=&#8221;1\/1&#8243;][vc_custom_heading heading_semantic=&#8221;h6&#8243; text_size=&#8221;fontsize-160000&#8243; text_transform=&#8221;uppercase&#8221; text_space=&#8221;fontspace-135905&#8243;]Travel info[\/vc_custom_heading][vc_custom_heading text_color=&#8221;accent&#8221; heading_semantic=&#8221;h3&#8243; text_size=&#8221;fontsize-155944&#8243;]Accessibility of the sites[\/vc_custom_heading][vc_column_text]For this section we have gathered a general answers about the accessibility of our museum sites in the area. More detailed information can be obtained directly from the museums.<\/p>\n<p>Many of the museums sites are old and some have been residential buildings, which is why not all have taken into account accessibility as well as turning them completely accessible is unfortunately not possible.[\/vc_column_text][vc_custom_heading text_color=&#8221;accent&#8221; text_size=&#8221;h4&#8243; separator=&#8221;under&#8221; subheading=&#8221;Parking &#8211; Disabled parking in the Ainola parking lot. Visiting Ainola is unobstructed.<br \/>\nTickets &#8211; The ticket office is located on the ground, wheelchair accessible.<br \/>\nGuided tours &#8211; Guided tours also apply to special groups.<br \/>\nPersonal assistants &#8211; free admission.<br \/>\nGuide dog &#8211; Guide and assistance dogs are welcome.<br \/>\nCaf\u00e9 &#8211; The caf\u00e9 is located next to the ticket office. The entrance is unobstructed.<br \/>\nMuseum shop &#8211; The museum shop is located at the ticket office. The entrance is wheelchair accessible.<br \/>\nToilet &#8211; There is a toilet for the disabled and a childcare room in connection with the public toilet.&#8221;]Ainola &#8211; info(at)ainola.fi , 09 287 322 (open from May to September)[\/vc_custom_heading][vc_custom_heading text_color=&#8221;accent&#8221; text_size=&#8221;h4&#8243; separator=&#8221;under&#8221; subheading=&#8221;Parking &#8211; Disabled parking next to the building.<br \/>\nTickets &#8211; Ticket sales in the exhibition space.<br \/>\nGuided tours &#8211; Guided tours also apply to special groups.<br \/>\nMuseum Shop &#8211; The museum shop and coffee shop are located next to the ticket office.<br \/>\nCoat rack &#8211; The lockable coat rack is located in the hallway.<br \/>\nPersonal assistants &#8211; Free admission.<br \/>\nGuide dog &#8211; Guide and assistance dogs are welcome at the museum.<br \/>\nToilet &#8211; There is a toilet for the disabled downstairs.<br \/>\nEntrance &#8211; There is a ramp for the disabled in the Ahola building. There are low thresholds in the showrooms.&#8221;]Ahola &#8211; ahola(at)jarvenpaa.fi , 040 315 2213 (open from May to September)[\/vc_custom_heading][vc_custom_heading text_color=&#8221;accent&#8221; text_size=&#8221;h4&#8243; separator=&#8221;under&#8221; subheading=&#8221;Parking &#8211; Disabled parking next to the building.<br \/>\nTickets &#8211; Inside and there is a staircase for ticket sales. A ramp can be brought to the front door if agreed separately.<br \/>\nInterior &#8211; On the ground floor of the building you can move around with a small wheelchair or rollator. Narrow stairs to get upstairs.<br \/>\nPersonal assistants &#8211; Free admission.<br \/>\nGuide dogs &#8211; Guide and assistance dogs are welcome.<br \/>\nGuided tours &#8211; Guided tours also apply to special groups.&#8221;]Erkkola &#8211; erkkola(at)tuusula.fi , 040 314 3465, 040 314 3468[\/vc_custom_heading][vc_custom_heading text_color=&#8221;accent&#8221; text_size=&#8221;h4&#8243; separator=&#8221;under&#8221; subheading=&#8221;Parking &#8211; Disabled parking in front of the building.<br \/>\nThe entrance, ticket sales and caf\u00e9 &#8211; unobstructed access is at the back of the building.<br \/>\nMuseum shop &#8211; in connection with ticket sales.<br \/>\nAccess &#8211; the museum area is unobstructed. The museum\u2019s exhibitions are wheelchair accessible.<br \/>\nPersonal assistants &#8211; Free admission.<br \/>\nGuide dogs &#8211; Guide and assistance dogs are welcome.<br \/>\nToilet &#8211; accessible toilet&#8221;]Ilmatorjuntamuseo &#8211; itmuseo(at)ilmatorjuntamuseo.fi , 040 314 3470[\/vc_custom_heading][vc_custom_heading text_color=&#8221;accent&#8221; text_size=&#8221;h4&#8243; separator=&#8221;under&#8221; subheading=&#8221;Parking and ticket sales &#8211; The Halosenniemi parking is about 100 meters from the museum.<br \/>\nAccess &#8211; A steep staircase with a partial handrail leads to the atelier building. The stairs and doorways leading to the second floor of the building are narrow. For a wheelchair, a ramp can be installed on the kitchen staircase, which should be agreed to in advance. The ascent is steep and requires an assistant. In the downstairs atelier you can move around in a small wheelchair. In winter when there is snow, Halosenniemi is not wheelchair accessible.<br \/>\nPersonal assistants &#8211; Free admission. The presence of a personal assistant is recommended.<br \/>\nGuide dogs &#8211; Guide and assistance dogs are welcome.<br \/>\nFor the visually impaired &#8211; information about Pekka Halonen and the history of Halosenniemi is available in Braille and audio recording.&#8221;]Halosenniemi &#8211; halosenniemi(at)tuusula.fi , 040 314 3467, 040 314 3469[\/vc_custom_heading][vc_custom_heading text_color=&#8221;accent&#8221; text_size=&#8221;h4&#8243; separator=&#8221;under&#8221; subheading=&#8221;Parking &#8211; The distance from the disabled parking space to the entrance is about 50 m.<br \/>\nTickets &#8211; Ticket sales in the exhibition space. Access from the foyer to the exhibition space through a glass door.<br \/>\nGuided tours &#8211; Guided tours also apply to special groups.<br \/>\nMuseum shop &#8211; The museum shop is located at the ticket sales.<br \/>\nCoat rack &#8211; The coat rack is located in the hallway.<br \/>\nPersonal assistants &#8211; Free admission.<br \/>\nGuide dog &#8211; Guide and assistance dogs are welcome at the museum.<br \/>\nToilet &#8211; The toilet for the disabled is located at the back of the exhibition space.<br \/>\nEntrance &#8211; Unobstructed entrance from the main door of the library. The elevator brings the art museum into the foyer.&#8221;]J\u00e4rvenp\u00e4\u00e4n Art Museum &#8211; taidemuseo(at)jarvenpaa.fi, 040 315 3881[\/vc_custom_heading][vc_custom_heading text_color=&#8221;accent&#8221; text_size=&#8221;h4&#8243; separator=&#8221;under&#8221; subheading=&#8221;Suviranta is not suitable for the disabled, it is not possible to move around indoors with a wheelchair or rollator.&#8221;]Suviranta &#8211; suviranta(at)jarvenpaa.fi , 040 315 3881[\/vc_custom_heading][\/vc_column][\/vc_row]<\/p>\n<\/div>","protected":false},"excerpt":{"rendered":"<p>[vc_row row_height_percent=&#8221;43&#8243; back_image=&#8221;8800&#8243; overlay_color=&#8221;color-jevc&#8221; overlay_alpha=&#8221;10&#8243; gutter_size=&#8221;3&#8243; column_width_percent=&#8221;100&#8243; shift_y=&#8221;0&#8243; z_index=&#8221;0&#8243; uncode_shortcode_id=&#8221;110988&#8243; overlay_color_type=&#8221;uncode-palette&#8221;][vc_column column_width_percent=&#8221;100&#8243; position_vertical=&#8221;middle&#8221; align_horizontal=&#8221;align_center&#8221; gutter_size=&#8221;3&#8243; style=&#8221;dark&#8221; back_image=&#8221;9025&#8243; overlay_alpha=&#8221;50&#8243; shift_x=&#8221;0&#8243; shift_y=&#8221;0&#8243; [&hellip;]<\/p>\n","protected":false},"author":6,"featured_media":0,"parent":1514,"menu_order":0,"comment_status":"closed","ping_status":"closed","template":"","meta":{"om_disable_all_campaigns":false,"_monsterinsights_skip_tracking":false,"_monsterinsights_sitenote_active":false,"_monsterinsights_sitenote_note":"","_monsterinsights_sitenote_category":0,"_uf_show_specific_survey":0,"_uf_disable_surveys":false,"footnotes":""},"class_list":["post-1886","page","type-page","status-publish","hentry"],"aioseo_notices":[],"_links":{"self":[{"href":"https:\/\/www.visittuusulanjarvi.fi\/en\/wp-json\/wp\/v2\/pages\/1886","targetHints":{"allow":["GET"]}}],"collection":[{"href":"https:\/\/www.visittuusulanjarvi.fi\/en\/wp-json\/wp\/v2\/pages"}],"about":[{"href":"https:\/\/www.visittuusulanjarvi.fi\/en\/wp-json\/wp\/v2\/types\/page"}],"author":[{"embeddable":true,"href":"https:\/\/www.visittuusulanjarvi.fi\/en\/wp-json\/wp\/v2\/users\/6"}],"replies":[{"embeddable":true,"href":"https:\/\/www.visittuusulanjarvi.fi\/en\/wp-json\/wp\/v2\/comments?post=1886"}],"version-history":[{"count":9,"href":"https:\/\/www.visittuusulanjarvi.fi\/en\/wp-json\/wp\/v2\/pages\/1886\/revisions"}],"predecessor-version":[{"id":9521,"href":"https:\/\/www.visittuusulanjarvi.fi\/en\/wp-json\/wp\/v2\/pages\/1886\/revisions\/9521"}],"up":[{"embeddable":true,"href":"https:\/\/www.visittuusulanjarvi.fi\/en\/wp-json\/wp\/v2\/pages\/1514"}],"wp:attachment":[{"href":"https:\/\/www.visittuusulanjarvi.fi\/en\/wp-json\/wp\/v2\/media?parent=1886"}],"curies":[{"name":"wp","href":"https:\/\/api.w.org\/{rel}","templated":true}]}}