{"id":1854,"date":"2020-06-30T15:05:35","date_gmt":"2020-06-30T15:05:35","guid":{"rendered":"http:\/\/www.visittuusulanjarvi.fi\/?page_id=1854"},"modified":"2026-03-19T13:03:48","modified_gmt":"2026-03-19T11:03:48","slug":"map","status":"publish","type":"page","link":"https:\/\/www.visittuusulanjarvi.fi\/en\/map\/","title":{"rendered":"Map"},"content":{"rendered":"<div class=\"wpb-content-wrapper\"><p>[vc_row unlock_row_content=&#8221;yes&#8221; row_height_percent=&#8221;0&#8243; override_padding=&#8221;yes&#8221; h_padding=&#8221;0&#8243; top_padding=&#8221;2&#8243; bottom_padding=&#8221;0&#8243; back_image=&#8221;6668&#8243; overlay_alpha=&#8221;80&#8243; equal_height=&#8221;yes&#8221; gutter_size=&#8221;4&#8243; column_width_percent=&#8221;100&#8243; shift_y=&#8221;0&#8243; z_index=&#8221;0&#8243; row_name=&#8221;intro&#8221; uncode_shortcode_id=&#8221;104473&#8243;][vc_column column_width_percent=&#8221;100&#8243; align_horizontal=&#8221;align_center&#8221; gutter_size=&#8221;3&#8243; override_padding=&#8221;yes&#8221; column_padding=&#8221;3&#8243; style=&#8221;light&#8221; overlay_alpha=&#8221;50&#8243; shift_x=&#8221;0&#8243; shift_y=&#8221;0&#8243; shift_y_down=&#8221;0&#8243; z_index=&#8221;0&#8243; medium_width=&#8221;0&#8243; mobile_width=&#8221;0&#8243; width=&#8221;1\/1&#8243;][vc_custom_heading heading_semantic=&#8221;h6&#8243; text_size=&#8221;fontsize-160000&#8243; text_transform=&#8221;uppercase&#8221; text_space=&#8221;fontspace-135905&#8243;]Travel info[\/vc_custom_heading][vc_custom_heading text_color=&#8221;accent&#8221; heading_semantic=&#8221;h3&#8243; text_size=&#8221;fontsize-155944&#8243;]Map of Lake Tuusula area[\/vc_custom_heading][\/vc_column][\/vc_row][vc_row unlock_row_content=&#8221;yes&#8221; row_height_percent=&#8221;0&#8243; override_padding=&#8221;yes&#8221; h_padding=&#8221;0&#8243; top_padding=&#8221;0&#8243; bottom_padding=&#8221;0&#8243; overlay_alpha=&#8221;50&#8243; gutter_size=&#8221;3&#8243; column_width_percent=&#8221;100&#8243; shift_y=&#8221;0&#8243; z_index=&#8221;0&#8243;][vc_column width=&#8221;1\/1&#8243;]Hyv\u00e4ksy ev\u00e4steet niin n\u00e4et t\u00e4m\u00e4n kartan![\/vc_column][\/vc_row][vc_row unlock_row_content=&#8221;yes&#8221; row_height_percent=&#8221;0&#8243; overlay_alpha=&#8221;50&#8243; gutter_size=&#8221;4&#8243; column_width_percent=&#8221;100&#8243; shift_y=&#8221;0&#8243; z_index=&#8221;0&#8243;][vc_column column_width_percent=&#8221;100&#8243; position_horizontal=&#8221;left&#8221; gutter_size=&#8221;3&#8243; overlay_alpha=&#8221;50&#8243; shift_x=&#8221;0&#8243; shift_y=&#8221;0&#8243; shift_y_down=&#8221;0&#8243; z_index=&#8221;0&#8243; medium_width=&#8221;0&#8243; mobile_width=&#8221;0&#8243; width=&#8221;1\/2&#8243;][vc_icon position=&#8221;left&#8221; title_aligned_icon=&#8221;yes&#8221; icon=&#8221;fa fa-map-marker&#8221; icon_color=&#8221;accent&#8221; size=&#8221;fa-3x&#8221; title=&#8221;Activites&#8221;][\/vc_icon][vc_column_text]<\/p>\n<h4>Small domestic animal farm and Caf\u00e9 Onni<\/h4>\n<p><strong>Address:<\/strong> Santavillantie 78, 04380 Tuusula<br \/>\n<strong>Opening hours:<\/strong> 31.5. &#8211; 2.8.2020 Tue &#8211; Sun at 10 am &#8211; 5 pm.<\/p>\n<h4>Housing Fair 2020<\/h4>\n<p><strong>Address:<\/strong> Rykmentintie, 04300 Tuusula<br \/>\n<strong>Opening hours:<\/strong> 10.7. \u2013 9.8.2020 at 10 am &#8211;\u00a0 6 pm Wednesdays 15.7., 22.7., 29.7. and 5.8. the fair area is open until 9 pm. During the Night of the Arts on Friday 7.8. the fair area is open until 8 pm.<\/p>\n<h4>Culture and Congress Centre J\u00e4rvenp\u00e4\u00e4-talo<\/h4>\n<p><strong>Address:<\/strong> Hallintokatu 4, J\u00e4rvenp\u00e4\u00e4<\/p>\n<h4>Tuusula&#8217;s Golf Club<\/h4>\n<p><strong>Address: <\/strong>Kirkkokatu 51, Tuusula<\/p>\n<h4>Krapi&#8217;s Paja<\/h4>\n<p><strong>Address: <\/strong>Rantatie 2, 04310 Tuusula[\/vc_column_text][vc_separator sep_color=&#8221;color-uydo&#8221;][vc_icon position=&#8221;left&#8221; title_aligned_icon=&#8221;yes&#8221; icon=&#8221;fa fa-map-marker&#8221; icon_color=&#8221;color-466432&#8243; size=&#8221;fa-3x&#8221; title=&#8221;Caf\u00e9s and restaurants&#8221;][\/vc_icon][vc_column_text uncode_shortcode_id=&#8221;451878&#8243;]<\/p>\n<h4>Vellikello caf\u00e9<\/h4>\n<p><strong>Address:<\/strong> Sibeliuksenv\u00e4yl\u00e4 53, J\u00e4rvenp\u00e4\u00e4<br \/>\n<strong>Opening hours:<\/strong> Summer caf\u00e9<\/p>\n<h4>Caf\u00e9 Aulis<\/h4>\n<p><strong>Address:<\/strong> Ainolankatu 1, J\u00e4rvenp\u00e4\u00e4<br \/>\n<strong>Opening hours:<\/strong> Open during Ainola&#8217;s opening hours<\/p>\n<h4>Kallio-Kuninkala<\/h4>\n<p><strong>Address:<\/strong> Ristinummentie 6, J\u00e4rvenp\u00e4\u00e4<br \/>\n<strong>Opening hours:<\/strong> Summer caf\u00e9[\/vc_column_text][vc_separator sep_color=&#8221;color-uydo&#8221;][vc_icon position=&#8221;left&#8221; title_aligned_icon=&#8221;yes&#8221; icon=&#8221;fa fa-map-marker&#8221; icon_color=&#8221;color-138649&#8243; size=&#8221;fa-3x&#8221; title=&#8221;Nature sites&#8221;][\/vc_icon][vc_column_text]<\/p>\n<h4>Fj\u00e4llbo park<\/h4>\n<p><strong>Address:<\/strong> Fj\u00e4llbo, Tuusula<\/p>\n<h4>Lake Tuusula bird lake, Tuusula<\/h4>\n<p><strong>Address:<\/strong> Koskenm\u00e4entie, Tuusula<\/p>\n<h4>Lake Tuusula bird lake, J\u00e4rvenp\u00e4\u00e4<\/h4>\n<p><strong>Address:<\/strong> Kaakkola, J\u00e4rvenp\u00e4\u00e4<\/p>\n<h4>Ruotsinkyl\u00e4<\/h4>\n<p><strong>Address:<\/strong> Ruotsinkyl\u00e4, Tuusula<\/p>\n<h4>Lemmenlaakso<\/h4>\n<p><strong>Address:<\/strong><br \/>\nIntersection of Vanha Lahdentie and Sipoontie, J\u00e4rvenp\u00e4\u00e4<\/p>\n<h4>Sarvikallio<\/h4>\n<p><strong>Address:<\/strong> Sarvikalliontie, 04300 Tuusula<\/p>\n<h4>Vanhankyl\u00e4nniemi<\/h4>\n<p><strong>Address:<\/strong> Vanhankyl\u00e4nniemi, J\u00e4rvenp\u00e4\u00e4[\/vc_column_text][\/vc_column][vc_column column_width_percent=&#8221;100&#8243; position_horizontal=&#8221;right&#8221; gutter_size=&#8221;3&#8243; overlay_alpha=&#8221;50&#8243; shift_x=&#8221;0&#8243; shift_y=&#8221;0&#8243; shift_y_down=&#8221;0&#8243; z_index=&#8221;0&#8243; medium_width=&#8221;0&#8243; mobile_width=&#8221;0&#8243; width=&#8221;1\/2&#8243;][vc_icon position=&#8221;left&#8221; title_aligned_icon=&#8221;yes&#8221; icon=&#8221;fa fa-map-marker&#8221; icon_color=&#8221;color-123583&#8243; size=&#8221;fa-3x&#8221; title=&#8221;Accommodation&#8221;][\/vc_icon][vc_column_text]<\/p>\n<h4>B&amp;B Pajula<\/h4>\n<p><strong>Address:<\/strong> Kiteentie 6, J\u00e4rvenp\u00e4\u00e4<\/p>\n<h4>Villa Tammikko<\/h4>\n<p><strong>Address:<\/strong> Maisalantie 237, Tuusula<\/p>\n<h4>Seurakuntaopisto<\/h4>\n<p><strong>Address:<\/strong> J\u00e4rvenp\u00e4\u00e4ntie 640, J\u00e4rvenp\u00e4\u00e4<\/p>\n<h4>Gustavelund<\/h4>\n<p><strong>Address:<\/strong> Kirkkotie 36, Tuusula<\/p>\n<h4>Krapi<\/h4>\n<p><strong>Address:<\/strong> Rantatie 2, Tuusula<\/p>\n<h4>Pescator Villas &#8211; Premium villas<\/h4>\n<p><strong>Adress:<\/strong> Kalamestarintie 6, Tuusula[\/vc_column_text][vc_separator sep_color=&#8221;color-uydo&#8221;][vc_icon position=&#8221;left&#8221; title_aligned_icon=&#8221;yes&#8221; icon=&#8221;fa fa-map-marker&#8221; icon_color=&#8221;color-994569&#8243; size=&#8221;fa-3x&#8221; title=&#8221;Museums&#8221;][\/vc_icon][vc_column_text uncode_shortcode_id=&#8221;154825&#8243;]<\/p>\n<h4>Klaavolan talo<\/h4>\n<p><strong>Address:<\/strong> Klaavolantie 3, Tuusula<\/p>\n<h4>Tuusula church<\/h4>\n<p><strong>Address:<\/strong> Kirkkotie 34, Tuusula<\/p>\n<h4>Aleksis Kivi memorial cottage<\/h4>\n<p><strong>Address:<\/strong> Rantatie, Tuusula<\/p>\n<h4>Erkkola<\/h4>\n<p><strong>Address:<\/strong> Rantatie 25, 04300 Tuusula<\/p>\n<h4>Suviranta<\/h4>\n<p><strong>Address:<\/strong> Suvirannankatu, J\u00e4rvenp\u00e4\u00e4<\/p>\n<h4>J\u00e4rvenp\u00e4\u00e4 Art Museum<\/h4>\n<p><strong>Address:<\/strong> Kirjastokatu 8, 04400 J\u00e4rvenp\u00e4\u00e4<\/p>\n<h4>Ilmatorjuntamuseo<\/h4>\n<p><strong>Address:<\/strong> Klaavolantie 2, 04300 Tuusula<\/p>\n<h4>Ahola<\/h4>\n<p><strong>Address:<\/strong> Sibeliuksenv\u00e4yl\u00e4 57, J\u00e4rvenp\u00e4\u00e4<br \/>\n<strong>Opening hours:<\/strong> Open from May to September, closed during winter.<\/p>\n<h4>Ainola<\/h4>\n<p><strong>Address:<\/strong> Ainolankatu, J\u00e4rvenp\u00e4\u00e4<br \/>\n<strong>Opening hours:<\/strong> From May to September Tue &#8211; Sun 10 am &#8211; 5 pm<\/p>\n<h4>Halosenniemi<\/h4>\n<p><strong>Address:<\/strong> Halosenniementie 4-6, Tuusula[\/vc_column_text][vc_separator sep_color=&#8221;color-uydo&#8221;][vc_icon position=&#8221;left&#8221; title_aligned_icon=&#8221;yes&#8221; icon=&#8221;fa fa-map-marker&#8221; icon_color=&#8221;color-jevc&#8221; size=&#8221;fa-3x&#8221; title=&#8221;Shopping&#8221;][\/vc_icon][vc_column_text uncode_shortcode_id=&#8221;110745&#8243;]<\/p>\n<h4>Somia Living<\/h4>\n<p><strong>Address:<\/strong> Nappulakatu 1, 04300 Tuusula<br \/>\n<strong>Opening hours:<\/strong> Tue-Fri at 10 am &#8211; 5 pm, Sat 10 am &#8211; 3 pm<\/p>\n<h4>Lassilan luomutila \/ Lassila organic farm<\/h4>\n<p><strong>Address:<\/strong> Paijalantie 341, Tuusulla<\/p>\n<h4>Pytingin Puoti<\/h4>\n<p><strong>Address:<\/strong> St\u00e5lhanentie 26, J\u00e4rvenp\u00e4\u00e4<\/p>\n<h4>Koiram\u00e4en pajutalli<\/h4>\n<p><strong>Address:<\/strong> Forsteninkuja 10, Tuusula<\/p>\n<h4>Villa Cooper<\/h4>\n<p><strong>Address:<\/strong> Myllytie 14, J\u00e4rvenp\u00e4\u00e4<\/p>\n<h4>Memories Marin boutique<\/h4>\n<p><strong>Address:<\/strong> Rantatie 110 B, Tuusula<br \/>\n<strong>Opening hours:<\/strong> The boutique is open around the year, but the opening hours vary depending on the season.[\/vc_column_text][\/vc_column][\/vc_row]<\/p>\n<\/div>","protected":false},"excerpt":{"rendered":"<p>[vc_row unlock_row_content=&#8221;yes&#8221; row_height_percent=&#8221;0&#8243; override_padding=&#8221;yes&#8221; h_padding=&#8221;0&#8243; top_padding=&#8221;2&#8243; bottom_padding=&#8221;0&#8243; back_image=&#8221;6668&#8243; overlay_alpha=&#8221;80&#8243; equal_height=&#8221;yes&#8221; gutter_size=&#8221;4&#8243; column_width_percent=&#8221;100&#8243; shift_y=&#8221;0&#8243; z_index=&#8221;0&#8243; row_name=&#8221;intro&#8221; uncode_shortcode_id=&#8221;104473&#8243;][vc_column column_width_percent=&#8221;100&#8243; align_horizontal=&#8221;align_center&#8221; gutter_size=&#8221;3&#8243; override_padding=&#8221;yes&#8221; [&hellip;]<\/p>\n","protected":false},"author":6,"featured_media":0,"parent":0,"menu_order":0,"comment_status":"closed","ping_status":"closed","template":"","meta":{"om_disable_all_campaigns":false,"_monsterinsights_skip_tracking":false,"_monsterinsights_sitenote_active":false,"_monsterinsights_sitenote_note":"","_monsterinsights_sitenote_category":0,"_uf_show_specific_survey":0,"_uf_disable_surveys":false,"footnotes":""},"class_list":["post-1854","page","type-page","status-publish","hentry"],"aioseo_notices":[],"_links":{"self":[{"href":"https:\/\/www.visittuusulanjarvi.fi\/en\/wp-json\/wp\/v2\/pages\/1854","targetHints":{"allow":["GET"]}}],"collection":[{"href":"https:\/\/www.visittuusulanjarvi.fi\/en\/wp-json\/wp\/v2\/pages"}],"about":[{"href":"https:\/\/www.visittuusulanjarvi.fi\/en\/wp-json\/wp\/v2\/types\/page"}],"author":[{"embeddable":true,"href":"https:\/\/www.visittuusulanjarvi.fi\/en\/wp-json\/wp\/v2\/users\/6"}],"replies":[{"embeddable":true,"href":"https:\/\/www.visittuusulanjarvi.fi\/en\/wp-json\/wp\/v2\/comments?post=1854"}],"version-history":[{"count":12,"href":"https:\/\/www.visittuusulanjarvi.fi\/en\/wp-json\/wp\/v2\/pages\/1854\/revisions"}],"predecessor-version":[{"id":9518,"href":"https:\/\/www.visittuusulanjarvi.fi\/en\/wp-json\/wp\/v2\/pages\/1854\/revisions\/9518"}],"wp:attachment":[{"href":"https:\/\/www.visittuusulanjarvi.fi\/en\/wp-json\/wp\/v2\/media?parent=1854"}],"curies":[{"name":"wp","href":"https:\/\/api.w.org\/{rel}","templated":true}]}}