{"id":1799,"date":"2020-06-24T11:25:07","date_gmt":"2020-06-24T11:25:07","guid":{"rendered":"http:\/\/www.visittuusulanjarvi.fi\/?page_id=1799"},"modified":"2020-09-14T11:50:31","modified_gmt":"2020-09-14T11:50:31","slug":"juhani-aho","status":"publish","type":"page","link":"https:\/\/www.visittuusulanjarvi.fi\/en\/see-and-do\/culture-and-museums\/artist-community\/juhani-aho\/","title":{"rendered":"Author Juhani Aho"},"content":{"rendered":"<div class=\"wpb-content-wrapper\"><p>[vc_row row_height_percent=&#8221;43&#8243; back_image=&#8221;359&#8243; overlay_color=&#8221;color-jevc&#8221; overlay_alpha=&#8221;15&#8243; gutter_size=&#8221;3&#8243; column_width_percent=&#8221;100&#8243; shift_y=&#8221;0&#8243; z_index=&#8221;0&#8243;][vc_column column_width_percent=&#8221;100&#8243; position_vertical=&#8221;middle&#8221; align_horizontal=&#8221;align_center&#8221; gutter_size=&#8221;3&#8243; style=&#8221;dark&#8221; overlay_alpha=&#8221;50&#8243; shift_x=&#8221;0&#8243; shift_y=&#8221;0&#8243; shift_y_down=&#8221;0&#8243; z_index=&#8221;0&#8243; medium_width=&#8221;0&#8243; mobile_width=&#8221;0&#8243; width=&#8221;1\/1&#8243;][vc_custom_heading text_size=&#8221;fontsize-155944&#8243; text_transform=&#8221;uppercase&#8221;]Author Juhani Aho[\/vc_custom_heading][\/vc_column][\/vc_row][vc_row unlock_row_content=&#8221;yes&#8221; row_height_percent=&#8221;0&#8243; override_padding=&#8221;yes&#8221; h_padding=&#8221;0&#8243; top_padding=&#8221;2&#8243; bottom_padding=&#8221;0&#8243; overlay_alpha=&#8221;80&#8243; equal_height=&#8221;yes&#8221; gutter_size=&#8221;4&#8243; column_width_percent=&#8221;100&#8243; shift_y=&#8221;0&#8243; z_index=&#8221;0&#8243; row_name=&#8221;intro&#8221;][vc_column column_width_percent=&#8221;100&#8243; align_horizontal=&#8221;align_center&#8221; gutter_size=&#8221;3&#8243; override_padding=&#8221;yes&#8221; column_padding=&#8221;3&#8243; style=&#8221;light&#8221; overlay_alpha=&#8221;50&#8243; shift_x=&#8221;0&#8243; shift_y=&#8221;0&#8243; shift_y_down=&#8221;0&#8243; z_index=&#8221;0&#8243; medium_width=&#8221;0&#8243; mobile_width=&#8221;0&#8243; width=&#8221;1\/1&#8243;][vc_custom_heading heading_semantic=&#8221;h6&#8243; text_size=&#8221;fontsize-160000&#8243; text_transform=&#8221;uppercase&#8221; text_space=&#8221;fontspace-135905&#8243;]See and do[\/vc_custom_heading][vc_custom_heading heading_semantic=&#8221;h3&#8243; text_size=&#8221;fontsize-155944&#8243; text_color=&#8221;accent&#8221;]Juhani Aho (1861 \u2013 1921)[\/vc_custom_heading][vc_column_text]uhani Aho was a Finnish author and journalist, who\u2019s also<br \/>\nknown as a father of the artists\u2019 community at Lake Tuusula. He and his wife Venny Soldan-Brofelt moved to Ahola in 1897 and thus encouraged fellow artists to move into the area. They are considered to be the founding members of the Lake Tuusula artist community.<\/p>\n<p>Juhani Aho was a down-to-earth writer as he was an enthusiastic fisherman and keen skier. He was the first Finnish author who made a living by writing. His first work Rautatie (Railway) was published 1884 and it is considered to be one of the classics of Finnish literature. Aho was nominated for the Nobel prize in literature twelve times.<\/p>\n<p>Ahola, Juhani Aho&#8217;s former residence currently used as a museum, is located near Ainola. Read more about Ahola <a href=\"https:\/\/www.visittuusulanjarvi.fi\/en\/see-and-do\/culture-and-museums\/ahola\">here<\/a>.<\/p>\n<p><em>Photos: J\u00e4rvenp\u00e4\u00e4 Art Museum, Finna \/ Museovirasto<\/em>[\/vc_column_text][vc_empty_space empty_h=&#8221;2&#8243;][vc_single_image media=&#8221;1800&#8243; media_width_percent=&#8221;65&#8243; alignment=&#8221;center&#8221;][vc_single_image media=&#8221;3239&#8243; media_width_percent=&#8221;65&#8243; alignment=&#8221;center&#8221;][\/vc_column][\/vc_row][vc_row][vc_column column_width_percent=&#8221;100&#8243; position_vertical=&#8221;middle&#8221; align_horizontal=&#8221;align_center&#8221; gutter_size=&#8221;3&#8243; overlay_alpha=&#8221;50&#8243; shift_x=&#8221;0&#8243; shift_y=&#8221;0&#8243; shift_y_down=&#8221;0&#8243; z_index=&#8221;0&#8243; medium_width=&#8221;0&#8243; mobile_width=&#8221;0&#8243; width=&#8221;1\/1&#8243;][vc_custom_heading heading_semantic=&#8221;h3&#8243; text_color=&#8221;accent&#8221;]Check out Juhani Aho related destinations:[\/vc_custom_heading][\/vc_column][\/vc_row][vc_row row_height_percent=&#8221;0&#8243; override_padding=&#8221;yes&#8221; h_padding=&#8221;0&#8243; top_padding=&#8221;2&#8243; bottom_padding=&#8221;0&#8243; overlay_alpha=&#8221;50&#8243; gutter_size=&#8221;3&#8243; column_width_percent=&#8221;100&#8243; shift_y=&#8221;0&#8243; z_index=&#8221;0&#8243;][vc_column column_width_percent=&#8221;100&#8243; align_horizontal=&#8221;align_center&#8221; gutter_size=&#8221;3&#8243; overlay_alpha=&#8221;50&#8243; shift_x=&#8221;0&#8243; shift_y=&#8221;0&#8243; shift_y_down=&#8221;0&#8243; z_index=&#8221;0&#8243; medium_width=&#8221;0&#8243; mobile_width=&#8221;0&#8243; width=&#8221;1\/3&#8243;][vc_single_image media=&#8221;1209&#8243; media_width_percent=&#8221;100&#8243; media_ratio=&#8221;one-one&#8221; alignment=&#8221;center&#8221; media_link=&#8221;url:http%3A%2F%2Fwww.visittuusulanjarvi.fi%2Fen%2Fsee-and-do%2Fculture-and-museums%2Fahola%2F|title:Ahola||&#8221;][vc_custom_heading heading_semantic=&#8221;h3&#8243; text_size=&#8221;h4&#8243;]<a href=\"http:\/\/www.visittuusulanjarvi.fi\/en\/see-and-do\/culture-and-museums\/ahola\/\">Ahola<\/a>[\/vc_custom_heading][vc_column_text]The former home museum of Juhani Aho, open to the public in summer.[\/vc_column_text][vc_button button_color=&#8221;accent&#8221; radius=&#8221;btn-square&#8221; outline=&#8221;yes&#8221; border_width=&#8221;5&#8243; link=&#8221;url:http%3A%2F%2Fwww.visittuusulanjarvi.fi%2Fen%2Fsee-and-do%2Fculture-and-museums%2Fahola%2F|title:Ahola||&#8221;]Check out[\/vc_button][\/vc_column][vc_column column_width_percent=&#8221;100&#8243; align_horizontal=&#8221;align_center&#8221; gutter_size=&#8221;3&#8243; overlay_alpha=&#8221;50&#8243; shift_x=&#8221;0&#8243; shift_y=&#8221;0&#8243; shift_y_down=&#8221;0&#8243; z_index=&#8221;0&#8243; medium_width=&#8221;0&#8243; mobile_width=&#8221;0&#8243; width=&#8221;1\/3&#8243;][vc_single_image media=&#8221;1371&#8243; media_width_percent=&#8221;100&#8243; media_ratio=&#8221;one-one&#8221; alignment=&#8221;center&#8221; media_link=&#8221;url:http%3A%2F%2Fwww.visittuusulanjarvi.fi%2Fen%2Fsee-and-do%2Fculture-and-museums%2Fainola%2F|title:Ainola||&#8221;][vc_custom_heading heading_semantic=&#8221;h3&#8243; text_size=&#8221;h4&#8243;]<a href=\"http:\/\/www.visittuusulanjarvi.fi\/en\/see-and-do\/culture-and-museums\/ainola\/\">Ainola<\/a>[\/vc_custom_heading][vc_column_text]Aino and Jean Sibelius&#8217; home museum is located right next to Ahola.[\/vc_column_text][vc_button button_color=&#8221;accent&#8221; radius=&#8221;btn-square&#8221; outline=&#8221;yes&#8221; border_width=&#8221;5&#8243; link=&#8221;url:http%3A%2F%2Fwww.visittuusulanjarvi.fi%2Fen%2Fsee-and-do%2Fculture-and-museums%2Fainola%2F|title:Ainola||&#8221;]Check out[\/vc_button][\/vc_column][vc_column column_width_percent=&#8221;100&#8243; align_horizontal=&#8221;align_center&#8221; gutter_size=&#8221;3&#8243; overlay_alpha=&#8221;50&#8243; shift_x=&#8221;0&#8243; shift_y=&#8221;0&#8243; shift_y_down=&#8221;0&#8243; z_index=&#8221;0&#8243; medium_width=&#8221;0&#8243; mobile_width=&#8221;0&#8243; width=&#8221;1\/3&#8243;][vc_single_image media=&#8221;387&#8243; media_width_percent=&#8221;100&#8243; media_ratio=&#8221;one-one&#8221; alignment=&#8221;center&#8221; media_link=&#8221;url:http%3A%2F%2Fwww.visittuusulanjarvi.fi%2Fen%2Fsee-and-do%2Fculture-and-museums%2Fhalosenniemi-museum%2F|title:Halosenniemi||&#8221;][vc_custom_heading heading_semantic=&#8221;h3&#8243; text_size=&#8221;h4&#8243;]<a href=\"http:\/\/www.visittuusulanjarvi.fi\/en\/see-and-do\/culture-and-museums\/halosenniemi-museum\/\">Halosenniemi<\/a>[\/vc_custom_heading][vc_column_text]Juhani Aho often visited Halosenniemi.[\/vc_column_text][vc_button button_color=&#8221;accent&#8221; radius=&#8221;btn-square&#8221; outline=&#8221;yes&#8221; border_width=&#8221;5&#8243; link=&#8221;url:http%3A%2F%2Fwww.visittuusulanjarvi.fi%2Fen%2Fsee-and-do%2Fculture-and-museums%2Fhalosenniemi-museum%2F|title:Halosenniemi||&#8221;]Check out[\/vc_button][\/vc_column][\/vc_row][vc_row unlock_row_content=&#8221;yes&#8221; row_height_percent=&#8221;0&#8243; override_padding=&#8221;yes&#8221; h_padding=&#8221;0&#8243; top_padding=&#8221;2&#8243; bottom_padding=&#8221;0&#8243; overlay_alpha=&#8221;80&#8243; equal_height=&#8221;yes&#8221; gutter_size=&#8221;4&#8243; column_width_percent=&#8221;100&#8243; shift_y=&#8221;0&#8243; z_index=&#8221;0&#8243; row_name=&#8221;intro&#8221;][vc_column column_width_percent=&#8221;100&#8243; align_horizontal=&#8221;align_center&#8221; gutter_size=&#8221;3&#8243; override_padding=&#8221;yes&#8221; column_padding=&#8221;3&#8243; style=&#8221;light&#8221; overlay_alpha=&#8221;50&#8243; shift_x=&#8221;0&#8243; shift_y=&#8221;0&#8243; shift_y_down=&#8221;0&#8243; z_index=&#8221;0&#8243; medium_width=&#8221;0&#8243; mobile_width=&#8221;0&#8243; width=&#8221;1\/1&#8243;][vc_column_text]In the Lake Tuusula area, there are many artist homes open to the public and, in addition to this, plenty of museums for many tastes. And all this on the shores of Lake Tuusula, only 8 km long, only 30 km north of Helsinki. So a good reason to stay the night and explore the area better![\/vc_column_text][\/vc_column][\/vc_row][vc_row row_height_percent=&#8221;0&#8243; override_padding=&#8221;yes&#8221; h_padding=&#8221;0&#8243; top_padding=&#8221;2&#8243; bottom_padding=&#8221;0&#8243; overlay_alpha=&#8221;50&#8243; gutter_size=&#8221;3&#8243; column_width_percent=&#8221;100&#8243; shift_y=&#8221;0&#8243; z_index=&#8221;0&#8243;][vc_column column_width_percent=&#8221;100&#8243; align_horizontal=&#8221;align_center&#8221; gutter_size=&#8221;3&#8243; override_padding=&#8221;yes&#8221; column_padding=&#8221;0&#8243; overlay_alpha=&#8221;50&#8243; shift_x=&#8221;0&#8243; shift_y=&#8221;0&#8243; shift_y_down=&#8221;0&#8243; z_index=&#8221;0&#8243; medium_width=&#8221;0&#8243; mobile_width=&#8221;0&#8243; width=&#8221;1\/2&#8243;][vc_single_image media=&#8221;252&#8243; media_width_percent=&#8221;100&#8243; media_ratio=&#8221;sixteen-nine&#8221; alignment=&#8221;center&#8221; media_link=&#8221;url:http%3A%2F%2Fwww.visittuusulanjarvi.fi%2Fen%2Faccommodation%2F|title:Majoitus||&#8221;][vc_custom_heading heading_semantic=&#8221;h3&#8243; text_size=&#8221;h4&#8243;]<a href=\"http:\/\/www.visittuusulanjarvi.fi\/en\/accommodation\/\">Accommodation at Lake Tuusula<\/a>[\/vc_custom_heading][vc_column_text]Accommodation options, all with modern facilities and most have direct access to the cultural history of the area.[\/vc_column_text][vc_button button_color=&#8221;accent&#8221; radius=&#8221;btn-square&#8221; outline=&#8221;yes&#8221; border_width=&#8221;5&#8243; link=&#8221;url:http%3A%2F%2Fwww.visittuusulanjarvi.fi%2Fen%2Faccommodation%2F|title:Accommodation||&#8221;]Check out[\/vc_button][\/vc_column][vc_column column_width_percent=&#8221;100&#8243; align_horizontal=&#8221;align_center&#8221; gutter_size=&#8221;3&#8243; overlay_alpha=&#8221;50&#8243; shift_x=&#8221;0&#8243; shift_y=&#8221;0&#8243; shift_y_down=&#8221;0&#8243; z_index=&#8221;0&#8243; medium_width=&#8221;0&#8243; mobile_width=&#8221;0&#8243; width=&#8221;1\/2&#8243;][vc_single_image media=&#8221;630&#8243; media_width_percent=&#8221;100&#8243; media_ratio=&#8221;sixteen-nine&#8221; alignment=&#8221;center&#8221; media_link=&#8221;url:http%3A%2F%2Fwww.visittuusulanjarvi.fi%2Fen%2Feat-and-drink%2F|title:Sy%C3%B6%20ja%20juo||&#8221;][vc_custom_heading heading_semantic=&#8221;h3&#8243; text_size=&#8221;h4&#8243;]<a href=\"http:\/\/www.visittuusulanjarvi.fi\/en\/eat-and-drink\/\">Restaurants and caf\u00e9s<\/a>[\/vc_custom_heading][vc_column_text]Would you like a symphony of flavours from the \u00e1 la Carte menu, summer delicacies on the terrace or a freshly baked cinnamon roll with coffee?[\/vc_column_text][vc_button button_color=&#8221;accent&#8221; radius=&#8221;btn-square&#8221; outline=&#8221;yes&#8221; border_width=&#8221;5&#8243; link=&#8221;url:http%3A%2F%2Fwww.visittuusulanjarvi.fi%2Fen%2Feat-and-drink%2F|title:Eat%20and%20drink||&#8221;]Check out[\/vc_button][\/vc_column][\/vc_row]<\/p>\n<\/div>","protected":false},"excerpt":{"rendered":"<p>[vc_row row_height_percent=&#8221;43&#8243; back_image=&#8221;359&#8243; overlay_color=&#8221;color-jevc&#8221; overlay_alpha=&#8221;15&#8243; gutter_size=&#8221;3&#8243; column_width_percent=&#8221;100&#8243; shift_y=&#8221;0&#8243; z_index=&#8221;0&#8243;][vc_column column_width_percent=&#8221;100&#8243; position_vertical=&#8221;middle&#8221; align_horizontal=&#8221;align_center&#8221; gutter_size=&#8221;3&#8243; style=&#8221;dark&#8221; overlay_alpha=&#8221;50&#8243; shift_x=&#8221;0&#8243; shift_y=&#8221;0&#8243; shift_y_down=&#8221;0&#8243; z_index=&#8221;0&#8243; medium_width=&#8221;0&#8243; [&hellip;]<\/p>\n","protected":false},"author":6,"featured_media":1019,"parent":1568,"menu_order":0,"comment_status":"closed","ping_status":"closed","template":"","meta":{"om_disable_all_campaigns":false,"_monsterinsights_skip_tracking":false,"_monsterinsights_sitenote_active":false,"_monsterinsights_sitenote_note":"","_monsterinsights_sitenote_category":0,"_uf_show_specific_survey":0,"_uf_disable_surveys":false,"footnotes":""},"class_list":["post-1799","page","type-page","status-publish","has-post-thumbnail","hentry"],"aioseo_notices":[],"_links":{"self":[{"href":"https:\/\/www.visittuusulanjarvi.fi\/en\/wp-json\/wp\/v2\/pages\/1799","targetHints":{"allow":["GET"]}}],"collection":[{"href":"https:\/\/www.visittuusulanjarvi.fi\/en\/wp-json\/wp\/v2\/pages"}],"about":[{"href":"https:\/\/www.visittuusulanjarvi.fi\/en\/wp-json\/wp\/v2\/types\/page"}],"author":[{"embeddable":true,"href":"https:\/\/www.visittuusulanjarvi.fi\/en\/wp-json\/wp\/v2\/users\/6"}],"replies":[{"embeddable":true,"href":"https:\/\/www.visittuusulanjarvi.fi\/en\/wp-json\/wp\/v2\/comments?post=1799"}],"version-history":[{"count":9,"href":"https:\/\/www.visittuusulanjarvi.fi\/en\/wp-json\/wp\/v2\/pages\/1799\/revisions"}],"predecessor-version":[{"id":3243,"href":"https:\/\/www.visittuusulanjarvi.fi\/en\/wp-json\/wp\/v2\/pages\/1799\/revisions\/3243"}],"up":[{"embeddable":true,"href":"https:\/\/www.visittuusulanjarvi.fi\/en\/wp-json\/wp\/v2\/pages\/1568"}],"wp:featuredmedia":[{"embeddable":true,"href":"https:\/\/www.visittuusulanjarvi.fi\/en\/wp-json\/wp\/v2\/media\/1019"}],"wp:attachment":[{"href":"https:\/\/www.visittuusulanjarvi.fi\/en\/wp-json\/wp\/v2\/media?parent=1799"}],"curies":[{"name":"wp","href":"https:\/\/api.w.org\/{rel}","templated":true}]}}