{"id":1727,"date":"2020-06-16T06:19:22","date_gmt":"2020-06-16T06:19:22","guid":{"rendered":"http:\/\/www.visittuusulanjarvi.fi\/tapahtumat\/nayttelyt-2020\/halosenniemi\/"},"modified":"2023-06-05T09:33:52","modified_gmt":"2023-06-05T06:33:52","slug":"halosenniemi","status":"publish","type":"page","link":"https:\/\/www.visittuusulanjarvi.fi\/en\/events\/halosenniemi\/","title":{"rendered":"Halosenniemi"},"content":{"rendered":"<div class=\"wpb-content-wrapper\"><p>[vc_row row_height_percent=&#8221;43&#8243; back_image=&#8221;1184&#8243; overlay_alpha=&#8221;50&#8243; gutter_size=&#8221;3&#8243; column_width_percent=&#8221;100&#8243; shift_y=&#8221;0&#8243; z_index=&#8221;0&#8243;][vc_column column_width_percent=&#8221;100&#8243; position_vertical=&#8221;middle&#8221; align_horizontal=&#8221;align_center&#8221; gutter_size=&#8221;3&#8243; style=&#8221;dark&#8221; overlay_alpha=&#8221;50&#8243; shift_x=&#8221;0&#8243; shift_y=&#8221;0&#8243; shift_y_down=&#8221;0&#8243; z_index=&#8221;0&#8243; medium_width=&#8221;0&#8243; mobile_width=&#8221;0&#8243; width=&#8221;1\/1&#8243;][vc_custom_heading text_size=&#8221;fontsize-155944&#8243; text_transform=&#8221;uppercase&#8221;]Halosenniemi[\/vc_custom_heading][\/vc_column][\/vc_row][vc_row unlock_row_content=&#8221;yes&#8221; row_height_percent=&#8221;0&#8243; override_padding=&#8221;yes&#8221; h_padding=&#8221;0&#8243; top_padding=&#8221;2&#8243; bottom_padding=&#8221;0&#8243; overlay_alpha=&#8221;80&#8243; equal_height=&#8221;yes&#8221; gutter_size=&#8221;4&#8243; column_width_percent=&#8221;100&#8243; shift_y=&#8221;0&#8243; z_index=&#8221;0&#8243; row_name=&#8221;intro&#8221;][vc_column column_width_percent=&#8221;100&#8243; align_horizontal=&#8221;align_center&#8221; gutter_size=&#8221;3&#8243; override_padding=&#8221;yes&#8221; column_padding=&#8221;3&#8243; style=&#8221;light&#8221; overlay_alpha=&#8221;50&#8243; shift_x=&#8221;0&#8243; shift_y=&#8221;0&#8243; shift_y_down=&#8221;0&#8243; z_index=&#8221;0&#8243; medium_width=&#8221;0&#8243; mobile_width=&#8221;0&#8243; width=&#8221;1\/1&#8243;][vc_custom_heading heading_semantic=&#8221;h6&#8243; text_size=&#8221;fontsize-160000&#8243; text_transform=&#8221;uppercase&#8221; text_space=&#8221;fontspace-135905&#8243;]Events[\/vc_custom_heading][vc_custom_heading heading_semantic=&#8221;h3&#8243; text_size=&#8221;fontsize-155944&#8243; text_color=&#8221;accent&#8221;]From drawing school to the world &#8211; Albert Gebhard as a guest of Pekka Halonen[\/vc_custom_heading][vc_column_text]Halosenniemi&#8217;s exhibition \u201cFrom the drawing school to the world\u201d presents the works of the artists of the golden age, Pekka Halonen and Albert Gebhard, from collaborative study sessions to drawings and paintings of later years. Gebhard\u2019s works in the exhibition come largely from private collections and have rarely been in public display.<\/p>\n<p>Pekka Halonen (1865\u20131933) made friends with Albert Gebhard (1869\u20131937) in Helsinki at the Finnish Art Association&#8217;s School of Drawing in the early stages of his art studies in the late 1880s. Gebhard was a little younger than Halonen, but more technically advanced, and he helped his friend with many drawing problems.<\/p>\n<p>After attending Finnish Art Association&#8217;s School of Drawing, studies were generally continued abroad, mainly in Paris and Italy. Almost all the notable Finnish artists of the end of the century lived in Paris &#8211; visual artists, writers and composers alike.<\/p>\n<p>Gebhard traveled to Paris in the early 1890s to study at the Acad\u00e9mie Cormon\u00b4. With his inspiring letters, he encouraged Halonen to do the same. Halonen traveled to Paris in the autumn of 1890 and began his studies at the second Academy favored by Finns, the Acad\u00e9mie Julian. Gebhard and Halonen traveled to Italy in late 1896 together. The exhibition features the artists&#8217; Italian works on Florence and Vesuvius in the Gulf of Naples.<\/p>\n<p>Halonen and Gebhard participated in the 1900 Paris World&#8217;s Fair. Both artists belonged to the so-called Young Finland circle. Their paintings strengthened the Finnish national sense and identity. Gebhard&#8217;s paintings depict folk life and the Finnish landscape. The paintings have been depicted with almost folk life precision, and there is an understanding of the rural population in high-quality pictorial personal subjects, as in the work Kehdon \u00e4\u00e4rell\u00e4 (1899). Landscapes depicting Gebhard\u2019s homeland are realistic, such as Kotoinen ranta (1896). Gebhard was one of the most important Finnish artists of the end of the 19th century, although he has remained more unknown to his contemporaries.[\/vc_column_text][vc_single_image media=&#8221;1186&#8243; media_width_percent=&#8221;50&#8243; alignment=&#8221;center&#8221;][vc_column_text]<strong>Painter and portraitist<\/strong><\/p>\n<p>Albert Gebhard was a skilled painter, especially in his field of humorous illustrations and caricatures. In Finland, he is considered one of the key pioneers in the field of drawing. Gebhard co-founded the Suomen Taidepiirt\u00e4j\u00e4liitto (&#8220;Finnish Association of Art Drawers&#8221;) in 1933 (now called Grafia). After the turn of the century, Gebhard became increasingly focused on illustration as well as teaching. Gebhard served as an inspiring teacher and principal at the Art Association\u2019s School of Drawing and taught encouragingly to a young generation of modernists. The drawings were published in several different magazines, from P\u00e4iv\u00e4lehti&#8217;s Nuori Suomi Christmas albums to time-lapse magazines, such as Kurikka and Tuulisp\u00e4\u00e4.<\/p>\n<p>In addition, Gebhard is known as a popular portrait painter. An article about his 60th birthday says he made about 300 portraits of several well-known politicians and cultural figures.<\/p>\n<p>The Halosenniemi exhibition presents strong descriptions of folk life and Finnish landscapes from both artists.<\/p>\n<p>Opening hours 2020:<br \/>\n1.5.-6.9. Mon \u2013 Sun 11 am \u2013 6 pm (closed during the exchange of the exhibition September 7th-11th)<br \/>\nPleas note! Extended opening hours on Thursday during Asuntomessut from 11 am to 7 pm<br \/>\n12.9.-29.11. Tue \u2013 Sun 12 pm \u2013 5 pm<br \/>\nExceptions and clarifications in opening hours 2020<\/p>\n<p>Museum entrance fees:<br \/>\nadults 8 \u20ac \/ pensioners, students 6 \u20ac \/ children (ages 7\u201316) 2 \u20ac and with the Museum Card free admission.<\/p>\n<p>HALOSENNIEMI<br \/>\nTuusulan taidemuseo<br \/>\nRantatie, Tuusula<br \/>\np. 09 8718 3466<br \/>\n<a href=\"https:\/\/www.facebook.com\/Halosenniemi\/\">www.facebook.com\/halosenniemi<\/a><br \/>\n<a href=\"https:\/\/www.instagram.com\/halosenniemi\/\">www.instagram.com\/halosenniemi<\/a><br \/>\n<a href=\"https:\/\/www.halosenniemi.fi\/sivu.tmpl?sivu_id=126\" target=\"_blank\" rel=\"noopener noreferrer\">www.halosenniemi.fi<\/a><\/p>\n<p>Exhibition guides<br \/>\non Sundays at 1 pm in Finnish and at 3 pm in English<\/p>\n<h4>Upcoming exhibitions 2020<\/h4>\n<p>Oma koti kullan kallis<br \/>\n\u2013 maalauksia talonpoikaistuvista taiteilijakoteihin<br \/>\n(&#8220;Home Sweet Home &#8211; paintings from peasantry to artist homes&#8221;)<br \/>\n12.5.\u20136.9.2020<\/p>\n<p>Mets\u00e4n siimeksess\u00e4<br \/>\n(&#8220;At the edge of the forest&#8221;)<br \/>\n15.9.\u201329.11.2020[\/vc_column_text][\/vc_column][\/vc_row]<\/p>\n<\/div>","protected":false},"excerpt":{"rendered":"<p>[vc_row row_height_percent=&#8221;43&#8243; back_image=&#8221;1184&#8243; overlay_alpha=&#8221;50&#8243; gutter_size=&#8221;3&#8243; column_width_percent=&#8221;100&#8243; shift_y=&#8221;0&#8243; z_index=&#8221;0&#8243;][vc_column column_width_percent=&#8221;100&#8243; position_vertical=&#8221;middle&#8221; align_horizontal=&#8221;align_center&#8221; gutter_size=&#8221;3&#8243; style=&#8221;dark&#8221; overlay_alpha=&#8221;50&#8243; shift_x=&#8221;0&#8243; shift_y=&#8221;0&#8243; shift_y_down=&#8221;0&#8243; z_index=&#8221;0&#8243; medium_width=&#8221;0&#8243; mobile_width=&#8221;0&#8243; [&hellip;]<\/p>\n","protected":false},"author":6,"featured_media":1185,"parent":1709,"menu_order":0,"comment_status":"closed","ping_status":"closed","template":"","meta":{"om_disable_all_campaigns":false,"_monsterinsights_skip_tracking":false,"_monsterinsights_sitenote_active":false,"_monsterinsights_sitenote_note":"","_monsterinsights_sitenote_category":0,"_uf_show_specific_survey":0,"_uf_disable_surveys":false,"footnotes":""},"class_list":["post-1727","page","type-page","status-publish","has-post-thumbnail","hentry"],"aioseo_notices":[],"_links":{"self":[{"href":"https:\/\/www.visittuusulanjarvi.fi\/en\/wp-json\/wp\/v2\/pages\/1727","targetHints":{"allow":["GET"]}}],"collection":[{"href":"https:\/\/www.visittuusulanjarvi.fi\/en\/wp-json\/wp\/v2\/pages"}],"about":[{"href":"https:\/\/www.visittuusulanjarvi.fi\/en\/wp-json\/wp\/v2\/types\/page"}],"author":[{"embeddable":true,"href":"https:\/\/www.visittuusulanjarvi.fi\/en\/wp-json\/wp\/v2\/users\/6"}],"replies":[{"embeddable":true,"href":"https:\/\/www.visittuusulanjarvi.fi\/en\/wp-json\/wp\/v2\/comments?post=1727"}],"version-history":[{"count":3,"href":"https:\/\/www.visittuusulanjarvi.fi\/en\/wp-json\/wp\/v2\/pages\/1727\/revisions"}],"predecessor-version":[{"id":1731,"href":"https:\/\/www.visittuusulanjarvi.fi\/en\/wp-json\/wp\/v2\/pages\/1727\/revisions\/1731"}],"up":[{"embeddable":true,"href":"https:\/\/www.visittuusulanjarvi.fi\/en\/wp-json\/wp\/v2\/pages\/1709"}],"wp:featuredmedia":[{"embeddable":true,"href":"https:\/\/www.visittuusulanjarvi.fi\/en\/wp-json\/wp\/v2\/media\/1185"}],"wp:attachment":[{"href":"https:\/\/www.visittuusulanjarvi.fi\/en\/wp-json\/wp\/v2\/media?parent=1727"}],"curies":[{"name":"wp","href":"https:\/\/api.w.org\/{rel}","templated":true}]}}