{"id":1667,"date":"2020-06-13T16:58:56","date_gmt":"2020-06-13T16:58:56","guid":{"rendered":"http:\/\/www.visittuusulanjarvi.fi\/vuosittaiset-tapahtumat\/juhannus\/"},"modified":"2024-06-06T13:20:54","modified_gmt":"2024-06-06T10:20:54","slug":"midsummer-celebrations","status":"publish","type":"page","link":"https:\/\/www.visittuusulanjarvi.fi\/en\/events\/annual-events\/midsummer-celebrations\/","title":{"rendered":"Midsummer celebrations"},"content":{"rendered":"<div class=\"wpb-content-wrapper\"><p>[vc_row row_height_percent=&#8221;43&#8243; back_image=&#8221;768&#8243; overlay_alpha=&#8221;50&#8243; gutter_size=&#8221;3&#8243; column_width_percent=&#8221;100&#8243; shift_y=&#8221;0&#8243; z_index=&#8221;0&#8243;][vc_column column_width_percent=&#8221;100&#8243; position_vertical=&#8221;middle&#8221; align_horizontal=&#8221;align_center&#8221; gutter_size=&#8221;3&#8243; style=&#8221;dark&#8221; overlay_alpha=&#8221;50&#8243; shift_x=&#8221;0&#8243; shift_y=&#8221;0&#8243; shift_y_down=&#8221;0&#8243; z_index=&#8221;0&#8243; medium_width=&#8221;0&#8243; mobile_width=&#8221;0&#8243; width=&#8221;1\/1&#8243;][vc_custom_heading text_size=&#8221;fontsize-155944&#8243; text_transform=&#8221;uppercase&#8221;]Midsummer celebrations[\/vc_custom_heading][\/vc_column][\/vc_row][vc_row unlock_row_content=&#8221;yes&#8221; row_height_percent=&#8221;0&#8243; override_padding=&#8221;yes&#8221; h_padding=&#8221;0&#8243; top_padding=&#8221;2&#8243; bottom_padding=&#8221;0&#8243; overlay_alpha=&#8221;80&#8243; equal_height=&#8221;yes&#8221; gutter_size=&#8221;4&#8243; column_width_percent=&#8221;100&#8243; shift_y=&#8221;0&#8243; z_index=&#8221;0&#8243; row_name=&#8221;intro&#8221;][vc_column column_width_percent=&#8221;100&#8243; align_horizontal=&#8221;align_center&#8221; gutter_size=&#8221;3&#8243; override_padding=&#8221;yes&#8221; column_padding=&#8221;3&#8243; style=&#8221;light&#8221; overlay_alpha=&#8221;50&#8243; shift_x=&#8221;0&#8243; shift_y=&#8221;0&#8243; shift_y_down=&#8221;0&#8243; z_index=&#8221;0&#8243; medium_width=&#8221;0&#8243; mobile_width=&#8221;0&#8243; width=&#8221;1\/1&#8243;][vc_custom_heading heading_semantic=&#8221;h6&#8243; text_size=&#8221;fontsize-160000&#8243; text_transform=&#8221;uppercase&#8221; text_space=&#8221;fontspace-135905&#8243;]Events[\/vc_custom_heading][vc_custom_heading text_color=&#8221;accent&#8221; heading_semantic=&#8221;h3&#8243; text_size=&#8221;fontsize-155944&#8243;]Midsummer at Lake Tuusula[\/vc_custom_heading][vc_column_text uncode_shortcode_id=&#8221;122688&#8243;]Lake Tuusula provides the perfect location to experience Finnish Midsummer celebrations. Bonfires and Midsummer dances belong to the traditional Finnish Midsummer\u2019s Eve (Friday, 21st of June 2024), and we here, at Lake Tuusula, have both! Several bonfires are lit all along the shoreline, and the bands play dance music at several locations. Please note that bonfires are only permitted when the weather conditions are suitable.<\/p>\n<p>All locations can be found from <a href=\"https:\/\/www.visittuusulanjarvi.fi\/en\/map\" target=\"_blank\" rel=\"noopener noreferrer\">the local map<\/a>.<\/p>\n<p>Why not stay the night at a hotel? Enjoy the celebrations until the early hours, and then enjoy a good night\u2019s sleep and wake up to a delicious breakfast. Your midsummer mini-break couldn&#8217;t be easier!<\/p>\n<p>The best ways to get here are either by driving or by taking a local train to J\u00e4rvenp\u00e4\u00e4 or Kerava train stations and continuing your journey with HSL buses. Plan your route with <a href=\"https:\/\/www.hsl.fi\/en\">HSL<\/a>. Alternatively, you may wish to take your bicycle with you on the train and continue with your bike.[\/vc_column_text][\/vc_column][\/vc_row][vc_row row_height_percent=&#8221;0&#8243; override_padding=&#8221;yes&#8221; h_padding=&#8221;2&#8243; top_padding=&#8221;2&#8243; bottom_padding=&#8221;2&#8243; back_color=&#8221;color-gyho&#8221; overlay_alpha=&#8221;50&#8243; gutter_size=&#8221;3&#8243; column_width_percent=&#8221;100&#8243; shift_y=&#8221;0&#8243; z_index=&#8221;0&#8243;][vc_column column_width_percent=&#8221;100&#8243; align_horizontal=&#8221;align_center&#8221; gutter_size=&#8221;3&#8243; style=&#8221;light&#8221; overlay_alpha=&#8221;50&#8243; shift_x=&#8221;0&#8243; shift_y=&#8221;0&#8243; shift_y_down=&#8221;0&#8243; z_index=&#8221;0&#8243; medium_width=&#8221;0&#8243; mobile_width=&#8221;0&#8243; width=&#8221;1\/1&#8243;][vc_single_image media=&#8221;2899&#8243; media_width_percent=&#8221;100&#8243; media_ratio=&#8221;sixteen-nine&#8221;][vc_custom_heading heading_semantic=&#8221;h3&#8243; text_size=&#8221;h1&#8243; uncode_shortcode_id=&#8221;300206&#8243;]Hotel Gustavelund 2024[\/vc_custom_heading][vc_column_text text_lead=&#8221;yes&#8221; uncode_shortcode_id=&#8221;994033&#8243;]Archipelago buffet is available in Restaurant Into between 11.00 and 18.00.<\/p>\n<p>Pritsi lakeside terrace is open from 11.00 to 23.00 and bands will play at 19.00, 20.00, 20.45, 22.15 and 23.45. BBQ festival food available from 18.00 onwards.<\/p>\n<p>Bonfire on the shoreline at 22.00 if no wildfire warnings are given by authorities.<\/p>\n<p>Sightseeing cruise boats M\/S Aino and Venny are making short cruises every half an hour from 12.00 to 23.00. Tickets: adults 20\u20ac per person, children 15\u20ac.<\/p>\n<p>You can also rent sup boards, rowing boats and kayaks.<br \/>\nMore information please phone <a href=\"tel:0405821061\" data-global=\"phone\" data-track-event=\"click\" data-track-action=\"phone_link\">040 5821061 \/ Matti<\/a>\u00a0or <a href=\"tel:0400425218\" data-global=\"phone\" data-track-event=\"click\" data-track-action=\"phone_link\">0400 425218 \/ Juha<\/a><\/p>\n<p>Sports Car Club of Helsinki will arrange sports car Midsummer drive. The drivers will gather to Gustavelund from 16.30 onwards, will leave for the drive at 17.30 and will return right after 20.00.<\/p>\n<p>For more information: Hotel Gustavelund,<a href=\"https:\/\/maps.app.goo.gl\/CM6mN25Apr1AXjZCA\" target=\"_blank\" rel=\"noopener\"> Kirkkotie 36, 04310 Tuusula<\/a>,\u00a0 <a href=\"https:\/\/www.gustavelund.fi\/en\" target=\"_blank\" rel=\"noopener noreferrer\">www.gustavelund.fi<br \/>\n<\/a>Accomodation: Reservations by phone +358 9 273 751 or by email: reception (at) gustavelund.fi[\/vc_column_text][\/vc_column][\/vc_row][vc_row][vc_column width=&#8221;1\/1&#8243;][vc_empty_space empty_h=&#8221;1&#8243;][\/vc_column][\/vc_row][vc_row row_height_percent=&#8221;0&#8243; override_padding=&#8221;yes&#8221; h_padding=&#8221;2&#8243; top_padding=&#8221;2&#8243; bottom_padding=&#8221;2&#8243; back_color=&#8221;color-gyho&#8221; overlay_alpha=&#8221;50&#8243; gutter_size=&#8221;3&#8243; column_width_percent=&#8221;100&#8243; shift_y=&#8221;0&#8243; z_index=&#8221;0&#8243;][vc_column column_width_percent=&#8221;100&#8243; align_horizontal=&#8221;align_center&#8221; gutter_size=&#8221;3&#8243; style=&#8221;light&#8221; overlay_alpha=&#8221;50&#8243; shift_x=&#8221;0&#8243; shift_y=&#8221;0&#8243; shift_y_down=&#8221;0&#8243; z_index=&#8221;0&#8243; medium_width=&#8221;0&#8243; mobile_width=&#8221;0&#8243; width=&#8221;1\/1&#8243;][vc_single_image media=&#8221;2896&#8243; media_width_percent=&#8221;100&#8243; media_ratio=&#8221;sixteen-nine&#8221;][vc_custom_heading heading_semantic=&#8221;h3&#8243; text_size=&#8221;h1&#8243; uncode_shortcode_id=&#8221;149108&#8243;]Krapi area 2024[\/vc_custom_heading][vc_column_text text_lead=&#8221;yes&#8221; uncode_shortcode_id=&#8221;169692&#8243;]Summer restaurant Mankeli is open on Friday 21.6. from 12.00 to 23.00 and on Saturday 22.6. from 14.00 to 20.00. Sunday 23.6. closed.<\/p>\n<p>Live dance music available at Krapi Paja from 20.30 onwards. Tickets 25 \u20ac (pre-booked) and 28,50 \u20ac from the door.<\/p>\n<p>Special Midsummer accommodation packages (with entry to special smoke sauna) are available. Please contact <a href=\"mailto:myynti@krapi.fi\">myynti@krapi.fi<\/a> or +358 9 274 841.[\/vc_column_text][\/vc_column][\/vc_row][vc_row row_height_percent=&#8221;0&#8243; override_padding=&#8221;yes&#8221; h_padding=&#8221;2&#8243; top_padding=&#8221;2&#8243; bottom_padding=&#8221;2&#8243; back_color=&#8221;color-gyho&#8221; overlay_alpha=&#8221;50&#8243; gutter_size=&#8221;3&#8243; column_width_percent=&#8221;100&#8243; shift_y=&#8221;0&#8243; z_index=&#8221;0&#8243;][vc_column column_width_percent=&#8221;100&#8243; align_horizontal=&#8221;align_center&#8221; gutter_size=&#8221;3&#8243; style=&#8221;light&#8221; overlay_alpha=&#8221;50&#8243; shift_x=&#8221;0&#8243; shift_y=&#8221;0&#8243; shift_y_down=&#8221;0&#8243; z_index=&#8221;0&#8243; medium_width=&#8221;0&#8243; mobile_width=&#8221;0&#8243; width=&#8221;1\/1&#8243;][vc_single_image media=&#8221;968&#8243; media_width_percent=&#8221;100&#8243; media_ratio=&#8221;sixteen-nine&#8221;][vc_custom_heading heading_semantic=&#8221;h3&#8243; text_size=&#8221;h1&#8243;]Other things to do[\/vc_custom_heading][vc_column_text text_lead=&#8221;yes&#8221; uncode_shortcode_id=&#8221;181762&#8243;]We will update this section.[\/vc_column_text][\/vc_column][\/vc_row][vc_row unlock_row_content=&#8221;yes&#8221; row_height_percent=&#8221;0&#8243; override_padding=&#8221;yes&#8221; h_padding=&#8221;0&#8243; top_padding=&#8221;2&#8243; bottom_padding=&#8221;0&#8243; overlay_alpha=&#8221;80&#8243; equal_height=&#8221;yes&#8221; gutter_size=&#8221;4&#8243; column_width_percent=&#8221;100&#8243; shift_y=&#8221;0&#8243; z_index=&#8221;0&#8243; row_name=&#8221;intro&#8221;][vc_column column_width_percent=&#8221;100&#8243; gutter_size=&#8221;3&#8243; override_padding=&#8221;yes&#8221; column_padding=&#8221;3&#8243; style=&#8221;light&#8221; overlay_alpha=&#8221;50&#8243; shift_x=&#8221;0&#8243; shift_y=&#8221;0&#8243; shift_y_down=&#8221;0&#8243; z_index=&#8221;0&#8243; medium_width=&#8221;0&#8243; mobile_width=&#8221;0&#8243; width=&#8221;1\/1&#8243;][vc_column_text]<\/p>\n<h4><strong>More accommodation<\/strong><\/h4>\n<p>Visit our <a href=\"https:\/\/www.visittuusulanjarvi.fi\/en\/accommodation\/\">accommodation pages<\/a>.<\/p>\n<h4>How to find us<\/h4>\n<p><strong>Map of the area: <\/strong><a href=\"http:\/\/www.visittuusulanjarvi.fi\/wp-content\/uploads\/2020\/09\/12637-Matkailukartta_2019.pdf\" target=\"_blank\" rel=\"noopener noreferrer\"><strong>The lake Tuusula area map<\/strong><\/a><br \/>\n<strong>How to find us: <a href=\"https:\/\/www.visittuusulanjarvi.fi\/en\/travel-info\">Travel Information<\/a><\/strong><\/p>\n<p><strong>Krapi and Gustavelund<\/strong><br \/>\nBy train to Kerava<br \/>\nLocal trains Helsinki &#8211; Kerava station and HSL buses from Kerava to Krapi\/Gustavelund. Timetables: <em><span style=\"color: #0000ff;\"><a style=\"color: #0000ff;\" href=\"https:\/\/www.hsl.fi\/en\">HSL<\/a><\/span><\/em><br \/>\nTaxi: Kerava taxi\u00a0 + 358 9 1066 4200<br \/>\nTaxis in the area and pre-bookings: L\u00e4hitaksi\u00a0 0100 7300.[\/vc_column_text][\/vc_column][\/vc_row]<\/p>\n<\/div>","protected":false},"excerpt":{"rendered":"<p>[vc_row row_height_percent=&#8221;43&#8243; back_image=&#8221;768&#8243; overlay_alpha=&#8221;50&#8243; gutter_size=&#8221;3&#8243; column_width_percent=&#8221;100&#8243; shift_y=&#8221;0&#8243; z_index=&#8221;0&#8243;][vc_column column_width_percent=&#8221;100&#8243; position_vertical=&#8221;middle&#8221; align_horizontal=&#8221;align_center&#8221; gutter_size=&#8221;3&#8243; style=&#8221;dark&#8221; overlay_alpha=&#8221;50&#8243; shift_x=&#8221;0&#8243; shift_y=&#8221;0&#8243; shift_y_down=&#8221;0&#8243; z_index=&#8221;0&#8243; medium_width=&#8221;0&#8243; mobile_width=&#8221;0&#8243; [&hellip;]<\/p>\n","protected":false},"author":6,"featured_media":1152,"parent":1651,"menu_order":0,"comment_status":"closed","ping_status":"closed","template":"","meta":{"om_disable_all_campaigns":false,"_monsterinsights_skip_tracking":false,"_monsterinsights_sitenote_active":false,"_monsterinsights_sitenote_note":"","_monsterinsights_sitenote_category":0,"_uf_show_specific_survey":0,"_uf_disable_surveys":false,"footnotes":""},"class_list":["post-1667","page","type-page","status-publish","has-post-thumbnail","hentry"],"aioseo_notices":[],"_links":{"self":[{"href":"https:\/\/www.visittuusulanjarvi.fi\/en\/wp-json\/wp\/v2\/pages\/1667","targetHints":{"allow":["GET"]}}],"collection":[{"href":"https:\/\/www.visittuusulanjarvi.fi\/en\/wp-json\/wp\/v2\/pages"}],"about":[{"href":"https:\/\/www.visittuusulanjarvi.fi\/en\/wp-json\/wp\/v2\/types\/page"}],"author":[{"embeddable":true,"href":"https:\/\/www.visittuusulanjarvi.fi\/en\/wp-json\/wp\/v2\/users\/6"}],"replies":[{"embeddable":true,"href":"https:\/\/www.visittuusulanjarvi.fi\/en\/wp-json\/wp\/v2\/comments?post=1667"}],"version-history":[{"count":17,"href":"https:\/\/www.visittuusulanjarvi.fi\/en\/wp-json\/wp\/v2\/pages\/1667\/revisions"}],"predecessor-version":[{"id":6969,"href":"https:\/\/www.visittuusulanjarvi.fi\/en\/wp-json\/wp\/v2\/pages\/1667\/revisions\/6969"}],"up":[{"embeddable":true,"href":"https:\/\/www.visittuusulanjarvi.fi\/en\/wp-json\/wp\/v2\/pages\/1651"}],"wp:featuredmedia":[{"embeddable":true,"href":"https:\/\/www.visittuusulanjarvi.fi\/en\/wp-json\/wp\/v2\/media\/1152"}],"wp:attachment":[{"href":"https:\/\/www.visittuusulanjarvi.fi\/en\/wp-json\/wp\/v2\/media?parent=1667"}],"curies":[{"name":"wp","href":"https:\/\/api.w.org\/{rel}","templated":true}]}}