{"id":1656,"date":"2020-06-13T16:32:21","date_gmt":"2020-06-13T16:32:21","guid":{"rendered":"http:\/\/www.visittuusulanjarvi.fi\/vuosittaiset-tapahtumat\/varinaa-taiteen-viikot-jarvenpaassa\/"},"modified":"2021-04-26T12:43:57","modified_gmt":"2021-04-26T09:43:57","slug":"varinaa-art-weeks-in-jarvenpaa","status":"publish","type":"page","link":"https:\/\/www.visittuusulanjarvi.fi\/en\/events\/annual-events\/varinaa-art-weeks-in-jarvenpaa\/","title":{"rendered":"V\u00e4rin\u00e4\u00e4 &#8211; Art Weeks in J\u00e4rvenp\u00e4\u00e4"},"content":{"rendered":"<div class=\"wpb-content-wrapper\"><p>[vc_row row_height_percent=&#8221;43&#8243; back_image=&#8221;3958&#8243; overlay_alpha=&#8221;50&#8243; gutter_size=&#8221;3&#8243; column_width_percent=&#8221;100&#8243; shift_y=&#8221;0&#8243; z_index=&#8221;0&#8243; shape_dividers=&#8221;&#8221;][vc_column column_width_percent=&#8221;100&#8243; position_vertical=&#8221;middle&#8221; align_horizontal=&#8221;align_center&#8221; gutter_size=&#8221;3&#8243; style=&#8221;dark&#8221; overlay_alpha=&#8221;50&#8243; shift_x=&#8221;0&#8243; shift_y=&#8221;0&#8243; shift_y_down=&#8221;0&#8243; z_index=&#8221;0&#8243; medium_width=&#8221;0&#8243; mobile_width=&#8221;0&#8243; width=&#8221;1\/1&#8243;][\/vc_column][\/vc_row][vc_row unlock_row_content=&#8221;yes&#8221; row_height_percent=&#8221;0&#8243; override_padding=&#8221;yes&#8221; h_padding=&#8221;0&#8243; top_padding=&#8221;2&#8243; bottom_padding=&#8221;0&#8243; overlay_alpha=&#8221;80&#8243; equal_height=&#8221;yes&#8221; gutter_size=&#8221;4&#8243; column_width_percent=&#8221;100&#8243; shift_y=&#8221;0&#8243; z_index=&#8221;0&#8243; row_name=&#8221;intro&#8221;][vc_column column_width_percent=&#8221;100&#8243; align_horizontal=&#8221;align_center&#8221; gutter_size=&#8221;3&#8243; override_padding=&#8221;yes&#8221; column_padding=&#8221;3&#8243; style=&#8221;light&#8221; overlay_alpha=&#8221;50&#8243; shift_x=&#8221;0&#8243; shift_y=&#8221;0&#8243; shift_y_down=&#8221;0&#8243; z_index=&#8221;0&#8243; medium_width=&#8221;0&#8243; mobile_width=&#8221;0&#8243; width=&#8221;1\/1&#8243;][vc_custom_heading heading_semantic=&#8221;h6&#8243; text_size=&#8221;fontsize-160000&#8243; text_transform=&#8221;uppercase&#8221; text_space=&#8221;fontspace-135905&#8243;]Events[\/vc_custom_heading][vc_custom_heading heading_semantic=&#8221;h3&#8243; text_size=&#8221;fontsize-155944&#8243; text_color=&#8221;accent&#8221;]V\u00e4rin\u00e4\u00e4 &#8211; Art Weeks in J\u00e4rvenp\u00e4\u00e4[\/vc_custom_heading][vc_column_text]What&#8217;s V\u00e4rin\u00e4\u00e4?<\/p>\n<p>The city, whose history is particularly full of art, still has a vibrant community of artists. In the form of The city, whose history is particularly full of art, still has a vibrant community of artists. In the form of V\u00e4rin\u00e4\u00e4 Art Weeks, we collaborate creatively &#8211; in a spirit of friendship and love of art. Every year at the start of spring we welcome everyone to Art Weeks!<\/p>\n<p>Behind the V\u00e4rin\u00e4\u00e4 Art Weeks is a diverse group consisting mainly of art and culture professionals living in the J\u00e4rvenp\u00e4\u00e4 and neighboring municipalities. From the beginning, the activities have been based on a few guiding ideas: art weeks are always carried out on a fee-free basis, and there is never an entrance fee for events, except for charity events. The resources of the V\u00e4rin\u00e4\u00e4 artist community are creativity, community, freedom and willingness to experiment, as well as the opportunity to realize dreams and ideas together. Every year, we also co-operate with educational institutions and schools that provide basic art education. The young generation is strongly involved in the activities and produces part of the festival program independently.<\/p>\n<p>Art Weeks have been held every spring since 2003. Over the years, the program has largely accommodated hundreds of concerts, art exhibitions, and other types of collaborative events. As standard, there is at least one V\u00e4rikamari concert every year, which combines chamber music and visual arts. Otherwise, the program has involved a wide and varied range of arts and styles &#8211; dance performances, folk music, chamber opera, poems, evenings &#8211; well-proven concepts, but sometimes also new types of experiments. The goal of everything is to share the joy of art with the audience.<\/p>\n<p>V\u00e4rin\u00e4\u00e4 Ry (registered association) has received the first Art Prize of the City of J\u00e4rvenp\u00e4\u00e4 in 2008, and the J\u00e4rvenp\u00e4\u00e4 home association J\u00e4rvep\u00e4\u00e4-seura has chosen the V\u00e4rin\u00e4\u00e4 association as J\u00e4rvenp\u00e4\u00e4&#8217;s Culture Association of the Year in 2015.<\/p>\n<p><a href=\"https:\/\/www.facebook.com\/varinaafestivaali\/\" target=\"_blank\" rel=\"noopener noreferrer\">V\u00e4rin\u00e4\u00e4 @varinaafestivaali<\/a>[\/vc_column_text][\/vc_column][\/vc_row]<\/p>\n<\/div>","protected":false},"excerpt":{"rendered":"<p>[vc_row row_height_percent=&#8221;43&#8243; back_image=&#8221;3958&#8243; overlay_alpha=&#8221;50&#8243; gutter_size=&#8221;3&#8243; column_width_percent=&#8221;100&#8243; shift_y=&#8221;0&#8243; z_index=&#8221;0&#8243; shape_dividers=&#8221;&#8221;][vc_column column_width_percent=&#8221;100&#8243; position_vertical=&#8221;middle&#8221; align_horizontal=&#8221;align_center&#8221; gutter_size=&#8221;3&#8243; style=&#8221;dark&#8221; overlay_alpha=&#8221;50&#8243; shift_x=&#8221;0&#8243; shift_y=&#8221;0&#8243; shift_y_down=&#8221;0&#8243; z_index=&#8221;0&#8243; medium_width=&#8221;0&#8243; [&hellip;]<\/p>\n","protected":false},"author":6,"featured_media":1135,"parent":1651,"menu_order":0,"comment_status":"closed","ping_status":"closed","template":"","meta":{"om_disable_all_campaigns":false,"_monsterinsights_skip_tracking":false,"_monsterinsights_sitenote_active":false,"_monsterinsights_sitenote_note":"","_monsterinsights_sitenote_category":0,"_uf_show_specific_survey":0,"_uf_disable_surveys":false,"footnotes":""},"class_list":["post-1656","page","type-page","status-publish","has-post-thumbnail","hentry"],"aioseo_notices":[],"_links":{"self":[{"href":"https:\/\/www.visittuusulanjarvi.fi\/en\/wp-json\/wp\/v2\/pages\/1656","targetHints":{"allow":["GET"]}}],"collection":[{"href":"https:\/\/www.visittuusulanjarvi.fi\/en\/wp-json\/wp\/v2\/pages"}],"about":[{"href":"https:\/\/www.visittuusulanjarvi.fi\/en\/wp-json\/wp\/v2\/types\/page"}],"author":[{"embeddable":true,"href":"https:\/\/www.visittuusulanjarvi.fi\/en\/wp-json\/wp\/v2\/users\/6"}],"replies":[{"embeddable":true,"href":"https:\/\/www.visittuusulanjarvi.fi\/en\/wp-json\/wp\/v2\/comments?post=1656"}],"version-history":[{"count":5,"href":"https:\/\/www.visittuusulanjarvi.fi\/en\/wp-json\/wp\/v2\/pages\/1656\/revisions"}],"predecessor-version":[{"id":3961,"href":"https:\/\/www.visittuusulanjarvi.fi\/en\/wp-json\/wp\/v2\/pages\/1656\/revisions\/3961"}],"up":[{"embeddable":true,"href":"https:\/\/www.visittuusulanjarvi.fi\/en\/wp-json\/wp\/v2\/pages\/1651"}],"wp:featuredmedia":[{"embeddable":true,"href":"https:\/\/www.visittuusulanjarvi.fi\/en\/wp-json\/wp\/v2\/media\/1135"}],"wp:attachment":[{"href":"https:\/\/www.visittuusulanjarvi.fi\/en\/wp-json\/wp\/v2\/media?parent=1656"}],"curies":[{"name":"wp","href":"https:\/\/api.w.org\/{rel}","templated":true}]}}