{"id":1628,"date":"2020-06-15T07:07:56","date_gmt":"2020-06-15T07:07:56","guid":{"rendered":"http:\/\/www.visittuusulanjarvi.fi\/nae-ja-koe\/tekemista\/rantasaunoja\/"},"modified":"2024-06-11T12:08:46","modified_gmt":"2024-06-11T09:08:46","slug":"saunas-for-hire","status":"publish","type":"page","link":"https:\/\/www.visittuusulanjarvi.fi\/en\/see-and-do\/things-to-do\/saunas-for-hire\/","title":{"rendered":"Saunas for hire"},"content":{"rendered":"<div class=\"wpb-content-wrapper\"><p>[vc_row row_height_percent=&#8221;43&#8243; back_image=&#8221;5316&#8243; overlay_color=&#8221;color-jevc&#8221; overlay_alpha=&#8221;10&#8243; gutter_size=&#8221;3&#8243; column_width_percent=&#8221;100&#8243; shift_y=&#8221;0&#8243; z_index=&#8221;0&#8243; uncode_shortcode_id=&#8221;166880&#8243; overlay_color_type=&#8221;uncode-palette&#8221;][vc_column column_width_percent=&#8221;100&#8243; position_vertical=&#8221;middle&#8221; align_horizontal=&#8221;align_center&#8221; gutter_size=&#8221;3&#8243; style=&#8221;dark&#8221; overlay_alpha=&#8221;50&#8243; shift_x=&#8221;0&#8243; shift_y=&#8221;0&#8243; shift_y_down=&#8221;0&#8243; z_index=&#8221;0&#8243; medium_width=&#8221;0&#8243; mobile_width=&#8221;0&#8243; width=&#8221;1\/1&#8243;][vc_custom_heading text_size=&#8221;fontsize-155944&#8243; text_transform=&#8221;uppercase&#8221;]Saunas for hire[\/vc_custom_heading][\/vc_column][\/vc_row][vc_row unlock_row_content=&#8221;yes&#8221; row_height_percent=&#8221;0&#8243; override_padding=&#8221;yes&#8221; h_padding=&#8221;0&#8243; top_padding=&#8221;2&#8243; bottom_padding=&#8221;0&#8243; overlay_alpha=&#8221;80&#8243; equal_height=&#8221;yes&#8221; gutter_size=&#8221;4&#8243; column_width_percent=&#8221;100&#8243; shift_y=&#8221;0&#8243; z_index=&#8221;0&#8243; row_name=&#8221;intro&#8221;][vc_column column_width_percent=&#8221;100&#8243; align_horizontal=&#8221;align_center&#8221; gutter_size=&#8221;3&#8243; override_padding=&#8221;yes&#8221; column_padding=&#8221;3&#8243; style=&#8221;light&#8221; overlay_alpha=&#8221;50&#8243; shift_x=&#8221;0&#8243; shift_y=&#8221;0&#8243; shift_y_down=&#8221;0&#8243; z_index=&#8221;0&#8243; medium_width=&#8221;0&#8243; mobile_width=&#8221;0&#8243; width=&#8221;1\/1&#8243;][vc_custom_heading heading_semantic=&#8221;h6&#8243; text_size=&#8221;fontsize-160000&#8243; text_transform=&#8221;uppercase&#8221; text_space=&#8221;fontspace-135905&#8243;]See and do[\/vc_custom_heading][vc_custom_heading text_color=&#8221;accent&#8221; heading_semantic=&#8221;h3&#8243; text_size=&#8221;fontsize-155944&#8243;]Lake-side saunas for hire[\/vc_custom_heading][vc_column_text text_lead=&#8221;yes&#8221;]Finnish lakes are surrounded by traditional wood-heated saunas, and Lake Tuusula is not an exception. We have plenty of saunas, and some of them are also available for hire. As a visitor to our area, we hope you&#8217;ll experience the traditional Finnish way of relaxing &#8211; a nice warm sauna and a dip into a lake![\/vc_column_text][\/vc_column][\/vc_row][vc_row row_height_percent=&#8221;0&#8243; override_padding=&#8221;yes&#8221; h_padding=&#8221;2&#8243; top_padding=&#8221;2&#8243; bottom_padding=&#8221;2&#8243; back_color=&#8221;color-gyho&#8221; overlay_alpha=&#8221;50&#8243; gutter_size=&#8221;3&#8243; column_width_percent=&#8221;100&#8243; shift_y=&#8221;0&#8243; z_index=&#8221;0&#8243;][vc_column column_width_percent=&#8221;100&#8243; align_horizontal=&#8221;align_center&#8221; gutter_size=&#8221;3&#8243; style=&#8221;light&#8221; overlay_alpha=&#8221;50&#8243; shift_x=&#8221;0&#8243; shift_y=&#8221;0&#8243; shift_y_down=&#8221;0&#8243; z_index=&#8221;0&#8243; medium_width=&#8221;0&#8243; mobile_width=&#8221;0&#8243; width=&#8221;1\/1&#8243;][vc_single_image media=&#8221;915&#8243; media_width_percent=&#8221;100&#8243; media_ratio=&#8221;sixteen-nine&#8221;][vc_custom_heading heading_semantic=&#8221;h3&#8243; text_size=&#8221;h1&#8243; uncode_shortcode_id=&#8221;103091&#8243;]Krapi&#8217;s lakeside saunas[\/vc_custom_heading][vc_column_text text_lead=&#8221;yes&#8221; uncode_shortcode_id=&#8221;209860&#8243;]<\/p>\n<p class=\"tplo_QuickSelect\">Krapi has four lakeside saunas for hire.<\/p>\n<p class=\"tplo_QuickSelect\"><em><strong><a href=\"https:\/\/krapi.fi\/en\/kokoontuminen\/rantasaunat-2\/elvila\/\">Elvil\u00e4 sauna<\/a> <\/strong><\/em>was built in the 1930s but it has recently been renovated to its former glory. It&#8217;s wooden terrace is built partly on the lake. Elvil\u00e4 is also suitable for social gatherings for up to 8 people.<strong> Location<\/strong>:<em> <a href=\"https:\/\/maps.app.goo.gl\/quvqagRk4VsKXD4m6\" target=\"_blank\" rel=\"noopener\">Krapin Onnela area<\/a><\/em><\/p>\n<p><em><strong><a href=\"https:\/\/krapi.fi\/en\/kokoontuminen\/rantasaunat-2\/jannen-sauna\/\">Janne&#8217;s sauna<\/a><\/strong><\/em> pays homage to Jean Sibelius. It is traditional wood-heated sauna with running tap-water but no modern shower. Suitable for up to 4 people. <strong>Location<\/strong>: <em><a href=\"https:\/\/maps.app.goo.gl\/quvqagRk4VsKXD4m6\" target=\"_blank\" rel=\"noopener\">Krapin Onnela area<\/a><\/em><\/p>\n<p><em><a href=\"https:\/\/krapi.fi\/en\/kokoontuminen\/rantasaunat-2\/jarvisauna\/\"><strong>J\u00e4rvisauna<\/strong><\/a><\/em> has two separate sauna areas (one for up to 15 people and one for up to 5 people). Covered terrace, two jetties and small lakeside sandy beach. <strong>Location<\/strong>: <em><a href=\"https:\/\/maps.app.goo.gl\/quvqagRk4VsKXD4m6\" target=\"_blank\" rel=\"noopener\">Krapin Onnela area<\/a><\/em><\/p>\n<p class=\"tplo_QuickSelect\">Please read more on Krapi <a href=\"http:\/\/www.krapi.fi\" target=\"_blank\" rel=\"noopener noreferrer\">website<\/a> or phone sales office +358 9 274 841 \/ <a href=\"mailto:myynti@krapi.fi\">myynti@krapi.fi<\/a>.<\/p>\n<p>[\/vc_column_text][\/vc_column][\/vc_row][vc_row row_height_percent=&#8221;0&#8243; override_padding=&#8221;yes&#8221; h_padding=&#8221;2&#8243; top_padding=&#8221;2&#8243; bottom_padding=&#8221;2&#8243; back_color=&#8221;color-gyho&#8221; overlay_alpha=&#8221;50&#8243; gutter_size=&#8221;3&#8243; column_width_percent=&#8221;100&#8243; shift_y=&#8221;0&#8243; z_index=&#8221;0&#8243;][vc_column column_width_percent=&#8221;100&#8243; align_horizontal=&#8221;align_center&#8221; gutter_size=&#8221;3&#8243; style=&#8221;light&#8221; overlay_alpha=&#8221;50&#8243; shift_x=&#8221;0&#8243; shift_y=&#8221;0&#8243; shift_y_down=&#8221;0&#8243; z_index=&#8221;0&#8243; medium_width=&#8221;0&#8243; mobile_width=&#8221;0&#8243; width=&#8221;1\/1&#8243;][vc_single_image media=&#8221;914&#8243; media_width_percent=&#8221;100&#8243; media_ratio=&#8221;sixteen-nine&#8221;][vc_custom_heading heading_semantic=&#8221;h3&#8243; text_size=&#8221;h1&#8243;]Krapi&#8217;s smoke sauna[\/vc_custom_heading][vc_column_text text_lead=&#8221;yes&#8221; uncode_shortcode_id=&#8221;149988&#8243;]Krapi smokesauna is located on the shores of Lake Tuusula. The sauna room itself takes ten bathers at one time. You can have a refreshing dip in the lake from the jetty &#8211; and in the wintertime in the hole in the ice. Smoke sauna is available for groups and in some occasions for public sessions. <strong>Location<\/strong>: <em><a href=\"https:\/\/maps.app.goo.gl\/W8DB1SapR8Ji7VkD9\" target=\"_blank\" rel=\"noopener\">Krapi lakeside<\/a><\/em><\/p>\n<p>Please read more<em><strong> <a href=\"https:\/\/krapi.fi\/en\/kokoontuminen\/rantasaunat-2\/savusauna\/\">here<\/a><\/strong><\/em> or contact <strong><em><a href=\"https:\/\/krapi.fi\/en\/kokoontuminen\/rantasaunat-2\/rantasaunat\/\" target=\"_blank\" rel=\"noopener noreferrer\">Krapi website<\/a><\/em><\/strong> or phone sales office\u00a0+358 9 274 841 \/ <em><strong><a href=\"mailto:myynti@krapi.fi\">myynti@krapi.fi<\/a><\/strong><\/em>[\/vc_column_text][\/vc_column][\/vc_row][vc_row row_height_percent=&#8221;0&#8243; back_color=&#8221;color-gyho&#8221; overlay_alpha=&#8221;50&#8243; gutter_size=&#8221;3&#8243; column_width_percent=&#8221;100&#8243; shift_y=&#8221;0&#8243; z_index=&#8221;0&#8243; uncode_shortcode_id=&#8221;426468&#8243; back_color_type=&#8221;uncode-palette&#8221;][vc_column column_width_percent=&#8221;100&#8243; align_horizontal=&#8221;align_center&#8221; gutter_size=&#8221;3&#8243; overlay_alpha=&#8221;50&#8243; shift_x=&#8221;0&#8243; shift_y=&#8221;0&#8243; shift_y_down=&#8221;0&#8243; z_index=&#8221;0&#8243; medium_width=&#8221;0&#8243; mobile_width=&#8221;0&#8243; width=&#8221;1\/1&#8243;][vc_single_image media=&#8221;5309&#8243; media_width_percent=&#8221;100&#8243; uncode_shortcode_id=&#8221;657465&#8243;][vc_custom_heading heading_semantic=&#8221;h3&#8243; uncode_shortcode_id=&#8221;929560&#8243;]Lammaskallion tila[\/vc_custom_heading][vc_column_text text_lead=&#8221;yes&#8221; uncode_shortcode_id=&#8221;114381&#8243;]Lammaskallio is a lakeside farm located in the north-west side of Lake Tuusula. There is a traditional lake-side sauna for up to 5 persons. In the winter time you may take a dip in the lake through a hole in the ice. You may bring your own food, drinks and towels, but catering and rental towels are also available.<br \/>\nLocation: <em><a href=\"https:\/\/maps.app.goo.gl\/vJKebUjtBBikQvJM8\" target=\"_blank\" rel=\"noopener\">Lammaskallio farm<\/a><\/em><\/p>\n<p>Please contact Lammaskallio by phone +358 40 547 7273, <em><strong><a href=\"mailto:Marjo.paakki@oivalahituote.fi\">Marjo.paakki@oivalahituote.fi<\/a><\/strong><\/em> or book <em><strong><a href=\"https:\/\/www.lammaskalliontila.fi\/fi_FI\/lammaskallion-rantasauna\">online<\/a><\/strong><\/em>.[\/vc_column_text][\/vc_column][\/vc_row][vc_row row_height_percent=&#8221;0&#8243; back_color=&#8221;color-gyho&#8221; overlay_alpha=&#8221;50&#8243; gutter_size=&#8221;3&#8243; column_width_percent=&#8221;100&#8243; shift_y=&#8221;0&#8243; z_index=&#8221;0&#8243; uncode_shortcode_id=&#8221;108709&#8243; back_color_type=&#8221;uncode-palette&#8221;][vc_column width=&#8221;1\/1&#8243;][vc_single_image media=&#8221;5319&#8243; media_width_percent=&#8221;100&#8243; uncode_shortcode_id=&#8221;236163&#8243;][vc_custom_heading heading_semantic=&#8221;h3&#8243; uncode_shortcode_id=&#8221;174054&#8243;]Other saunas[\/vc_custom_heading][vc_column_text text_lead=&#8221;yes&#8221; uncode_shortcode_id=&#8221;539166&#8243;]<a href=\"https:\/\/www.visittuusulanjarvi.fi\/en\/accommodation\/gustavelund\/\"><strong>Hotel Gustavelund<\/strong><\/a> has a separate sauna building by Lake Tuusula. Ky\u00f6stinranta building has two floors &#8211; upstairs is perfect for informal evening get-togethers on the lower floor there is a sauna (suitable for up to 15 bathers), shower room and dressing rooms. Please contact sales office team at +358 9 273 7555 or <em><strong><a href=\"mailto:sales@gustavelund.fi\">sales@gustavelund.fi<\/a><\/strong><\/em>.<br \/>\nLocation: <a href=\"https:\/\/maps.app.goo.gl\/13ykQ1HxcPMTNt2UA\" target=\"_blank\" rel=\"noopener\">Gustavelund lakeside Ky\u00f6stinranta Sauna<\/a><\/p>\n<p><strong>Step-training campus<\/strong> (<a href=\"https:\/\/maps.app.goo.gl\/gxAg2zAVG1rUFAHC8\" target=\"_blank\" rel=\"noopener\"><em>J\u00e4rvenp\u00e4\u00e4ntie 640, 04410 J\u00e4rvenp\u00e4\u00e4<\/em><\/a>) has lakeside sauna for rent.<br \/>\nPlease contact sales office at +358 40 721 9293 or <strong><a href=\"mailto:myynti@step.fi\">myynti@step.fi<\/a><\/strong><\/p>\n<p><strong>Keuda Training<\/strong> (<a href=\"https:\/\/maps.app.goo.gl\/DreENNMUDYNfXFxdA\" target=\"_blank\" rel=\"noopener\"><em>Sibeliuksenv\u00e4yl\u00e4 55,04410 J\u00e4rvenp\u00e4\u00e4<\/em><\/a>) has a lakeside sauna for rent. (Photo on top of the page)<br \/>\nPlease contact +358 40 430 2757 or <strong><a href=\"mailto:rantasauna@keuda.fi\">rantasauna@keuda.fi<\/a>.<\/strong>[\/vc_column_text][\/vc_column][\/vc_row]<\/p>\n<\/div>","protected":false},"excerpt":{"rendered":"<p>[vc_row row_height_percent=&#8221;43&#8243; back_image=&#8221;5316&#8243; overlay_color=&#8221;color-jevc&#8221; overlay_alpha=&#8221;10&#8243; gutter_size=&#8221;3&#8243; column_width_percent=&#8221;100&#8243; shift_y=&#8221;0&#8243; z_index=&#8221;0&#8243; uncode_shortcode_id=&#8221;166880&#8243; overlay_color_type=&#8221;uncode-palette&#8221;][vc_column column_width_percent=&#8221;100&#8243; position_vertical=&#8221;middle&#8221; align_horizontal=&#8221;align_center&#8221; gutter_size=&#8221;3&#8243; style=&#8221;dark&#8221; overlay_alpha=&#8221;50&#8243; shift_x=&#8221;0&#8243; shift_y=&#8221;0&#8243; shift_y_down=&#8221;0&#8243; [&hellip;]<\/p>\n","protected":false},"author":6,"featured_media":1180,"parent":1574,"menu_order":0,"comment_status":"closed","ping_status":"closed","template":"","meta":{"om_disable_all_campaigns":false,"_monsterinsights_skip_tracking":false,"_monsterinsights_sitenote_active":false,"_monsterinsights_sitenote_note":"","_monsterinsights_sitenote_category":0,"_uf_show_specific_survey":0,"_uf_disable_surveys":false,"footnotes":""},"class_list":["post-1628","page","type-page","status-publish","has-post-thumbnail","hentry"],"aioseo_notices":[],"_links":{"self":[{"href":"https:\/\/www.visittuusulanjarvi.fi\/en\/wp-json\/wp\/v2\/pages\/1628","targetHints":{"allow":["GET"]}}],"collection":[{"href":"https:\/\/www.visittuusulanjarvi.fi\/en\/wp-json\/wp\/v2\/pages"}],"about":[{"href":"https:\/\/www.visittuusulanjarvi.fi\/en\/wp-json\/wp\/v2\/types\/page"}],"author":[{"embeddable":true,"href":"https:\/\/www.visittuusulanjarvi.fi\/en\/wp-json\/wp\/v2\/users\/6"}],"replies":[{"embeddable":true,"href":"https:\/\/www.visittuusulanjarvi.fi\/en\/wp-json\/wp\/v2\/comments?post=1628"}],"version-history":[{"count":21,"href":"https:\/\/www.visittuusulanjarvi.fi\/en\/wp-json\/wp\/v2\/pages\/1628\/revisions"}],"predecessor-version":[{"id":7281,"href":"https:\/\/www.visittuusulanjarvi.fi\/en\/wp-json\/wp\/v2\/pages\/1628\/revisions\/7281"}],"up":[{"embeddable":true,"href":"https:\/\/www.visittuusulanjarvi.fi\/en\/wp-json\/wp\/v2\/pages\/1574"}],"wp:featuredmedia":[{"embeddable":true,"href":"https:\/\/www.visittuusulanjarvi.fi\/en\/wp-json\/wp\/v2\/media\/1180"}],"wp:attachment":[{"href":"https:\/\/www.visittuusulanjarvi.fi\/en\/wp-json\/wp\/v2\/media?parent=1628"}],"curies":[{"name":"wp","href":"https:\/\/api.w.org\/{rel}","templated":true}]}}