{"id":1514,"date":"2020-06-30T15:17:03","date_gmt":"2020-06-30T15:17:03","guid":{"rendered":"http:\/\/www.visittuusulanjarvi.fi\/?page_id=1514"},"modified":"2026-03-19T12:57:33","modified_gmt":"2026-03-19T10:57:33","slug":"travel-info","status":"publish","type":"page","link":"https:\/\/www.visittuusulanjarvi.fi\/en\/travel-info\/","title":{"rendered":"Travel info"},"content":{"rendered":"<div class=\"wpb-content-wrapper\"><p>[vc_row row_height_percent=&#8221;43&#8243; back_image=&#8221;9510&#8243; overlay_alpha=&#8221;50&#8243; gutter_size=&#8221;3&#8243; column_width_percent=&#8221;100&#8243; shift_y=&#8221;0&#8243; z_index=&#8221;0&#8243; uncode_shortcode_id=&#8221;556213&#8243; shape_dividers=&#8221;&#8221;][vc_column column_width_percent=&#8221;100&#8243; position_vertical=&#8221;middle&#8221; align_horizontal=&#8221;align_center&#8221; gutter_size=&#8221;3&#8243; style=&#8221;dark&#8221; overlay_alpha=&#8221;50&#8243; shift_x=&#8221;0&#8243; shift_y=&#8221;0&#8243; shift_y_down=&#8221;0&#8243; z_index=&#8221;0&#8243; medium_width=&#8221;0&#8243; mobile_width=&#8221;0&#8243; width=&#8221;1\/1&#8243;][vc_custom_heading text_size=&#8221;fontsize-155944&#8243; text_transform=&#8221;uppercase&#8221;]Travel information[\/vc_custom_heading][\/vc_column][\/vc_row][vc_row unlock_row_content=&#8221;yes&#8221; row_height_percent=&#8221;0&#8243; override_padding=&#8221;yes&#8221; h_padding=&#8221;0&#8243; top_padding=&#8221;2&#8243; bottom_padding=&#8221;0&#8243; overlay_alpha=&#8221;80&#8243; equal_height=&#8221;yes&#8221; gutter_size=&#8221;4&#8243; column_width_percent=&#8221;100&#8243; shift_y=&#8221;0&#8243; z_index=&#8221;0&#8243; row_name=&#8221;intro&#8221;][vc_column column_width_percent=&#8221;100&#8243; align_horizontal=&#8221;align_center&#8221; gutter_size=&#8221;3&#8243; override_padding=&#8221;yes&#8221; column_padding=&#8221;3&#8243; style=&#8221;light&#8221; overlay_alpha=&#8221;50&#8243; shift_x=&#8221;0&#8243; shift_y=&#8221;0&#8243; shift_y_down=&#8221;0&#8243; z_index=&#8221;0&#8243; medium_width=&#8221;0&#8243; mobile_width=&#8221;0&#8243; width=&#8221;1\/1&#8243;][vc_custom_heading heading_semantic=&#8221;h6&#8243; text_size=&#8221;fontsize-160000&#8243; text_transform=&#8221;uppercase&#8221; text_space=&#8221;fontspace-135905&#8243;]Travel info[\/vc_custom_heading][vc_custom_heading text_color=&#8221;accent&#8221; heading_semantic=&#8221;h3&#8243; text_size=&#8221;fontsize-155944&#8243;]How to find us?[\/vc_custom_heading][vc_column_text]Lake Tuusula is located 30 km north from Helsinki and 15 minutes&#8217; ride from Helsinki-Vantaa airport. See <a href=\"https:\/\/goo.gl\/maps\/k4c4RKK572MyXNuF6\" target=\"_blank\" rel=\"noopener noreferrer\">map<\/a>.<\/p>\n<h4>From Helsinki<\/h4>\n<p><strong>By train<\/strong><br \/>\nCommuter trains D and R run to J\u00e4rvenp\u00e4\u00e4 every 30 minutes from Helsinki main railway station. The journey takes 30 minutes. From J\u00e4rvenp\u00e4\u00e4 Station, you can walk, ride a bicycle, or take a local bus to Lake Tuusula (Tuusulanj\u00e4rvi) area. In the summer time, <a href=\"https:\/\/www.visittuusulanjarvi.fi\/en\/see-and-do\/things-to-do\/visit-lake-tuusula-bus\">Visit Lake Tuusula bus<\/a> stops at railway station. The R train also stops in Ainola station, which is within a kilometre from Ainola and Ahola on foot.<\/p>\n<p>Local train tickets to J\u00e4rvenp\u00e4\u00e4 and Ainola (from 6.40 euros \/ single) can be bought using ticket machines, ticket offices, R-Kioski or using mobile apps. More information from <a href=\"https:\/\/www.vr.fi\/cs\/vr\/en\/buy-commuter-train-tickets\" target=\"_blank\" rel=\"noopener noreferrer\">VR commuter train site<\/a>.<\/p>\n<p>Train timetables and more information:<br \/>\n<a href=\"https:\/\/www.vr.fi\/cs\/vr\/en\/jarvenpaa_en\" target=\"_blank\" rel=\"noopener noreferrer\">VR J\u00e4rvenp\u00e4\u00e4 station page<\/a><br \/>\n<a href=\"https:\/\/www.vr.fi\/cs\/vr\/en\/ainola_en\" target=\"_blank\" rel=\"noopener noreferrer\">VR Ainola station page<\/a><\/p>\n<p><strong>By bus \/ coach<\/strong><br \/>\nGet directions using HSL Journey Planner <a href=\"https:\/\/www.hsl.fi\/en\" target=\"_blank\" rel=\"noopener noreferrer\">www.hsl.fi\/en.<\/a> The travel time is about one hour. Ask the driver to alert you at the correct stop: Gustavelund, Krapi, Onnela, Halosenniemi, Ainola, or Ahola.<\/p>\n<p>Buy HSL ticket for Region three zone (single or day ticket) preferably before boarding the bus. More information: <a href=\"https:\/\/www.hsl.fi\/en\/tickets-and-fares\" target=\"_blank\" rel=\"noopener noreferrer\">HSL tickets<\/a><\/p>\n<p><strong>By car<\/strong><br \/>\nDrive along motorway E75, take ramp 10, and turn first toward J\u00e4rvenp\u00e4\u00e4 and then left onto road 145 (Poikkitie), leading toward Tuusula. This takes you to the area of Ainola and Lake Tuusula (Tuusulanj\u00e4rvi).<\/p>\n<p><a href=\"http:\/\/www.vr.fi\/en\" target=\"_blank\" rel=\"noopener noreferrer\">VR Trains<\/a><br \/>\n<a href=\"https:\/\/matkahuolto.fi\/en\/\" target=\"_blank\" rel=\"noopener noreferrer\">Matkahuolto Bus connections<\/a><\/p>\n<h4>From Helsinki-Vantaa Airport<\/h4>\n<p><strong>By public transport<\/strong><br \/>\nTake the P train to the Tikkurila railway station, and continue by taking commuter train R\u00a0 toward Riihim\u00e4ki and get off in J\u00e4rvenp\u00e4\u00e4. There is a train about every half an hour from Tikkurila to J\u00e4rvenp\u00e4\u00e4. The R train also stops at Ainola, which is within 1 km walk of the Museums Ainola and Ahola. The journey time from Airport to J\u00e4rvenp\u00e4\u00e4 or Ainola (via Tikkurila) is 30 minutes.<\/p>\n<p>Local train tickets to J\u00e4rvenp\u00e4\u00e4 and Ainola (from 4.50 euros \/ single) can be bought using ticket machines, ticket offices, R-Kioski or using mobile apps. More information from <a href=\"https:\/\/www.vr.fi\/cs\/vr\/en\/buy-commuter-train-tickets\" target=\"_blank\" rel=\"noopener noreferrer\">VR commuter train site.<\/a><\/p>\n<p><a href=\"https:\/\/www.hsl.fi\/en\" target=\"_blank\" rel=\"noopener noreferrer\">Journey Planner<\/a><br \/>\n<a href=\"https:\/\/www.visittuusulanjarvi.fi\/vr.fi\/en\" target=\"_blank\" rel=\"noopener noreferrer\">VR Trains<\/a><\/p>\n<p><strong>By car<\/strong><br \/>\nFrom the airport exit road, take the Tuusula ramp to Ilmakeh\u00e4 (138) towards east, then turn left onto the Junkersintie, drive till traffic circle and take the highway Tuusulanv\u00e4yl\u00e4 towards Tuusula. From Hyryl\u00e4\/Tuusula drive towards J\u00e4rvenp\u00e4\u00e4 along the J\u00e4rvenp\u00e4\u00e4ntie until you see turning to left &#8220;Rantatie Museotie&#8221; .<\/p>\n<h4>From Tampere \/ H\u00e4meenlinna \/ Riihim\u00e4ki<\/h4>\n<p><strong>By train<\/strong><br \/>\nTake an express train from Tampere or H\u00e4meenlinna (Pendolino, IC) towards Helsinki. Get off in Riihim\u00e4ki and take the R commuter train to J\u00e4rvenp\u00e4\u00e4. The R train also stops at Ainola, from where it is about 1 km walk to the Museums Ainola and Ahola.<\/p>\n<p><a href=\"https:\/\/www.visittuusulanjarvi.fi\/vr.fi\/en\" target=\"_blank\" rel=\"noopener noreferrer\">VR Trains<\/a><\/p>\n<p><strong>By car<\/strong><br \/>\nDrive along the motorway E12 to the south, take the ramp 14 towards Tuusula\/J\u00e4rvenp\u00e4\u00e4. Follow the signs and continue to J\u00e4rvenp\u00e4\u00e4 or Tuusula.<\/p>\n<h4>From Lahti<\/h4>\n<p><strong><br \/>\nBy train<\/strong><br \/>\nTake the commuter train Z to Kerava. Get off and take the R train to J\u00e4rvenp\u00e4\u00e4. Or from Lahti take the commuter train to Riihim\u00e4ki and change then for the R train to J\u00e4rvenp\u00e4\u00e4.<\/p>\n<p><strong>By car<\/strong><br \/>\nDrive along motorway E75 to the south, take the ramp 10 (J\u00e4rvenp\u00e4\u00e4 E) and turn to the right towards J\u00e4rvenp\u00e4\u00e4. If you are heading to Tuusula then turn to the left onto the road 145 (Poikkitie). This takes you to the area of Ainola and the lake Tuusulanj\u00e4rvi.<\/p>\n<p><a href=\"https:\/\/www.visittuusulanjarvi.fi\/vr.fi\/en\" target=\"_blank\" rel=\"noopener noreferrer\">VR Train<\/a><br \/>\n<a href=\"http:\/\/www.matkahuolto.fi\/en\" target=\"_blank\" rel=\"noopener noreferrer\">Matkahuolto bus connections<\/a>[\/vc_column_text][\/vc_column][\/vc_row][vc_row unlock_row_content=&#8221;yes&#8221; row_height_percent=&#8221;55&#8243; override_padding=&#8221;yes&#8221; h_padding=&#8221;0&#8243; top_padding=&#8221;2&#8243; bottom_padding=&#8221;0&#8243; overlay_alpha=&#8221;50&#8243; equal_height=&#8221;yes&#8221; gutter_size=&#8221;0&#8243; column_width_percent=&#8221;100&#8243; shift_y=&#8221;0&#8243; z_index=&#8221;0&#8243; row_name=&#8221;kartta&#8221;][vc_column column_width_percent=&#8221;100&#8243; gutter_size=&#8221;3&#8243; override_padding=&#8221;yes&#8221; column_padding=&#8221;4&#8243; back_color=&#8221;color-wayh&#8221; overlay_alpha=&#8221;3&#8243; shift_x=&#8221;0&#8243; shift_y=&#8221;0&#8243; shift_y_down=&#8221;0&#8243; z_index=&#8221;0&#8243; medium_width=&#8221;0&#8243; mobile_width=&#8221;0&#8243; width=&#8221;1\/2&#8243; mobile_height=&#8221;360&#8243; uncode_shortcode_id=&#8221;920167&#8243; back_color_type=&#8221;uncode-palette&#8221;][vc_gmaps latlon=&#8221;60.477163, 25.088443&#8243; map_color=&#8221;accent&#8221; ui_color=&#8221;accent&#8221; zoom=&#8221;13&#8243; map_saturation=&#8221;-100&#8243; map_brightness=&#8221;0&#8243; mobile_no_drag=&#8221;yes&#8221; uncode_shortcode_id=&#8221;161805&#8243; map_color_type=&#8221;uncode-palette&#8221; ui_color_type=&#8221;uncode-palette&#8221;][\/vc_column][vc_column column_width_use_pixel=&#8221;yes&#8221; position_vertical=&#8221;middle&#8221; gutter_size=&#8221;2&#8243; override_padding=&#8221;yes&#8221; column_padding=&#8221;3&#8243; style=&#8221;dark&#8221; back_color=&#8221;accent&#8221; overlay_alpha=&#8221;50&#8243; shift_x=&#8221;0&#8243; shift_y=&#8221;0&#8243; shift_y_down=&#8221;0&#8243; z_index=&#8221;0&#8243; medium_width=&#8221;0&#8243; mobile_width=&#8221;0&#8243; width=&#8221;1\/2&#8243; column_width_pixel=&#8221;600&#8243;][uncode_list]<\/p>\n<div class=\"zfse_navListWrapper zfse_navLevel1 zfse_navClosed zfse_navNoRole\">\n<ul class=\"zfse_navList zfse_navLevel1 zfse_navClosed zfse_navNoRole\">\n<li class=\"zfse_navItem zfse_navLevel1 zfse_navClosed zfse_navFirst zfse_navEmpty zfse_navUnprotected zfse_navNonRedirect zfse_navNavigable zfse_navLang_fi zfse_navNoRole\"><a href=\"http:\/\/www.visittuusulanjarvi.fi\/en\/matkailuinfo\/sahkoiset-matkailuesitteet\/\"><span class=\"zfse_navItem zfse_navLevel1 zfse_navClosed zfse_navFirst zfse_navEmpty zfse_navUnprotected zfse_navNonRedirect zfse_navNavigable zfse_navLang_fi zfse_navNoRole\"><span class=\"zfse_wrapper\"><span class=\"zfse_content\">Digital travel brochures<\/span><\/span><\/span><\/a><\/li>\n<li class=\"zfse_navItem zfse_navLevel1 zfse_navClosed zfse_navEmpty zfse_navProtected zfse_navNonRedirect zfse_navNavigable zfse_navLang_fi zfse_navRole_signup zfse_navCategory_offpage\"><a href=\"http:\/\/www.visittuusulanjarvi.fi\/en\/matkailuinfo\/uutiskirje\/\"><span class=\"zfse_navItem zfse_navLevel1 zfse_navClosed zfse_navEmpty zfse_navProtected zfse_navNonRedirect zfse_navNavigable zfse_navLang_fi zfse_navRole_signup zfse_navCategory_offpage\"><span class=\"zfse_wrapper\"><span class=\"zfse_content\">Newsletter<\/span><\/span><\/span><\/a><\/li>\n<li class=\"zfse_navItem zfse_navLevel1 zfse_navClosed zfse_navEmpty zfse_navProtected zfse_navNonRedirect zfse_navNavigable zfse_navLang_fi zfse_navNoRole\"><a href=\"http:\/\/www.visittuusulanjarvi.fi\/en\/?page_id=1533\"><span class=\"zfse_navItem zfse_navLevel1 zfse_navClosed zfse_navEmpty zfse_navProtected zfse_navNonRedirect zfse_navNavigable zfse_navLang_fi zfse_navNoRole\"><span class=\"zfse_wrapper\"><span class=\"zfse_content\">News<\/span><\/span><\/span><\/a><\/li>\n<li class=\"zfse_navItem zfse_navLevel1 zfse_navClosed zfse_navEmpty zfse_navProtected zfse_navNonRedirect zfse_navNavigable zfse_navLang_fi zfse_navNoRole\"><a href=\"http:\/\/www.visittuusulanjarvi.fi\/en\/matkailuinfo\/saavutettavuus\/\"><span class=\"zfse_navItem zfse_navLevel1 zfse_navClosed zfse_navEmpty zfse_navProtected zfse_navNonRedirect zfse_navNavigable zfse_navLang_fi zfse_navNoRole\"><span class=\"zfse_wrapper\"><span class=\"zfse_content\">Accessibility<\/span><\/span><\/span><\/a><\/li>\n<li class=\"zfse_navItem zfse_navLevel1 zfse_navClosed zfse_navEmpty zfse_navProtected zfse_navRedirect zfse_navNavigable zfse_navLang_fi zfse_navNoRole\"><a href=\"http:\/\/www.visittuusulanjarvi.fi\/en\/?page_id=1854\"><span class=\"zfse_navItem zfse_navLevel1 zfse_navClosed zfse_navEmpty zfse_navProtected zfse_navRedirect zfse_navNavigable zfse_navLang_fi zfse_navNoRole\"><span class=\"zfse_wrapper\"><span class=\"zfse_content\">Destination map<\/span><\/span><\/span><\/a><\/li>\n<li class=\"zfse_navItem zfse_navLevel1 zfse_navClosed zfse_navEmpty zfse_navProtected zfse_navNonRedirect zfse_navNavigable zfse_navLang_fi zfse_navNoRole\"><a href=\"http:\/\/www.visittuusulanjarvi.fi\/en\/matkailuinfo\/jarvenpaan-rautatieasema\/\"><span class=\"zfse_navItem zfse_navLevel1 zfse_navClosed zfse_navEmpty zfse_navProtected zfse_navNonRedirect zfse_navNavigable zfse_navLang_fi zfse_navNoRole\"><span class=\"zfse_wrapper\"><span class=\"zfse_content\">J\u00e4rvenp\u00e4\u00e4 railway station<\/span><\/span><\/span><\/a><\/li>\n<li class=\"zfse_navItem zfse_navLevel1 zfse_navClosed zfse_navEmpty zfse_navProtected zfse_navNonRedirect zfse_navNavigable zfse_navLang_fi zfse_navNoRole\"><a href=\"http:\/\/www.visittuusulanjarvi.fi\/en\/matkailuinfo\/joukkoliikenneinfo\/\"><span class=\"zfse_navItem zfse_navLevel1 zfse_navClosed zfse_navEmpty zfse_navProtected zfse_navNonRedirect zfse_navNavigable zfse_navLang_fi zfse_navNoRole\"><span class=\"zfse_wrapper\"><span class=\"zfse_content\">Public transportation info<\/span><\/span><\/span><\/a><\/li>\n<li class=\"zfse_navItem zfse_navLevel1 zfse_navClosed zfse_navEmpty zfse_navProtected zfse_navNonRedirect zfse_navNavigable zfse_navLang_fi zfse_navNoRole\"><a href=\"http:\/\/www.visittuusulanjarvi.fi\/matkailuinfo\/tietosuojaseloste\/\"><span class=\"zfse_navItem zfse_navLevel1 zfse_navClosed zfse_navEmpty zfse_navProtected zfse_navNonRedirect zfse_navNavigable zfse_navLang_fi zfse_navNoRole\"><span class=\"zfse_wrapper\"><span class=\"zfse_content\">Privacy Policy (in Finnish)<\/span><\/span><\/span><\/a><\/li>\n<\/ul>\n<\/div>\n<p>[\/uncode_list][\/vc_column][\/vc_row]<\/p>\n<\/div>","protected":false},"excerpt":{"rendered":"<p>[vc_row row_height_percent=&#8221;43&#8243; back_image=&#8221;9510&#8243; overlay_alpha=&#8221;50&#8243; gutter_size=&#8221;3&#8243; column_width_percent=&#8221;100&#8243; shift_y=&#8221;0&#8243; z_index=&#8221;0&#8243; uncode_shortcode_id=&#8221;556213&#8243; shape_dividers=&#8221;&#8221;][vc_column column_width_percent=&#8221;100&#8243; position_vertical=&#8221;middle&#8221; align_horizontal=&#8221;align_center&#8221; gutter_size=&#8221;3&#8243; style=&#8221;dark&#8221; overlay_alpha=&#8221;50&#8243; shift_x=&#8221;0&#8243; shift_y=&#8221;0&#8243; shift_y_down=&#8221;0&#8243; z_index=&#8221;0&#8243; [&hellip;]<\/p>\n","protected":false},"author":6,"featured_media":0,"parent":0,"menu_order":0,"comment_status":"closed","ping_status":"closed","template":"","meta":{"om_disable_all_campaigns":false,"_monsterinsights_skip_tracking":false,"_monsterinsights_sitenote_active":false,"_monsterinsights_sitenote_note":"","_monsterinsights_sitenote_category":0,"_uf_show_specific_survey":0,"_uf_disable_surveys":false,"footnotes":""},"class_list":["post-1514","page","type-page","status-publish","hentry"],"aioseo_notices":[],"_links":{"self":[{"href":"https:\/\/www.visittuusulanjarvi.fi\/en\/wp-json\/wp\/v2\/pages\/1514","targetHints":{"allow":["GET"]}}],"collection":[{"href":"https:\/\/www.visittuusulanjarvi.fi\/en\/wp-json\/wp\/v2\/pages"}],"about":[{"href":"https:\/\/www.visittuusulanjarvi.fi\/en\/wp-json\/wp\/v2\/types\/page"}],"author":[{"embeddable":true,"href":"https:\/\/www.visittuusulanjarvi.fi\/en\/wp-json\/wp\/v2\/users\/6"}],"replies":[{"embeddable":true,"href":"https:\/\/www.visittuusulanjarvi.fi\/en\/wp-json\/wp\/v2\/comments?post=1514"}],"version-history":[{"count":15,"href":"https:\/\/www.visittuusulanjarvi.fi\/en\/wp-json\/wp\/v2\/pages\/1514\/revisions"}],"predecessor-version":[{"id":9512,"href":"https:\/\/www.visittuusulanjarvi.fi\/en\/wp-json\/wp\/v2\/pages\/1514\/revisions\/9512"}],"wp:attachment":[{"href":"https:\/\/www.visittuusulanjarvi.fi\/en\/wp-json\/wp\/v2\/media?parent=1514"}],"curies":[{"name":"wp","href":"https:\/\/api.w.org\/{rel}","templated":true}]}}