{"id":1446,"date":"2020-06-08T07:29:16","date_gmt":"2020-06-08T07:29:16","guid":{"rendered":"http:\/\/www.visittuusulanjarvi.fi\/nae-ja-koe\/kulttuuri-ja-museot\/jarvenpaan-taidemuseo\/"},"modified":"2025-06-17T13:13:07","modified_gmt":"2025-06-17T10:13:07","slug":"jarvenpaa-art-museum","status":"publish","type":"page","link":"https:\/\/www.visittuusulanjarvi.fi\/en\/see-and-do\/culture-and-museums\/jarvenpaa-art-museum\/","title":{"rendered":"J\u00e4rvenp\u00e4\u00e4 Art Museum"},"content":{"rendered":"<div class=\"wpb-content-wrapper\"><p>[vc_row row_height_percent=&#8221;43&#8243; back_image=&#8221;6488&#8243; overlay_alpha=&#8221;50&#8243; gutter_size=&#8221;3&#8243; column_width_percent=&#8221;100&#8243; shift_y=&#8221;0&#8243; z_index=&#8221;0&#8243; uncode_shortcode_id=&#8221;147544&#8243;][vc_column column_width_percent=&#8221;100&#8243; position_vertical=&#8221;middle&#8221; align_horizontal=&#8221;align_center&#8221; gutter_size=&#8221;3&#8243; style=&#8221;dark&#8221; overlay_alpha=&#8221;50&#8243; shift_x=&#8221;0&#8243; shift_y=&#8221;0&#8243; shift_y_down=&#8221;0&#8243; z_index=&#8221;0&#8243; medium_width=&#8221;0&#8243; mobile_width=&#8221;0&#8243; width=&#8221;1\/1&#8243;][vc_custom_heading text_size=&#8221;fontsize-155944&#8243; text_transform=&#8221;uppercase&#8221; uncode_shortcode_id=&#8221;168714&#8243;]J\u00e4rvenp\u00e4\u00e4 Art Museum[\/vc_custom_heading][\/vc_column][\/vc_row][vc_row row_height_percent=&#8221;0&#8243; override_padding=&#8221;yes&#8221; h_padding=&#8221;2&#8243; top_padding=&#8221;2&#8243; bottom_padding=&#8221;2&#8243; back_color=&#8221;color-412226&#8243; overlay_alpha=&#8221;50&#8243; gutter_size=&#8221;3&#8243; column_width_percent=&#8221;100&#8243; shift_y=&#8221;0&#8243; z_index=&#8221;0&#8243;][vc_column column_width_percent=&#8221;100&#8243; gutter_size=&#8221;3&#8243; style=&#8221;dark&#8221; overlay_alpha=&#8221;50&#8243; shift_x=&#8221;0&#8243; shift_y=&#8221;0&#8243; shift_y_down=&#8221;0&#8243; z_index=&#8221;0&#8243; medium_width=&#8221;0&#8243; mobile_width=&#8221;0&#8243; width=&#8221;1\/1&#8243;][vc_column_text text_lead=&#8221;yes&#8221; uncode_shortcode_id=&#8221;157133&#8243;]<strong>Address:<\/strong> <a href=\"https:\/\/maps.app.goo.gl\/HXRuqvf8E2ZbMCZVA\" target=\"_blank\" rel=\"noopener\">Kirjastokatu 8, J\u00e4rvenp\u00e4\u00e4<\/a><br \/>\n<strong>Phone:<\/strong> +358 40 315 3881<br \/>\n<strong>E-mail:<\/strong> <a href=\"mailto:taidemuseo@jarvenpaa.fi\">taidemuseo@jarvenpaa.fi<\/a><br \/>\n<strong>Website:<\/strong> <a href=\"http:\/\/www.jarvenpaantaidemuseo.fi\">www.jarvenpaantaidemuseo.fi<\/a>[\/vc_column_text][\/vc_column][\/vc_row][vc_row unlock_row_content=&#8221;yes&#8221; row_height_percent=&#8221;0&#8243; override_padding=&#8221;yes&#8221; h_padding=&#8221;0&#8243; top_padding=&#8221;2&#8243; bottom_padding=&#8221;0&#8243; overlay_alpha=&#8221;80&#8243; equal_height=&#8221;yes&#8221; gutter_size=&#8221;4&#8243; column_width_percent=&#8221;100&#8243; shift_y=&#8221;0&#8243; z_index=&#8221;0&#8243; row_name=&#8221;intro&#8221;][vc_column column_width_percent=&#8221;100&#8243; align_horizontal=&#8221;align_center&#8221; gutter_size=&#8221;3&#8243; override_padding=&#8221;yes&#8221; column_padding=&#8221;3&#8243; style=&#8221;light&#8221; overlay_alpha=&#8221;50&#8243; shift_x=&#8221;0&#8243; shift_y=&#8221;0&#8243; shift_y_down=&#8221;0&#8243; z_index=&#8221;0&#8243; medium_width=&#8221;0&#8243; mobile_width=&#8221;0&#8243; width=&#8221;1\/1&#8243;][vc_custom_heading heading_semantic=&#8221;h6&#8243; text_size=&#8221;fontsize-160000&#8243; text_transform=&#8221;uppercase&#8221; text_space=&#8221;fontspace-135905&#8243;]See and do[\/vc_custom_heading][vc_custom_heading text_color=&#8221;accent&#8221; heading_semantic=&#8221;h3&#8243; text_size=&#8221;fontsize-155944&#8243; uncode_shortcode_id=&#8221;133629&#8243; text_color_type=&#8221;uncode-palette&#8221;]J\u00e4rvenp\u00e4\u00e4 Art Museum[\/vc_custom_heading][vc_column_text uncode_shortcode_id=&#8221;134262&#8243;]<\/p>\n<div class=\"tdl_tplContactInformationLift tplContactInformationLift tdlTemplate tdlHSet mceVisualTableAid\">\n<div class=\"tdlHWrapSingle tplContactInformationLiftContentWrapper tdlColumnWrapper\">\n<div class=\"tdlHColSingle tdlc_tplContactInformationLiftContent tplContactInformationLiftContent tdlColumn\"><\/div>\n<\/div>\n<\/div>\n<p>Come and enjoy the art at J\u00e4rvenp\u00e4\u00e4 Art Museum. The collection of the museum consists of works by Eero J\u00e4rnefelt and Venny Soldan-Brofeld, who were close neighbours and members of the early 1900\u2019s artists\u2019 community at Lake Tuusula. The collection features colourful landscapes, nature lyricism, depictions of everyday family life as well as highly accomplished portraits. In addition, the museum hosts rotating exhibitions.<\/p>\n<p>J\u00e4rvenp\u00e4\u00e4 Art Museum is located close to J\u00e4rvenp\u00e4\u00e4 Railway Station and it is open year round. Compacked, yet well stocked museum shop sells art related souveniers and gifts.<\/p>\n<div class=\"tdl_tplBlockLift tplBlockLift tdlTemplate tdlHSet mceVisualTableAid\">\n<div class=\"tdlHWrapSingle tplBlockLiftContentWrapper tdlColumnWrapper\">\n<div class=\"tdlHColSingle tdlc_tplBlockLiftContent tplBlockLiftContent tdlColumn\">\n<h3>How to arrive at J\u00e4rvenp\u00e4\u00e4 Art Museum?<\/h3>\n<p>By train: J\u00e4rvenp\u00e4\u00e4 Railway station 2 minute walk, R and D trains from Helsinki and Riihim\u00e4ki.<\/p>\n<h2>Within a short walking distance<\/h2>\n<p>Walking distances from J\u00e4rvenp\u00e4\u00e4 Art Museum to some other interesting attractions:<\/p>\n<p><a href=\"https:\/\/www.visittuusulanjarvi.fi\/en\/see-and-do\/culture-and-museums\/ainola-jean-and-aino-sibelius-home\">Ainola, home of Jean and Aino Sibelius<\/a> 30 minutes<br \/>\n<a href=\"https:\/\/www.visittuusulanjarvi.fi\/en\/see-and-do\/culture-and-museums\/ahola\">Ahola Museum<\/a> 25 minutes<br \/>\n<a href=\"https:\/\/www.visittuusulanjarvi.fi\/nae-ja-koe\/kulttuuri-ja-museot_yleinen\/villa_kokkonen\/\">Villa Kokkonen<\/a> 45 minutes<br \/>\n<a href=\"https:\/\/www.visittuusulanjarvi.fi\/en\/see-and-do\/culture-and-museums\/halosenniemi-museum\">Halosenniemi Museum<\/a> 50 minutes via museum road Rantatie<\/p>\n<\/div>\n<\/div>\n<\/div>\n<p>[\/vc_column_text][\/vc_column][\/vc_row][vc_row unlock_row_content=&#8221;yes&#8221; row_height_percent=&#8221;55&#8243; override_padding=&#8221;yes&#8221; h_padding=&#8221;0&#8243; top_padding=&#8221;2&#8243; bottom_padding=&#8221;0&#8243; overlay_alpha=&#8221;50&#8243; equal_height=&#8221;yes&#8221; gutter_size=&#8221;0&#8243; column_width_percent=&#8221;100&#8243; shift_y=&#8221;0&#8243; z_index=&#8221;0&#8243; row_name=&#8221;kartta&#8221;][vc_column column_width_use_pixel=&#8221;yes&#8221; position_vertical=&#8221;middle&#8221; align_horizontal=&#8221;align_center&#8221; gutter_size=&#8221;2&#8243; override_padding=&#8221;yes&#8221; column_padding=&#8221;3&#8243; style=&#8221;dark&#8221; back_color=&#8221;accent&#8221; overlay_alpha=&#8221;50&#8243; shift_x=&#8221;0&#8243; shift_y=&#8221;0&#8243; shift_y_down=&#8221;0&#8243; z_index=&#8221;0&#8243; medium_width=&#8221;0&#8243; mobile_width=&#8221;0&#8243; width=&#8221;1\/1&#8243; column_width_pixel=&#8221;600&#8243;][vc_custom_heading heading_semantic=&#8221;h3&#8243; uncode_shortcode_id=&#8221;590815&#8243;]Permanent Exhibition[\/vc_custom_heading][vc_column_text uncode_shortcode_id=&#8221;661476&#8243;]<\/p>\n<p data-start=\"39\" data-end=\"188\"><strong>April 23, 2025 \u2013 January 4, 2026 | May 2 \u2013 September 30, 2025 at Ainola<\/strong><br data-start=\"114\" data-end=\"117\" \/><strong>Silence and the Forest \u2013 160 Years Since the Birth of Jean Sibelius<\/strong><\/p>\n<p data-start=\"190\" data-end=\"507\">The forests, silence, and colors of light that resonate in Jean Sibelius\u2019s music are given visual form in the works of Taneli Eskola and Otso Vartiainen. This exhibition combines photographic art and the expression of light to create an immersive tribute to the composer\u2019s experiences in nature and the sensory world.<\/p>\n<p data-start=\"509\" data-end=\"589\" data-is-last-node=\"\" data-is-only-node=\"\">The exhibition is also on display at Ainola, the home of Aino and Jean Sibelius.<\/p>\n<p>In May 2023 J\u00e4rvenp\u00e4\u00e4 Art Museum opened a new permanent exhibition, which displays artworks by artists Eero J\u00e4rnefelt and Venny Soldan-Brofelt. J\u00e4rvenp\u00e4\u00e4 Art Museum has comprehensive art collections, which encompasses art by Lake Tuusula artists\u2019 community members Eero J\u00e4rnefelt (1863\u20131937) and Venny Soldan-Brofelt (1863\u20131945). In 2023 we are celebrating the 160th birthday of both artists.<\/p>\n<p>The exhibition takes visitors to Lake Tuusula, Venny\u2019s and Eero\u2019s artist homes, from seaside to all the way St. Petersburg and Paris. The public was invited to take part to selection process and their favourites are now on display in the exhibition.<\/p>\n<p>The exhibition also pays attention to younger visitors. At the desk request for a basket, which contains activities for children. One can find delightful details in surprising places. Can you find Venny\u2019s studio?[\/vc_column_text][\/vc_column][\/vc_row][vc_row row_height_percent=&#8221;0&#8243; back_color=&#8221;color-lxmt&#8221; overlay_alpha=&#8221;50&#8243; gutter_size=&#8221;3&#8243; column_width_percent=&#8221;100&#8243; shift_y=&#8221;0&#8243; z_index=&#8221;0&#8243; uncode_shortcode_id=&#8221;132580&#8243; back_color_type=&#8221;uncode-palette&#8221;][vc_column width=&#8221;1\/1&#8243;][vc_column_text uncode_shortcode_id=&#8221;121950&#8243;]<\/p>\n<div class=\"tdl_tplContactInformationLift tplContactInformationLift tdlTemplate tdlHSet mceVisualTableAid\">\n<div class=\"tdlHWrapSingle tplContactInformationLiftContentWrapper tdlColumnWrapper\">\n<div class=\"tdlHColSingle tdlc_tplContactInformationLiftContent tplContactInformationLiftContent tdlColumn\">\n<p><strong>Opening hours 2025:<\/strong><\/p>\n<p data-start=\"59\" data-end=\"177\"><strong data-start=\"59\" data-end=\"77\">May\u2013September:<\/strong> Tue\u2013Sun 10 AM\u20135 PM<br data-start=\"96\" data-end=\"99\" \/><strong data-start=\"99\" data-end=\"120\">October\u2013December:<\/strong> Wed\u2013Thu 10 AM\u20135 PM, Fri 10 AM\u20132 PM, Sat\u2013Sun 10 AM\u20135 PM<\/p>\n<p data-start=\"179\" data-end=\"249\" data-is-last-node=\"\" data-is-only-node=\"\">Please check the museum\u2019s website for exceptions to the opening hours!<\/p>\n<p><strong>Closed:\u00a0<\/strong><\/p>\n<p>Check from the website (e.g. public holidays and changing the exhibitions may affect the opening hours)<\/p>\n<p><strong>Entrance fee<br \/>\n<\/strong>Adults 12 \u20ac<br \/>\nPensioners 10 \u20ac<br \/>\nChildren under 18 years free<br \/>\nStudents, unemployed 6 \u20ac<br \/>\nCombined ticket with <a href=\"https:\/\/www.visittuusulanjarvi.fi\/en\/see-and-do\/culture-and-museums\/ahola\">Ahola<\/a>: 12\/10\/6 \u20ac<br \/>\n<a href=\"http:\/\/www.museot.fi\/en.php\" target=\"_blank\" rel=\"noopener noreferrer\">Museum Card<\/a> accepted<br \/>\nMuseum Card 86 \u20ac<br data-start=\"59\" data-end=\"62\" \/>Museum Card renewal 73 \u20ac<\/p>\n<p><strong>Guiding<\/strong><br \/>\nGuidance by appointment 50 \u20ac (up to 20 people) or 100 \u20ac (20+ people) + entrance fees<br \/>\nShort guidance (approx 15 minutes) 25 \u20ac<\/p>\n<p><strong>Service languages:<\/strong>\u00a0Finnish,\u00a0Swedish and\u00a0English<strong><br \/>\n<\/strong><\/p>\n<\/div>\n<\/div>\n<div class=\"tdlClearer\"><\/div>\n<\/div>\n<p>[\/vc_column_text][\/vc_column][\/vc_row]<\/p>\n<\/div>","protected":false},"excerpt":{"rendered":"<p>[vc_row row_height_percent=&#8221;43&#8243; back_image=&#8221;6488&#8243; overlay_alpha=&#8221;50&#8243; gutter_size=&#8221;3&#8243; column_width_percent=&#8221;100&#8243; shift_y=&#8221;0&#8243; z_index=&#8221;0&#8243; uncode_shortcode_id=&#8221;147544&#8243;][vc_column column_width_percent=&#8221;100&#8243; position_vertical=&#8221;middle&#8221; align_horizontal=&#8221;align_center&#8221; gutter_size=&#8221;3&#8243; style=&#8221;dark&#8221; overlay_alpha=&#8221;50&#8243; shift_x=&#8221;0&#8243; shift_y=&#8221;0&#8243; shift_y_down=&#8221;0&#8243; z_index=&#8221;0&#8243; medium_width=&#8221;0&#8243; [&hellip;]<\/p>\n","protected":false},"author":6,"featured_media":1029,"parent":1330,"menu_order":0,"comment_status":"closed","ping_status":"closed","template":"","meta":{"om_disable_all_campaigns":false,"_monsterinsights_skip_tracking":false,"_monsterinsights_sitenote_active":false,"_monsterinsights_sitenote_note":"","_monsterinsights_sitenote_category":0,"_uf_show_specific_survey":0,"_uf_disable_surveys":false,"footnotes":""},"class_list":["post-1446","page","type-page","status-publish","has-post-thumbnail","hentry"],"aioseo_notices":[],"_links":{"self":[{"href":"https:\/\/www.visittuusulanjarvi.fi\/en\/wp-json\/wp\/v2\/pages\/1446","targetHints":{"allow":["GET"]}}],"collection":[{"href":"https:\/\/www.visittuusulanjarvi.fi\/en\/wp-json\/wp\/v2\/pages"}],"about":[{"href":"https:\/\/www.visittuusulanjarvi.fi\/en\/wp-json\/wp\/v2\/types\/page"}],"author":[{"embeddable":true,"href":"https:\/\/www.visittuusulanjarvi.fi\/en\/wp-json\/wp\/v2\/users\/6"}],"replies":[{"embeddable":true,"href":"https:\/\/www.visittuusulanjarvi.fi\/en\/wp-json\/wp\/v2\/comments?post=1446"}],"version-history":[{"count":30,"href":"https:\/\/www.visittuusulanjarvi.fi\/en\/wp-json\/wp\/v2\/pages\/1446\/revisions"}],"predecessor-version":[{"id":8005,"href":"https:\/\/www.visittuusulanjarvi.fi\/en\/wp-json\/wp\/v2\/pages\/1446\/revisions\/8005"}],"up":[{"embeddable":true,"href":"https:\/\/www.visittuusulanjarvi.fi\/en\/wp-json\/wp\/v2\/pages\/1330"}],"wp:featuredmedia":[{"embeddable":true,"href":"https:\/\/www.visittuusulanjarvi.fi\/en\/wp-json\/wp\/v2\/media\/1029"}],"wp:attachment":[{"href":"https:\/\/www.visittuusulanjarvi.fi\/en\/wp-json\/wp\/v2\/media?parent=1446"}],"curies":[{"name":"wp","href":"https:\/\/api.w.org\/{rel}","templated":true}]}}