{"id":1433,"date":"2020-06-08T07:23:51","date_gmt":"2020-06-08T07:23:51","guid":{"rendered":"http:\/\/www.visittuusulanjarvi.fi\/nae-ja-koe\/kulttuuri-ja-museot\/halosenniemi\/"},"modified":"2024-06-05T15:18:58","modified_gmt":"2024-06-05T12:18:58","slug":"halosenniemi-museum","status":"publish","type":"page","link":"https:\/\/www.visittuusulanjarvi.fi\/en\/see-and-do\/culture-and-museums\/halosenniemi-museum\/","title":{"rendered":"Halosenniemi Museum"},"content":{"rendered":"<div class=\"wpb-content-wrapper\"><p>[vc_row row_height_percent=&#8221;43&#8243; back_image=&#8221;3906&#8243; overlay_alpha=&#8221;50&#8243; gutter_size=&#8221;3&#8243; column_width_percent=&#8221;100&#8243; shift_y=&#8221;0&#8243; z_index=&#8221;0&#8243;][vc_column column_width_percent=&#8221;100&#8243; position_vertical=&#8221;middle&#8221; align_horizontal=&#8221;align_center&#8221; gutter_size=&#8221;3&#8243; style=&#8221;dark&#8221; overlay_alpha=&#8221;50&#8243; shift_x=&#8221;0&#8243; shift_y=&#8221;0&#8243; shift_y_down=&#8221;0&#8243; z_index=&#8221;0&#8243; medium_width=&#8221;0&#8243; mobile_width=&#8221;0&#8243; width=&#8221;1\/1&#8243;][vc_custom_heading text_size=&#8221;fontsize-155944&#8243; text_transform=&#8221;uppercase&#8221;]Halosenniemi Museum[\/vc_custom_heading][\/vc_column][\/vc_row][vc_row row_height_percent=&#8221;0&#8243; override_padding=&#8221;yes&#8221; h_padding=&#8221;2&#8243; top_padding=&#8221;2&#8243; bottom_padding=&#8221;2&#8243; back_color=&#8221;color-412226&#8243; overlay_alpha=&#8221;50&#8243; gutter_size=&#8221;3&#8243; column_width_percent=&#8221;100&#8243; shift_y=&#8221;0&#8243; z_index=&#8221;0&#8243;][vc_column column_width_percent=&#8221;100&#8243; gutter_size=&#8221;3&#8243; style=&#8221;dark&#8221; overlay_alpha=&#8221;50&#8243; shift_x=&#8221;0&#8243; shift_y=&#8221;0&#8243; shift_y_down=&#8221;0&#8243; z_index=&#8221;0&#8243; medium_width=&#8221;0&#8243; mobile_width=&#8221;0&#8243; width=&#8221;1\/1&#8243;][vc_column_text text_lead=&#8221;yes&#8221; uncode_shortcode_id=&#8221;169432&#8243;]<strong>Address:<\/strong> <a href=\"https:\/\/maps.app.goo.gl\/7yM18zPpxvMbqsEN8\">Halosenniementie 4-6, Tuusula<\/a><br \/>\n<strong>Phone:<\/strong> +358 40 3143466<br \/>\n<strong>E-mail:<\/strong> <a href=\"mailto:halosenniemi@tuusula.fi\">halosenniemi@tuusula.fi<\/a><br \/>\n<strong>Website:<\/strong> <a href=\"http:\/\/www.halosenniemi.fi\">www.halosenniemi.fi<\/a>[\/vc_column_text][\/vc_column][\/vc_row][vc_row unlock_row_content=&#8221;yes&#8221; row_height_percent=&#8221;0&#8243; override_padding=&#8221;yes&#8221; h_padding=&#8221;0&#8243; top_padding=&#8221;2&#8243; bottom_padding=&#8221;0&#8243; overlay_alpha=&#8221;80&#8243; equal_height=&#8221;yes&#8221; gutter_size=&#8221;4&#8243; column_width_percent=&#8221;100&#8243; shift_y=&#8221;0&#8243; z_index=&#8221;0&#8243; row_name=&#8221;intro&#8221;][vc_column column_width_percent=&#8221;100&#8243; align_horizontal=&#8221;align_center&#8221; gutter_size=&#8221;3&#8243; override_padding=&#8221;yes&#8221; column_padding=&#8221;3&#8243; style=&#8221;light&#8221; overlay_alpha=&#8221;50&#8243; shift_x=&#8221;0&#8243; shift_y=&#8221;0&#8243; shift_y_down=&#8221;0&#8243; z_index=&#8221;0&#8243; medium_width=&#8221;0&#8243; mobile_width=&#8221;0&#8243; width=&#8221;1\/1&#8243;][vc_custom_heading heading_semantic=&#8221;h6&#8243; text_size=&#8221;fontsize-160000&#8243; text_transform=&#8221;uppercase&#8221; text_space=&#8221;fontspace-135905&#8243;]See and do[\/vc_custom_heading][vc_custom_heading text_color=&#8221;accent&#8221; heading_semantic=&#8221;h3&#8243; text_size=&#8221;fontsize-155944&#8243;]Halosenniemi Museum[\/vc_custom_heading][vc_column_text uncode_shortcode_id=&#8221;185653&#8243;]Halosenniemi, wilderness studio of painter Pekka Halonen is situated on the shores of Lake Tuusula. Halosenniemi was built in the Finnish national romantic style and was completed in 1902. Log-built Halosenniemi today functions as an art museum and has been renovated to its original style. The exhibitions, which change a few times a year, feature the works of Halonen and other well-known painters.<\/p>\n<p>Pekka Halonen is known for his depiction of Finnish nature and robust country folk. He studied art in Paris, but lived and worked on the shores of Lake Tuusula for more than three decades. He is best known for his paintings of winter scenery. They were painted outdoors- even in the freezing depths of winter &#8211; near his home, Halosenniemi.<\/p>\n<p>The museum is open year-round, but please note that it is closed on Mondays outside the summer season.<\/p>\n<p><strong>Please note that Halosenniemi is closed (due to the refurbishment) until 31 October 2023!<\/strong><\/p>\n<div class=\"tdl_tplBlockLift tplBlockLift tdlTemplate tdlHSet mceVisualTableAid\">\n<div class=\"tdlHWrapSingle tplBlockLiftContentWrapper tdlColumnWrapper\">\n<div class=\"tdlHColSingle tdlc_tplBlockLiftContent tplBlockLiftContent tdlColumn\">\n<h2>How to arrive at Halosenniemi?<\/h2>\n<p>By bus:\u00a0Get directions using HSL Journey Planner <a href=\"https:\/\/www.hsl.fi\/en\" target=\"_blank\" rel=\"noopener noreferrer\">www.hsl.fi\/en<\/a><br \/>\nBus stop (Halosenniemi) is 650 metres \/ 10 minutes walk from Halosenniemi.<\/p>\n<p class=\"tplo_QuickSelect\">By train:\u00a0Ainola station 55 minute walk, <a href=\"http:\/\/www.vr.fi\" target=\"_blank\" rel=\"noopener noreferrer\">R train<\/a> from Helsinki and Riihim\u00e4ki.<\/p>\n<h2 class=\"tplo_QuickSelect\">Within a short walking distance:<\/h2>\n<p>Within a short walking distance via Museum Road are several other places of interest:<br \/>\n<a href=\"https:\/\/www.visittuusulanjarvi.fi\/en\/see-and-do\/culture-and-museums\/aleksis-kivi-memorial-cottage\">Aleksis Kivi Memorial Cottage<\/a> and <a href=\"https:\/\/www.visittuusulanjarvi.fi\/en\/see-and-do\/culture-and-museums\/artist-s-home-erkkola\">Erkkola<\/a> 20 minutes<br \/>\n<a href=\"https:\/\/www.visittuusulanjarvi.fi\/en\/see-and-do\/culture-and-museums\/ainola-jean-and-aino-sibelius-home\">Jean Sibelius&#8217; home Ainola<\/a> and <a href=\"https:\/\/www.visittuusulanjarvi.fi\/en\/see-and-do\/culture-and-museums\/ahola\">Ahola Museum<\/a> 40 minutes<\/p>\n<\/div>\n<\/div>\n<\/div>\n<p>[\/vc_column_text][\/vc_column][\/vc_row][vc_row unlock_row_content=&#8221;yes&#8221; row_height_percent=&#8221;0&#8243; override_padding=&#8221;yes&#8221; h_padding=&#8221;0&#8243; top_padding=&#8221;0&#8243; bottom_padding=&#8221;0&#8243; overlay_alpha=&#8221;50&#8243; gutter_size=&#8221;3&#8243; column_width_percent=&#8221;100&#8243; shift_y=&#8221;0&#8243; z_index=&#8221;0&#8243;][vc_column width=&#8221;1\/1&#8243;][vc_gallery el_id=&#8221;gallery-163297&#8243; type=&#8221;carousel&#8221; medias=&#8221;388,389,390&#8243; carousel_lg=&#8221;1&#8243; carousel_md=&#8221;1&#8243; carousel_sm=&#8221;1&#8243; thumb_size=&#8221;sixteen-nine&#8221; gutter_size=&#8221;0&#8243; carousel_height=&#8221;equal&#8221; carousel_interval=&#8221;15000&#8243; carousel_navspeed=&#8221;400&#8243; carousel_loop=&#8221;yes&#8221; carousel_nav=&#8221;yes&#8221; stage_padding=&#8221;0&#8243; single_overlay_opacity=&#8221;50&#8243; single_padding=&#8221;2&#8243;][\/vc_column][\/vc_row][vc_row unlock_row_content=&#8221;yes&#8221; row_height_percent=&#8221;55&#8243; override_padding=&#8221;yes&#8221; h_padding=&#8221;0&#8243; top_padding=&#8221;2&#8243; bottom_padding=&#8221;0&#8243; overlay_alpha=&#8221;50&#8243; equal_height=&#8221;yes&#8221; gutter_size=&#8221;0&#8243; column_width_percent=&#8221;100&#8243; shift_y=&#8221;0&#8243; z_index=&#8221;0&#8243; row_name=&#8221;kartta&#8221;][vc_column column_width_use_pixel=&#8221;yes&#8221; position_vertical=&#8221;middle&#8221; align_horizontal=&#8221;align_center&#8221; gutter_size=&#8221;2&#8243; override_padding=&#8221;yes&#8221; column_padding=&#8221;3&#8243; style=&#8221;dark&#8221; back_color=&#8221;accent&#8221; overlay_alpha=&#8221;50&#8243; shift_x=&#8221;0&#8243; shift_y=&#8221;0&#8243; shift_y_down=&#8221;0&#8243; z_index=&#8221;0&#8243; medium_width=&#8221;0&#8243; mobile_width=&#8221;0&#8243; width=&#8221;1\/2&#8243; column_width_pixel=&#8221;600&#8243;][vc_custom_heading heading_semantic=&#8221;h3&#8243; uncode_shortcode_id=&#8221;156412&#8243;]2024 Exhibitions[\/vc_custom_heading][vc_column_text uncode_shortcode_id=&#8221;208230&#8243;]<\/p>\n<div>\n<h2>The Pine Tree Worth Millions\u00a0\u2013\u00a0Landscape paintings by Pekka Halonen and Contemporaries<br \/>\n<strong><em>3rd of May \u2013 15th of\u00a0 September 2024<\/em><\/strong><\/h2>\n<p>Discover Finnish art through the captivating landscapes of Pekka Halonen. From the late 19th century, Halonen&#8217;s art showcased the beauty of Finland with national romantic panoramas and serene winter landscapes. His favorite subject? A picturesque snowy pine tree, often nestled in the heart of a forest or atop a rocky cliff. Dive into the Color Period of Finnish art and explore the works of other renowned artists like Akseli Gallen-Kallela, Eero J\u00e4rnefelt, V\u00e4in\u00f6 Blomstedt, and Helmi Biese alongside Halonen&#8217;s masterpieces at our exhibition.<\/p>\n<h3><em>\u00a0<\/em><\/h3>\n<\/div>\n<div id=\"content-wrap\">\n<div id=\"colContainer\">\n<div id=\"centerCol\">\n<section>\u00a0<\/section>\n<\/div>\n<\/div>\n<\/div>\n<p>[\/vc_column_text][\/vc_column][\/vc_row][vc_row unlock_row_content=&#8221;yes&#8221; row_height_percent=&#8221;0&#8243; override_padding=&#8221;yes&#8221; h_padding=&#8221;0&#8243; top_padding=&#8221;2&#8243; bottom_padding=&#8221;0&#8243; overlay_alpha=&#8221;50&#8243; equal_height=&#8221;yes&#8221; gutter_size=&#8221;0&#8243; column_width_percent=&#8221;100&#8243; shift_y=&#8221;0&#8243; z_index=&#8221;0&#8243; row_name=&#8221;kartta&#8221;][vc_column column_width_percent=&#8221;100&#8243; position_vertical=&#8221;middle&#8221; gutter_size=&#8221;3&#8243; override_padding=&#8221;yes&#8221; column_padding=&#8221;3&#8243; style=&#8221;light&#8221; back_color=&#8221;color-lxmt&#8221; overlay_alpha=&#8221;50&#8243; shift_x=&#8221;0&#8243; shift_y=&#8221;0&#8243; shift_y_down=&#8221;0&#8243; z_index=&#8221;0&#8243; medium_width=&#8221;0&#8243; mobile_width=&#8221;0&#8243; width=&#8221;1\/2&#8243; mobile_height=&#8221;360&#8243;][vc_column_text uncode_shortcode_id=&#8221;200814&#8243;]<strong>Opening hours 2024<\/strong><\/p>\n<p>1.1.\u201321.4. Tue \u2013 Sun 12 \u2013 5 pm<br \/>\n3.5.\u20131.9. Mon \u2013 Sun 10 am \u2013 5 pm<br \/>\n3.9 \u201331.12. Tue \u2013 Sun 12 \u2013 5 pm<\/p>\n<p>Please check the exceptional closing days from the Halosenniemi website<\/p>\n<p><strong>Guiding<\/strong><br \/>\nGuidance by appointment<br \/>\nGuiding fee 40 \u20ac[\/vc_column_text][\/vc_column][vc_column column_width_percent=&#8221;100&#8243; position_vertical=&#8221;middle&#8221; gutter_size=&#8221;3&#8243; override_padding=&#8221;yes&#8221; column_padding=&#8221;3&#8243; back_color=&#8221;color-lxmt&#8221; overlay_alpha=&#8221;50&#8243; shift_x=&#8221;0&#8243; shift_y=&#8221;0&#8243; shift_y_down=&#8221;0&#8243; z_index=&#8221;0&#8243; medium_width=&#8221;0&#8243; mobile_width=&#8221;0&#8243; width=&#8221;1\/2&#8243;][vc_column_text uncode_shortcode_id=&#8221;124459&#8243;]<strong>Entrance fee<\/strong><br \/>\nAdults 10 \u20ac<br \/>\nPensioners, students 8 \u20ac<br \/>\nChildren 0-18 years 0 \u20ac<br \/>\nVeterans, unemployed 0 \u20ac<br \/>\n<a href=\"http:\/\/www.museot.fi\/en.php\" target=\"_blank\" rel=\"noopener noreferrer\">Museum Card<\/a> accepted<\/p>\n<p><strong>Service languages<\/strong> (advance booking required):<br \/>\nFinnish, Swedish,\u00a0English,\u00a0German[\/vc_column_text][\/vc_column][\/vc_row]<\/p>\n<\/div>","protected":false},"excerpt":{"rendered":"<p>[vc_row row_height_percent=&#8221;43&#8243; back_image=&#8221;3906&#8243; overlay_alpha=&#8221;50&#8243; gutter_size=&#8221;3&#8243; column_width_percent=&#8221;100&#8243; shift_y=&#8221;0&#8243; z_index=&#8221;0&#8243;][vc_column column_width_percent=&#8221;100&#8243; position_vertical=&#8221;middle&#8221; align_horizontal=&#8221;align_center&#8221; gutter_size=&#8221;3&#8243; style=&#8221;dark&#8221; overlay_alpha=&#8221;50&#8243; shift_x=&#8221;0&#8243; shift_y=&#8221;0&#8243; shift_y_down=&#8221;0&#8243; z_index=&#8221;0&#8243; medium_width=&#8221;0&#8243; mobile_width=&#8221;0&#8243; [&hellip;]<\/p>\n","protected":false},"author":6,"featured_media":1025,"parent":1330,"menu_order":0,"comment_status":"closed","ping_status":"closed","template":"","meta":{"om_disable_all_campaigns":false,"_monsterinsights_skip_tracking":false,"_monsterinsights_sitenote_active":false,"_monsterinsights_sitenote_note":"","_monsterinsights_sitenote_category":0,"_uf_show_specific_survey":0,"_uf_disable_surveys":false,"footnotes":""},"class_list":["post-1433","page","type-page","status-publish","has-post-thumbnail","hentry"],"aioseo_notices":[],"_links":{"self":[{"href":"https:\/\/www.visittuusulanjarvi.fi\/en\/wp-json\/wp\/v2\/pages\/1433","targetHints":{"allow":["GET"]}}],"collection":[{"href":"https:\/\/www.visittuusulanjarvi.fi\/en\/wp-json\/wp\/v2\/pages"}],"about":[{"href":"https:\/\/www.visittuusulanjarvi.fi\/en\/wp-json\/wp\/v2\/types\/page"}],"author":[{"embeddable":true,"href":"https:\/\/www.visittuusulanjarvi.fi\/en\/wp-json\/wp\/v2\/users\/6"}],"replies":[{"embeddable":true,"href":"https:\/\/www.visittuusulanjarvi.fi\/en\/wp-json\/wp\/v2\/comments?post=1433"}],"version-history":[{"count":29,"href":"https:\/\/www.visittuusulanjarvi.fi\/en\/wp-json\/wp\/v2\/pages\/1433\/revisions"}],"predecessor-version":[{"id":6925,"href":"https:\/\/www.visittuusulanjarvi.fi\/en\/wp-json\/wp\/v2\/pages\/1433\/revisions\/6925"}],"up":[{"embeddable":true,"href":"https:\/\/www.visittuusulanjarvi.fi\/en\/wp-json\/wp\/v2\/pages\/1330"}],"wp:featuredmedia":[{"embeddable":true,"href":"https:\/\/www.visittuusulanjarvi.fi\/en\/wp-json\/wp\/v2\/media\/1025"}],"wp:attachment":[{"href":"https:\/\/www.visittuusulanjarvi.fi\/en\/wp-json\/wp\/v2\/media?parent=1433"}],"curies":[{"name":"wp","href":"https:\/\/api.w.org\/{rel}","templated":true}]}}